{"id":770176,"date":"2025-08-28T14:20:39","date_gmt":"2025-08-28T11:20:39","guid":{"rendered":"https:\/\/roveyayinevi.com.tr\/index.php\/urun\/sevgi-baglari\/"},"modified":"2026-04-15T03:36:34","modified_gmt":"2026-04-15T00:36:34","slug":"sevgi-baglari","status":"publish","type":"product","link":"https:\/\/roveyayinevi.com.tr\/index.php\/urun\/sevgi-baglari\/","title":{"rendered":"Sevgi Ba\u011flar\u0131"},"content":{"rendered":"<p>Kendinizi daha iyi anlamak ister misiniz? Yanl\u0131\u015f anla\u015f\u0131ld\u0131\u011f\u0131n\u0131z\u0131 m\u0131 hissediyorsunuz? Genelde \u00f6fkeli misiniz? \u00dczg\u00fcn? Hayal k\u0131r\u0131kl\u0131\u011f\u0131na u\u011fram\u0131\u015f? Sebebini bilmiyor musunuz?   \u00d6nce kendini tan\u0131may\u0131 \u00f6\u011freten bu rehber kitab\u0131n yolculu\u011fu, be\u015f sevgi diliyle geni\u015fliyor, fark\u0131ndal\u0131kla bir patikaya ula\u015f\u0131p empatiyle sizi yeni ve \u0131\u015f\u0131kl\u0131 bir yola y\u00f6nlendiriyor. Do\u011fru ileti\u015fim kurmak, do\u011fru s\u00f6zc\u00fckleri kullanmak ve elbette dinlemek, bir yandan da kar\u015f\u0131n\u0131zdaki insana g\u00fcven vermek&#8230; Sizi kendi i\u00e7inizde, \u00e7evrenizde, i\u015finiz ve \u00f6zel ili\u015fkilerinizde duygusal olarak ba\u015far\u0131ya g\u00f6t\u00fcrecek psikolojik s\u0131rlar\u0131 a\u00e7\u0131k eden bir yazarla tan\u0131\u015fmaya haz\u0131r olun.   Sevgi Ba\u011flar\u0131, ki\u015fisel geli\u015fim ve i\u015f d\u00fcnyas\u0131na y\u00f6nelik duygusal zek\u00e2 kitaplar\u0131n\u0131n m\u00fckemmel bir birle\u015fimi. Ak\u0131c\u0131 ve keyifli bir dille yaz\u0131lan bu kitap, psikologlar\u0131n \u201cs\u0131rlar\u0131n\u0131\u201d \u00f6\u011frenmek, bunlar\u0131 i\u015f ve \u00f6zel ili\u015fkilerinde kullanmak isteyen herkes i\u00e7in bir rehber niteli\u011finde.   Uzman Psikolog Dr. Kelly, genellikle profesyonel d\u00fcnyaya ait oldu\u011fu d\u00fc\u015f\u00fcn\u00fclen kavramlar\u0131 g\u00fcndelik hayata ta\u015f\u0131rken y\u0131llar boyunca biriktirdi\u011fi deneyimlerden derledi\u011fi bilgilerle de sizi kendi potansiyelinizi ke\u015ffetmeye ve ya\u015fam\u0131n\u0131z\u0131 \u015fekillendiren d\u00fc\u015f\u00fcnce kal\u0131plar\u0131n\u0131 d\u00f6n\u00fc\u015ft\u00fcrmeye y\u00f6nlendiriyor.   Hayat\u0131n\u0131zda daha derin, g\u00fc\u00e7l\u00fc ve anlaml\u0131 ba\u011flar kurmak istiyorsan\u0131z, Sevgi Ba\u011flar\u0131 tam size g\u00f6re. Dr. Kelly\u2019nin samimi anlat\u0131m\u0131yla, de\u011fi\u015fimin ilk ad\u0131m\u0131n\u0131 atmaya hemen ba\u015flayabilirsiniz.   \u201cEmpati ba\u011fa benzer. Yak\u0131nla\u015fmaya benzer. Kendini d\u00fc\u015f\u00fcnmemeye benzer. Dinlemeye benzer. Mevcut ana odaklanmaya benzer, kar\u015f\u0131n\u0131zdaki ki\u015fiyi \u00f6nyarg\u0131s\u0131z g\u00f6rmek gibidir. Bunlara benzer \u00e7\u00fcnk\u00fc bunlar empatinin bile\u015fenleridir.\u201d <\/p>\n","protected":false},"excerpt":{"rendered":"<p>Kendinizi daha iyi anlamak ister misiniz? Yanl\u0131\u015f anla\u015f\u0131ld\u0131\u011f\u0131n\u0131z\u0131 m\u0131 hissediyorsunuz? Genelde \u00f6fkeli misiniz? \u00dczg\u00fcn? Hayal k\u0131r\u0131kl\u0131\u011f\u0131na u\u011fram\u0131\u015f? Sebebini bilmiyor musunuz? \u00d6nce kendini tan\u0131may\u0131 \u00f6\u011freten bu rehber<span class=\"excerpt-hellip\"> [\u2026]<\/span><\/p>\n","protected":false},"featured_media":0,"template":"","meta":{"_monsterinsights_skip_tracking":false,"_monsterinsights_sitenote_active":false,"_monsterinsights_sitenote_note":"","_monsterinsights_sitenote_category":0},"product_brand":[],"product_cat":[12357],"product_tag":[],"class_list":{"0":"post-770176","1":"product","2":"type-product","3":"status-publish","5":"product_cat-psikoloji","6":"pa_cilt-ciltsiz","7":"pa_tur-kitap","8":"pa_yayinevi-nemesis-kitap","9":"pa_yazar-kelly-rabenstein","11":"first","12":"instock","13":"sale","14":"shipping-taxable","15":"purchasable","16":"product-type-simple"},"_links":{"self":[{"href":"https:\/\/roveyayinevi.com.tr\/index.php\/wp-json\/wp\/v2\/product\/770176","targetHints":{"allow":["GET"]}}],"collection":[{"href":"https:\/\/roveyayinevi.com.tr\/index.php\/wp-json\/wp\/v2\/product"}],"about":[{"href":"https:\/\/roveyayinevi.com.tr\/index.php\/wp-json\/wp\/v2\/types\/product"}],"wp:attachment":[{"href":"https:\/\/roveyayinevi.com.tr\/index.php\/wp-json\/wp\/v2\/media?parent=770176"}],"wp:term":[{"taxonomy":"product_brand","embeddable":true,"href":"https:\/\/roveyayinevi.com.tr\/index.php\/wp-json\/wp\/v2\/product_brand?post=770176"},{"taxonomy":"product_cat","embeddable":true,"href":"https:\/\/roveyayinevi.com.tr\/index.php\/wp-json\/wp\/v2\/product_cat?post=770176"},{"taxonomy":"product_tag","embeddable":true,"href":"https:\/\/roveyayinevi.com.tr\/index.php\/wp-json\/wp\/v2\/product_tag?post=770176"}],"curies":[{"name":"wp","href":"https:\/\/api.w.org\/{rel}","templated":true}]}}