{"id":770173,"date":"2025-08-28T14:20:32","date_gmt":"2025-08-28T11:20:32","guid":{"rendered":"https:\/\/roveyayinevi.com.tr\/index.php\/urun\/kucuk-bir-oyuncak-daha\/"},"modified":"2026-04-15T03:36:34","modified_gmt":"2026-04-15T00:36:34","slug":"kucuk-bir-oyuncak-daha","status":"publish","type":"product","link":"https:\/\/roveyayinevi.com.tr\/index.php\/urun\/kucuk-bir-oyuncak-daha\/","title":{"rendered":"K\u00fc\u00e7\u00fck Bir Oyuncak Daha"},"content":{"rendered":"<p>Alina o gu\u0308n uyand\u0131\u011f\u0131nda odas\u0131na s\u00f6yle bir bakt\u0131 ve du\u0308\u015fu\u0308ndu\u0308, \u201cUyku arkada\u015f\u0131 m\u0131 seviyorum. \u00d6yku\u0308 kitaplar\u0131m\u0131 seviyorum. Topumu da seviyorum. Ama ku\u0308\u00e7u\u0308k bir oyunca\u011f\u0131m daha olsa ne kadar da harika olurdu.\u201d Ku\u0308\u00e7u\u0308k bir oyuncak, her seyi harika h\u00e2le getirebilir mi? Sen ne dersin?<\/p>\n","protected":false},"excerpt":{"rendered":"<p>Alina o gu\u0308n uyand\u0131\u011f\u0131nda odas\u0131na s\u00f6yle bir bakt\u0131 ve du\u0308\u015fu\u0308ndu\u0308, \u201cUyku arkada\u015f\u0131 m\u0131 seviyorum. \u00d6yku\u0308 kitaplar\u0131m\u0131 seviyorum. Topumu da seviyorum. Ama ku\u0308\u00e7u\u0308k bir oyunca\u011f\u0131m daha olsa<span class=\"excerpt-hellip\"> [\u2026]<\/span><\/p>\n","protected":false},"featured_media":0,"template":"","meta":{"_monsterinsights_skip_tracking":false,"_monsterinsights_sitenote_active":false,"_monsterinsights_sitenote_note":"","_monsterinsights_sitenote_category":0},"product_brand":[],"product_cat":[12274,12518],"product_tag":[],"class_list":{"0":"post-770173","1":"product","2":"type-product","3":"status-publish","5":"product_cat-cocuk-ve-genclik-kitaplari","6":"product_cat-okul-oncesi-kitaplar","7":"pa_cilt-ciltsiz","8":"pa_tur-kitap","9":"pa_yayinevi-abm-yayinevi","10":"pa_yazar-rodrigo-mattioli","12":"first","13":"instock","14":"sale","15":"shipping-taxable","16":"purchasable","17":"product-type-simple"},"_links":{"self":[{"href":"https:\/\/roveyayinevi.com.tr\/index.php\/wp-json\/wp\/v2\/product\/770173","targetHints":{"allow":["GET"]}}],"collection":[{"href":"https:\/\/roveyayinevi.com.tr\/index.php\/wp-json\/wp\/v2\/product"}],"about":[{"href":"https:\/\/roveyayinevi.com.tr\/index.php\/wp-json\/wp\/v2\/types\/product"}],"wp:attachment":[{"href":"https:\/\/roveyayinevi.com.tr\/index.php\/wp-json\/wp\/v2\/media?parent=770173"}],"wp:term":[{"taxonomy":"product_brand","embeddable":true,"href":"https:\/\/roveyayinevi.com.tr\/index.php\/wp-json\/wp\/v2\/product_brand?post=770173"},{"taxonomy":"product_cat","embeddable":true,"href":"https:\/\/roveyayinevi.com.tr\/index.php\/wp-json\/wp\/v2\/product_cat?post=770173"},{"taxonomy":"product_tag","embeddable":true,"href":"https:\/\/roveyayinevi.com.tr\/index.php\/wp-json\/wp\/v2\/product_tag?post=770173"}],"curies":[{"name":"wp","href":"https:\/\/api.w.org\/{rel}","templated":true}]}}