{"id":770172,"date":"2025-08-28T14:20:30","date_gmt":"2025-08-28T11:20:30","guid":{"rendered":"https:\/\/roveyayinevi.com.tr\/index.php\/urun\/ne-dusunuyorsun-hakli-mi-haksiz-mi\/"},"modified":"2026-04-15T03:36:34","modified_gmt":"2026-04-15T00:36:34","slug":"ne-dusunuyorsun-hakli-mi-haksiz-mi","status":"publish","type":"product","link":"https:\/\/roveyayinevi.com.tr\/index.php\/urun\/ne-dusunuyorsun-hakli-mi-haksiz-mi\/","title":{"rendered":"Ne D\u00fc\u015f\u00fcn\u00fcyorsun? Hakl\u0131 m\u0131? Haks\u0131z m\u0131?"},"content":{"rendered":"<p>FARKLI A\u00c7ILARDAN D\u00dc\u015e\u00dcNEREK FELSEFE YAPMAYA DAVETL\u0130S\u0130N! Her zaman s\u00f6z dinleyen, du\u0308ru\u0308st veya du\u0308zenli mi olmal\u0131s\u0131n? Bu kitap, bir\u00e7ok farkl\u0131 e\u011flenceli hik\u00e2ye u\u0308zerinden, \u00e7e\u015fitli durum ve duygular\u0131 tart\u0131\u015fmaya a\u00e7\u0131yor. Du\u0308ru\u0308stlu\u0308k, du\u0308zen, hakl\u0131l\u0131k, haks\u0131zl\u0131k, s\u00f6z dinlemek&#8230; tu\u0308m bunlar hakk\u0131nda peki sen ne du\u0308\u015fu\u0308nu\u0308yorsun? Du\u0308\u015fu\u0308nme becerilerinin geli\u015fimini destekleyen bu kitapla e\u011flenceli sorgulamalara kat\u0131lmaya ne dersin?<\/p>\n","protected":false},"excerpt":{"rendered":"<p>FARKLI A\u00c7ILARDAN D\u00dc\u015e\u00dcNEREK FELSEFE YAPMAYA DAVETL\u0130S\u0130N! Her zaman s\u00f6z dinleyen, du\u0308ru\u0308st veya du\u0308zenli mi olmal\u0131s\u0131n? Bu kitap, bir\u00e7ok farkl\u0131 e\u011flenceli hik\u00e2ye u\u0308zerinden, \u00e7e\u015fitli durum ve duygular\u0131<span class=\"excerpt-hellip\"> [\u2026]<\/span><\/p>\n","protected":false},"featured_media":0,"template":"","meta":{"_monsterinsights_skip_tracking":false,"_monsterinsights_sitenote_active":false,"_monsterinsights_sitenote_note":"","_monsterinsights_sitenote_category":0},"product_brand":[],"product_cat":[13829,12274],"product_tag":[],"class_list":{"0":"post-770172","1":"product","2":"type-product","3":"status-publish","5":"product_cat-bilimsel-kitaplar","6":"product_cat-cocuk-ve-genclik-kitaplari","7":"pa_cilt-ciltsiz","8":"pa_tur-kitap","9":"pa_yayinevi-abm-yayinevi","10":"pa_yazar-pierre-winters","12":"first","13":"instock","14":"sale","15":"shipping-taxable","16":"purchasable","17":"product-type-simple"},"_links":{"self":[{"href":"https:\/\/roveyayinevi.com.tr\/index.php\/wp-json\/wp\/v2\/product\/770172","targetHints":{"allow":["GET"]}}],"collection":[{"href":"https:\/\/roveyayinevi.com.tr\/index.php\/wp-json\/wp\/v2\/product"}],"about":[{"href":"https:\/\/roveyayinevi.com.tr\/index.php\/wp-json\/wp\/v2\/types\/product"}],"wp:attachment":[{"href":"https:\/\/roveyayinevi.com.tr\/index.php\/wp-json\/wp\/v2\/media?parent=770172"}],"wp:term":[{"taxonomy":"product_brand","embeddable":true,"href":"https:\/\/roveyayinevi.com.tr\/index.php\/wp-json\/wp\/v2\/product_brand?post=770172"},{"taxonomy":"product_cat","embeddable":true,"href":"https:\/\/roveyayinevi.com.tr\/index.php\/wp-json\/wp\/v2\/product_cat?post=770172"},{"taxonomy":"product_tag","embeddable":true,"href":"https:\/\/roveyayinevi.com.tr\/index.php\/wp-json\/wp\/v2\/product_tag?post=770172"}],"curies":[{"name":"wp","href":"https:\/\/api.w.org\/{rel}","templated":true}]}}