{"id":770170,"date":"2025-08-28T14:20:26","date_gmt":"2025-08-28T11:20:26","guid":{"rendered":"https:\/\/roveyayinevi.com.tr\/index.php\/urun\/dunyanin-en-vahsi-hayvani\/"},"modified":"2026-04-15T03:36:34","modified_gmt":"2026-04-15T00:36:34","slug":"dunyanin-en-vahsi-hayvani","status":"publish","type":"product","link":"https:\/\/roveyayinevi.com.tr\/index.php\/urun\/dunyanin-en-vahsi-hayvani\/","title":{"rendered":"D\u00fcnyan\u0131n En Vah\u015fi Hayvan\u0131"},"content":{"rendered":"<p>Frankfurt Hayvanat Bah\u00e7esi\u2019nin Maymunlar Evi\u2019nde bir ayna var. Bakan herkesin kendini g\u00f6rd\u00fc\u011f\u00fc bu aynan\u0131n alt\u0131nda \u015f\u00f6yle yaz\u0131yor: \u201cD\u00fcnyan\u0131n en vah\u015fi hayvan\u0131.\u201d \u0130nsan, yaln\u0131zca hayvanlara kar\u015f\u0131 de\u011fil, kendi t\u00fcr\u00fcne kar\u015f\u0131 da ac\u0131mas\u0131zd\u0131r. Tarihten bilime, edebiyattan psikolojiye uzanan bu kitap; unutulmu\u015f olaylar, deneyler, mitler ve tarihi anekdotlarla aynan\u0131n i\u00e7inden size bakan ki\u015finin derinliklerine iniyor. Ak\u0131ll\u0131 Hans\u2019tan, Zeigarnik etkisine; Strazburg dans vebas\u0131ndan, Schopenhauer\u2019\u0131n sarkac\u0131na; Salieri kompleksinden, Layka\u2019n\u0131n trajik hik\u00e2yesine uzanan bu s\u00fcr\u00fckleyici anlat\u0131, insan do\u011fas\u0131na dair \u00e7arp\u0131c\u0131 ger\u00e7ekleri g\u00f6zler \u00f6n\u00fcne seriyor. Oktan Erdikmen, tarihin tozlu sayfalar\u0131ndaki unutulmu\u015f hik\u00e2yeleri bir araya getirirken, okuru yaln\u0131zca bilgiyle de\u011fil, derin d\u00fc\u015f\u00fcncelerle de ba\u015f ba\u015fa b\u0131rak\u0131yor. Okudu\u011funuzda d\u00fcnyaya farkl\u0131 g\u00f6zlerle bakacak, \u201cAcaba biz ger\u00e7ekten de d\u00fcnyan\u0131n en vah\u015fi hayvan\u0131 m\u0131y\u0131z?\u201d diye soracaks\u0131n\u0131z. Haz\u0131r m\u0131s\u0131n\u0131z? \u00c7\u00fcnk\u00fc bu yolculuk, sadece ba\u015fkalar\u0131na de\u011fil, kendinize de ayna tutacak. <\/p>\n","protected":false},"excerpt":{"rendered":"<p>Frankfurt Hayvanat Bah\u00e7esi\u2019nin Maymunlar Evi\u2019nde bir ayna var. Bakan herkesin kendini g\u00f6rd\u00fc\u011f\u00fc bu aynan\u0131n alt\u0131nda \u015f\u00f6yle yaz\u0131yor: \u201cD\u00fcnyan\u0131n en vah\u015fi hayvan\u0131.\u201d \u0130nsan, yaln\u0131zca hayvanlara kar\u015f\u0131 de\u011fil,<span class=\"excerpt-hellip\"> [\u2026]<\/span><\/p>\n","protected":false},"featured_media":0,"template":"","meta":{"_monsterinsights_skip_tracking":false,"_monsterinsights_sitenote_active":false,"_monsterinsights_sitenote_note":"","_monsterinsights_sitenote_category":0},"product_brand":[],"product_cat":[12777,12291],"product_tag":[],"class_list":{"0":"post-770170","1":"product","2":"type-product","3":"status-publish","5":"product_cat-deneme","6":"product_cat-edebiyat","7":"pa_cilt-ciltsiz","8":"pa_tur-kitap","9":"pa_yayinevi-kirmizi-kedi-yayinevi","10":"pa_yazar-oktan-erdikmen","12":"first","13":"instock","14":"sale","15":"shipping-taxable","16":"purchasable","17":"product-type-simple"},"_links":{"self":[{"href":"https:\/\/roveyayinevi.com.tr\/index.php\/wp-json\/wp\/v2\/product\/770170","targetHints":{"allow":["GET"]}}],"collection":[{"href":"https:\/\/roveyayinevi.com.tr\/index.php\/wp-json\/wp\/v2\/product"}],"about":[{"href":"https:\/\/roveyayinevi.com.tr\/index.php\/wp-json\/wp\/v2\/types\/product"}],"wp:attachment":[{"href":"https:\/\/roveyayinevi.com.tr\/index.php\/wp-json\/wp\/v2\/media?parent=770170"}],"wp:term":[{"taxonomy":"product_brand","embeddable":true,"href":"https:\/\/roveyayinevi.com.tr\/index.php\/wp-json\/wp\/v2\/product_brand?post=770170"},{"taxonomy":"product_cat","embeddable":true,"href":"https:\/\/roveyayinevi.com.tr\/index.php\/wp-json\/wp\/v2\/product_cat?post=770170"},{"taxonomy":"product_tag","embeddable":true,"href":"https:\/\/roveyayinevi.com.tr\/index.php\/wp-json\/wp\/v2\/product_tag?post=770170"}],"curies":[{"name":"wp","href":"https:\/\/api.w.org\/{rel}","templated":true}]}}