{"id":770169,"date":"2025-08-28T14:20:23","date_gmt":"2025-08-28T11:20:23","guid":{"rendered":"https:\/\/roveyayinevi.com.tr\/index.php\/urun\/ekselanslari-halil-beyin-eski-ve-modern-tablo-koleksiyonu\/"},"modified":"2026-04-15T03:36:34","modified_gmt":"2026-04-15T00:36:34","slug":"ekselanslari-halil-beyin-eski-ve-modern-tablo-koleksiyonu","status":"publish","type":"product","link":"https:\/\/roveyayinevi.com.tr\/index.php\/urun\/ekselanslari-halil-beyin-eski-ve-modern-tablo-koleksiyonu\/","title":{"rendered":"Ekselanslar\u0131 Halil Bey\u2019in Eski ve Modern Tablo Koleksiyonu"},"content":{"rendered":"<p>Vaktiyle Paris\u2019in elit \u00e7evrelerinde hakk\u0131nda \u201c\u015eark masallar\u0131ndan bir prens\u201d tarz\u0131 s\u00f6zler edilen, koleksiyoner, kumarbaz ve diplomat Halil \u015eerif Bey (1831-1879), e\u015fsiz resim koleksiyonunu 1868 Ocak ay\u0131nda, Paris\u2019te, \u00fc\u00e7 g\u00fcn s\u00fcrecek bir m\u00fczayedeyle sat\u0131\u015fa \u00e7\u0131kar\u0131r. Kimler yoktur ki bu koleksiyonda: Courbet, Delacroix, Fromentin, Ingres, G\u00e9r\u00f4me, Isabey, Meissonier, Troyon, van Goyen, Watteau\u2026 Halil \u015eerif Bey\u2019in koleksiyonunu yak\u0131ndan bilen dostu, d\u00f6nemin \u00fcnl\u00fc \u015fairi ve yazar\u0131, bir \u0130stanbul seyahatnamesi de olan Th\u00e9ophile Gautier, bizzat kaleme ald\u0131\u011f\u0131 sat\u0131\u015f katalo\u011funun sunumunda bir\u00e7ok tabloya ayr\u0131 ayr\u0131 de\u011finir ve resimlerle ilgili yorumlar yapar. B\u00fct\u00fcn resimlerin a\u00e7\u0131klamal\u0131 katalo\u011funun da bulundu\u011fu Ekselanslar\u0131 Halil Bey\u2019in Eski ve Modern Tablo Koleksiyonu, s\u0131ra d\u0131\u015f\u0131 bir Osmanl\u0131n\u0131n hayat\u0131ndan bir kesit oldu\u011fu kadar, d\u00f6nemin Paris\u2019inin sanat piyasas\u0131na dair de fikir verir. \u201cBir M\u00fcsl\u00fcman \u00e7ocu\u011fu taraf\u0131ndan olu\u015fturulmu\u015f ilk koleksiyon olan bu e\u015fsiz koleksiyonun sahibine k\u0131lavuzluk etmi\u015f olan, \u015fa\u015fmaz bir zevk, m\u00fckemmel bir sezgi, samimi bir g\u00fczellik tutkusudur. Burada, eski ba\u015fyap\u0131tlara sayg\u0131, modern ba\u015fyap\u0131tlara sevgiyle birle\u015fmi\u015f ve ge\u00e7mi\u015fe y\u00f6nelik derin ilgi, bug\u00fcne y\u00f6nelik hayranl\u0131\u011fa hi\u00e7bir \u015fekilde zarar vermemi\u015ftir.\u201d <\/p>\n","protected":false},"excerpt":{"rendered":"<p>Vaktiyle Paris\u2019in elit \u00e7evrelerinde hakk\u0131nda \u201c\u015eark masallar\u0131ndan bir prens\u201d tarz\u0131 s\u00f6zler edilen, koleksiyoner, kumarbaz ve diplomat Halil \u015eerif Bey (1831-1879), e\u015fsiz resim koleksiyonunu 1868 Ocak ay\u0131nda,<span class=\"excerpt-hellip\"> [\u2026]<\/span><\/p>\n","protected":false},"featured_media":0,"template":"","meta":{"_monsterinsights_skip_tracking":false,"_monsterinsights_sitenote_active":false,"_monsterinsights_sitenote_note":"","_monsterinsights_sitenote_category":0},"product_brand":[],"product_cat":[12291,12711],"product_tag":[],"class_list":{"0":"post-770169","1":"product","2":"type-product","3":"status-publish","5":"product_cat-edebiyat","6":"product_cat-roman-oyku","7":"pa_cilt-ciltsiz","8":"pa_tur-kitap","9":"pa_yayinevi-kirmizi-kedi-yayinevi","10":"pa_yazar-theophile-gautier","12":"first","13":"instock","14":"sale","15":"shipping-taxable","16":"purchasable","17":"product-type-simple"},"_links":{"self":[{"href":"https:\/\/roveyayinevi.com.tr\/index.php\/wp-json\/wp\/v2\/product\/770169","targetHints":{"allow":["GET"]}}],"collection":[{"href":"https:\/\/roveyayinevi.com.tr\/index.php\/wp-json\/wp\/v2\/product"}],"about":[{"href":"https:\/\/roveyayinevi.com.tr\/index.php\/wp-json\/wp\/v2\/types\/product"}],"wp:attachment":[{"href":"https:\/\/roveyayinevi.com.tr\/index.php\/wp-json\/wp\/v2\/media?parent=770169"}],"wp:term":[{"taxonomy":"product_brand","embeddable":true,"href":"https:\/\/roveyayinevi.com.tr\/index.php\/wp-json\/wp\/v2\/product_brand?post=770169"},{"taxonomy":"product_cat","embeddable":true,"href":"https:\/\/roveyayinevi.com.tr\/index.php\/wp-json\/wp\/v2\/product_cat?post=770169"},{"taxonomy":"product_tag","embeddable":true,"href":"https:\/\/roveyayinevi.com.tr\/index.php\/wp-json\/wp\/v2\/product_tag?post=770169"}],"curies":[{"name":"wp","href":"https:\/\/api.w.org\/{rel}","templated":true}]}}