{"id":770167,"date":"2025-08-28T14:20:19","date_gmt":"2025-08-28T11:20:19","guid":{"rendered":"https:\/\/roveyayinevi.com.tr\/index.php\/urun\/zalim-ve-guzel-bir-saray\/"},"modified":"2026-04-15T03:36:33","modified_gmt":"2026-04-15T00:36:33","slug":"zalim-ve-guzel-bir-saray","status":"publish","type":"product","link":"https:\/\/roveyayinevi.com.tr\/index.php\/urun\/zalim-ve-guzel-bir-saray\/","title":{"rendered":"Zalim ve G\u00fczel Bir Saray"},"content":{"rendered":"<p>YILLARCA, NE ZAMAN UYKUYA DALSAM, ATE\u015e G\u0130B\u0130 YANAN YE\u015e\u0130L G\u00d6ZLER\u0130 VE ZAL\u0130M G\u00dcL\u00dcMSEMES\u0130YLE O ADAMI G\u00d6RD\u00dcM R\u00dcYAMDA.   Ve kendisiyle tan\u0131\u015ft\u0131\u011f\u0131m g\u00fcn, bu ac\u0131mas\u0131z paral\u0131 asker beni \u00f6l\u00fcme terk etti. \u0130nsanlar do\u011fduktan sadece birka\u00e7 saat sonra, tanr\u0131lar sahip oldu\u011fumuz az\u0131c\u0131k g\u00fcc\u00fc bizden al\u0131yor, kar\u015f\u0131l\u0131\u011f\u0131nda s\u0131n\u0131rlar\u0131m\u0131z\u0131 gaddar ve merhametsiz Feyler\u2019den koruyorlard\u0131. G\u00fc\u00e7lerini ellerinde tutabilen insanlar yozla\u015fm\u0131\u015flar olarak biliniyordu. Ve yozla\u015fm\u0131\u015flar yak\u0131larak cezaland\u0131r\u0131l\u0131yordu.   G\u00fcc\u00fcm ortaya \u00e7\u0131kt\u0131\u011f\u0131nda k\u00fc\u00e7\u00fck k\u00f6y\u00fcmden ve sevdi\u011fim hayat\u0131mdan ka\u00e7mak zorunda kald\u0131m. Hayatta kalmak i\u00e7in beni en zay\u0131f an\u0131mda terk eden paral\u0131 askerle anla\u015fma yapmaktan ba\u015fka \u00e7arem kalmam\u0131\u015ft\u0131. Anla\u015fmam\u0131z \u00e7ok basitti: Ben onun ve gizemli dostlar\u0131n\u0131n \u015fehre gizlice girmelerine yard\u0131m edecektim, o da bana hep gizli tuttu\u011fum tuhaf, karanl\u0131k g\u00fcc\u00fc nas\u0131l kullanaca\u011f\u0131m\u0131 \u00f6\u011fretecekti. Hayatta kalmam\u0131n anahtar\u0131 olabilecek o g\u00fcc\u00fc\u2026 Fakat ac\u0131mas\u0131z paral\u0131 askerin de gizledi\u011fi s\u0131rlar\u0131 vard\u0131. Sevdi\u011fim herkesin g\u00fcvenli\u011fini tehdit eden s\u0131rlar. Bu krall\u0131\u011f\u0131 -belki de bu d\u00fcnyay\u0131- yerle bir edebilecek s\u0131rlar.<\/p>\n","protected":false},"excerpt":{"rendered":"<p>YILLARCA, NE ZAMAN UYKUYA DALSAM, ATE\u015e G\u0130B\u0130 YANAN YE\u015e\u0130L G\u00d6ZLER\u0130 VE ZAL\u0130M G\u00dcL\u00dcMSEMES\u0130YLE O ADAMI G\u00d6RD\u00dcM R\u00dcYAMDA. Ve kendisiyle tan\u0131\u015ft\u0131\u011f\u0131m g\u00fcn, bu ac\u0131mas\u0131z paral\u0131 asker beni<span class=\"excerpt-hellip\"> [\u2026]<\/span><\/p>\n","protected":false},"featured_media":0,"template":"","meta":{"_monsterinsights_skip_tracking":false,"_monsterinsights_sitenote_active":false,"_monsterinsights_sitenote_note":"","_monsterinsights_sitenote_category":0},"product_brand":[],"product_cat":[12291,14777],"product_tag":[],"class_list":{"0":"post-770167","1":"product","2":"type-product","3":"status-publish","5":"product_cat-edebiyat","6":"product_cat-fantastik","7":"pa_cilt-ciltsiz","8":"pa_tur-kitap","9":"pa_yayinevi-beta-byou","10":"pa_yazar-stacia-stark","12":"first","13":"instock","14":"sale","15":"shipping-taxable","16":"purchasable","17":"product-type-simple"},"_links":{"self":[{"href":"https:\/\/roveyayinevi.com.tr\/index.php\/wp-json\/wp\/v2\/product\/770167","targetHints":{"allow":["GET"]}}],"collection":[{"href":"https:\/\/roveyayinevi.com.tr\/index.php\/wp-json\/wp\/v2\/product"}],"about":[{"href":"https:\/\/roveyayinevi.com.tr\/index.php\/wp-json\/wp\/v2\/types\/product"}],"wp:attachment":[{"href":"https:\/\/roveyayinevi.com.tr\/index.php\/wp-json\/wp\/v2\/media?parent=770167"}],"wp:term":[{"taxonomy":"product_brand","embeddable":true,"href":"https:\/\/roveyayinevi.com.tr\/index.php\/wp-json\/wp\/v2\/product_brand?post=770167"},{"taxonomy":"product_cat","embeddable":true,"href":"https:\/\/roveyayinevi.com.tr\/index.php\/wp-json\/wp\/v2\/product_cat?post=770167"},{"taxonomy":"product_tag","embeddable":true,"href":"https:\/\/roveyayinevi.com.tr\/index.php\/wp-json\/wp\/v2\/product_tag?post=770167"}],"curies":[{"name":"wp","href":"https:\/\/api.w.org\/{rel}","templated":true}]}}