{"id":770164,"date":"2025-08-28T14:20:14","date_gmt":"2025-08-28T11:20:14","guid":{"rendered":"https:\/\/roveyayinevi.com.tr\/index.php\/urun\/dijital-oyun-ve-ogrenme\/"},"modified":"2026-04-15T03:36:33","modified_gmt":"2026-04-15T00:36:33","slug":"dijital-oyun-ve-ogrenme","status":"publish","type":"product","link":"https:\/\/roveyayinevi.com.tr\/index.php\/urun\/dijital-oyun-ve-ogrenme\/","title":{"rendered":"Dijital Oyun ve \u00d6\u011frenme"},"content":{"rendered":"<p>1.B\u00d6L\u00dcM D\u0130J\u0130TAL OYUN NED\u0130R?          2.B\u00d6L\u00dcM D\u0130J\u0130TAL OYUNLAR VE TEKNOLOJ\u0130          3.B\u00d6L\u00dcM OYUN VE \u00d6\u011eRENME          4.B\u00d6L\u00dcM ALANYAZIN <\/p>\n","protected":false},"excerpt":{"rendered":"<p>1.B\u00d6L\u00dcM D\u0130J\u0130TAL OYUN NED\u0130R? 2.B\u00d6L\u00dcM D\u0130J\u0130TAL OYUNLAR VE TEKNOLOJ\u0130 3.B\u00d6L\u00dcM OYUN VE \u00d6\u011eRENME 4.B\u00d6L\u00dcM ALANYAZIN<\/p>\n","protected":false},"featured_media":0,"template":"","meta":{"_monsterinsights_skip_tracking":false,"_monsterinsights_sitenote_active":false,"_monsterinsights_sitenote_note":"","_monsterinsights_sitenote_category":0},"product_brand":[],"product_cat":[12573,12566],"product_tag":[],"class_list":{"0":"post-770164","1":"product","2":"type-product","3":"status-publish","5":"product_cat-akademik-kitaplar","6":"product_cat-egitim","7":"pa_cilt-ciltsiz","8":"pa_tur-kitap","9":"pa_yayinevi-gazi-kitabevi","10":"pa_yazar-ahmet-yikilmaz","12":"first","13":"instock","14":"sale","15":"shipping-taxable","16":"purchasable","17":"product-type-simple"},"_links":{"self":[{"href":"https:\/\/roveyayinevi.com.tr\/index.php\/wp-json\/wp\/v2\/product\/770164","targetHints":{"allow":["GET"]}}],"collection":[{"href":"https:\/\/roveyayinevi.com.tr\/index.php\/wp-json\/wp\/v2\/product"}],"about":[{"href":"https:\/\/roveyayinevi.com.tr\/index.php\/wp-json\/wp\/v2\/types\/product"}],"wp:attachment":[{"href":"https:\/\/roveyayinevi.com.tr\/index.php\/wp-json\/wp\/v2\/media?parent=770164"}],"wp:term":[{"taxonomy":"product_brand","embeddable":true,"href":"https:\/\/roveyayinevi.com.tr\/index.php\/wp-json\/wp\/v2\/product_brand?post=770164"},{"taxonomy":"product_cat","embeddable":true,"href":"https:\/\/roveyayinevi.com.tr\/index.php\/wp-json\/wp\/v2\/product_cat?post=770164"},{"taxonomy":"product_tag","embeddable":true,"href":"https:\/\/roveyayinevi.com.tr\/index.php\/wp-json\/wp\/v2\/product_tag?post=770164"}],"curies":[{"name":"wp","href":"https:\/\/api.w.org\/{rel}","templated":true}]}}