{"id":770163,"date":"2025-08-28T14:20:12","date_gmt":"2025-08-28T11:20:12","guid":{"rendered":"https:\/\/roveyayinevi.com.tr\/index.php\/urun\/herkes-icin-el-fali\/"},"modified":"2026-04-15T03:36:33","modified_gmt":"2026-04-15T00:36:33","slug":"herkes-icin-el-fali","status":"publish","type":"product","link":"https:\/\/roveyayinevi.com.tr\/index.php\/urun\/herkes-icin-el-fali\/","title":{"rendered":"Herkes \u0130\u00e7in El Fal\u0131"},"content":{"rendered":"<p>Elinizdeki Kaderi Ke\u015ffedin: &#8220;Herkes \u0130\u00e7in El Fal\u0131&#8221; ile Kendinizi ve Ba\u015fkalar\u0131n\u0131 Tan\u0131y\u0131n Elinizdeki \u00e7izgilerin, kaderinizin haritas\u0131n\u0131 g\u00f6sterdi\u011fini hi\u00e7 d\u00fc\u015f\u00fcnd\u00fcn\u00fcz m\u00fc? Ki\u015fili\u011finizin s\u0131rlar\u0131, potansiyelinizin anahtarlar\u0131 hatta gelece\u011finizin ipu\u00e7lar\u0131 avu\u00e7lar\u0131n\u0131zda gizli olabilir mi? \u00dcnl\u00fc el fal\u0131 uzman\u0131 Cheiro&#8217;nun &#8220;Herkes \u0130\u00e7in El Fal\u0131&#8221; adl\u0131 bu kapsaml\u0131 rehberi, el okuma sanat\u0131n\u0131n gizemli d\u00fcnyas\u0131na \u0131\u015f\u0131k tutuyor. Y\u00fczlerce y\u0131ll\u0131k bilgelik ve Cheiro&#8217;nun kendi engin deneyimleriyle zenginle\u015ftirilmi\u015f bu kitap, el fal\u0131 d\u00fcnyas\u0131na yepyeni bir bak\u0131\u015f a\u00e7\u0131s\u0131 getiriyor. Kitapta \u015funlar\u0131 ke\u015ffedeceksiniz: \u2022          Temel \u0130lkeler: El fal\u0131 sanat\u0131n\u0131n tarihini, temel kavramlar\u0131n\u0131 ve elin farkl\u0131 b\u00f6lgelerinin anlamlar\u0131n\u0131. \u2022          \u00c7izgilerin Dili: Ya\u015fam \u00e7izgisi, kader \u00e7izgisi, kalp \u00e7izgisi ve daha fazlas\u0131n\u0131n gizemini. Bu \u00e7izgilerin \u015fekilleri, uzunluklar\u0131 ve di\u011fer i\u015faretlerle ili\u015fkileri, ki\u015fili\u011finiz, yetenekleriniz ve potansiyel gelece\u011finiz hakk\u0131nda neler s\u00f6yl\u00fcyor? \u2022          Parmaklar\u0131n \u015eekli ve T\u0131rnaklar\u0131n S\u0131rlar\u0131: Parmaklar\u0131n\u0131z\u0131n uzunlu\u011fu, \u015fekli ve t\u0131rnaklar\u0131n\u0131z\u0131n g\u00f6r\u00fcn\u00fcm\u00fc, karakteriniz ve sa\u011fl\u0131k durumunuz hakk\u0131nda ne gibi ipu\u00e7lar\u0131 veriyor? \u2022          El Tipleri: Elinizin genel \u015fekli, hangi ki\u015filik tipine ait oldu\u011funuzu ve hangi alanlarda ba\u015far\u0131l\u0131 olabilece\u011finizi g\u00f6steriyor olabilir. \u2022          Pratik Uygulamalar: El fal\u0131n\u0131 kullanarak kendinizi ve ba\u015fkalar\u0131n\u0131 daha iyi anlamay\u0131, ili\u015fkilerinizi geli\u015ftirmeyi ve do\u011fru kariyer se\u00e7imleri yapmay\u0131. &#8220;Herkes \u0130\u00e7in El Fal\u0131&#8221;, sadece bir el fal\u0131 kitab\u0131 de\u011fil, ayn\u0131 zamanda ki\u015fisel geli\u015fim ve kendini ke\u015ffetme yolculu\u011funa \u00e7\u0131kman\u0131z\u0131 sa\u011flayacak bir rehberdir. Bu kitapla, ellerinizdeki gizli mesajlar\u0131 de\u015fifre ederek kendi potansiyelinizin kilidini a\u00e7abilir ve hayat\u0131n\u0131z\u0131 daha bilin\u00e7li bir \u015fekilde y\u00f6nlendirebilirsiniz. Elinizin size anlatacaklar\u0131n\u0131 duymaya haz\u0131r m\u0131s\u0131n\u0131z? \u015eimdi &#8220;Herkes \u0130\u00e7in El Fal\u0131&#8221; kitab\u0131n\u0131 edinin ve kendi kaderinizi ke\u015ffedin! <\/p>\n","protected":false},"excerpt":{"rendered":"<p>Elinizdeki Kaderi Ke\u015ffedin: &#8220;Herkes \u0130\u00e7in El Fal\u0131&#8221; ile Kendinizi ve Ba\u015fkalar\u0131n\u0131 Tan\u0131y\u0131n Elinizdeki \u00e7izgilerin, kaderinizin haritas\u0131n\u0131 g\u00f6sterdi\u011fini hi\u00e7 d\u00fc\u015f\u00fcnd\u00fcn\u00fcz m\u00fc? Ki\u015fili\u011finizin s\u0131rlar\u0131, potansiyelinizin anahtarlar\u0131 hatta gelece\u011finizin<span class=\"excerpt-hellip\"> [\u2026]<\/span><\/p>\n","protected":false},"featured_media":0,"template":"","meta":{"_monsterinsights_skip_tracking":false,"_monsterinsights_sitenote_active":false,"_monsterinsights_sitenote_note":"","_monsterinsights_sitenote_category":0},"product_brand":[],"product_cat":[18082,15563],"product_tag":[],"class_list":{"0":"post-770163","1":"product","2":"type-product","3":"status-publish","5":"product_cat-astroloji-fal-ruya","6":"product_cat-hobi","7":"pa_cilt-ciltsiz","8":"pa_tur-kitap","9":"pa_yayinevi-fa-yayinlari","10":"pa_yazar-cheiro","12":"first","13":"instock","14":"sale","15":"shipping-taxable","16":"purchasable","17":"product-type-simple"},"_links":{"self":[{"href":"https:\/\/roveyayinevi.com.tr\/index.php\/wp-json\/wp\/v2\/product\/770163","targetHints":{"allow":["GET"]}}],"collection":[{"href":"https:\/\/roveyayinevi.com.tr\/index.php\/wp-json\/wp\/v2\/product"}],"about":[{"href":"https:\/\/roveyayinevi.com.tr\/index.php\/wp-json\/wp\/v2\/types\/product"}],"wp:attachment":[{"href":"https:\/\/roveyayinevi.com.tr\/index.php\/wp-json\/wp\/v2\/media?parent=770163"}],"wp:term":[{"taxonomy":"product_brand","embeddable":true,"href":"https:\/\/roveyayinevi.com.tr\/index.php\/wp-json\/wp\/v2\/product_brand?post=770163"},{"taxonomy":"product_cat","embeddable":true,"href":"https:\/\/roveyayinevi.com.tr\/index.php\/wp-json\/wp\/v2\/product_cat?post=770163"},{"taxonomy":"product_tag","embeddable":true,"href":"https:\/\/roveyayinevi.com.tr\/index.php\/wp-json\/wp\/v2\/product_tag?post=770163"}],"curies":[{"name":"wp","href":"https:\/\/api.w.org\/{rel}","templated":true}]}}