{"id":770162,"date":"2025-08-28T14:20:11","date_gmt":"2025-08-28T11:20:11","guid":{"rendered":"https:\/\/roveyayinevi.com.tr\/index.php\/urun\/enokun-kayip-kitabi\/"},"modified":"2026-04-15T03:36:33","modified_gmt":"2026-04-15T00:36:33","slug":"enokun-kayip-kitabi","status":"publish","type":"product","link":"https:\/\/roveyayinevi.com.tr\/index.php\/urun\/enokun-kayip-kitabi\/","title":{"rendered":"Enok&#8217;un Kay\u0131p Kitab\u0131"},"content":{"rendered":"<p>Yasaklanm\u0131\u015f Bilgelik: Enok&#8217;un Kay\u0131p Kitab\u0131 Y\u00fczy\u0131llar boyunca gizlenen, kutsal metinlerin aras\u0131ndan silinen bir peygamberin s\u00f6zleri&#8230; \u0130nsanl\u0131\u011f\u0131n kaderini de\u011fi\u015ftiren olaylar\u0131n perde arkas\u0131na \u0131\u015f\u0131k tutan, d\u00fc\u015fm\u00fc\u015f meleklerin, gizemli yarat\u0131klar\u0131n ve ilahi kehanetlerin yer ald\u0131\u011f\u0131 kadim bir el yazmas\u0131&#8230; Enok&#8217;un Kitab\u0131, tarih boyunca merak uyand\u0131ran, yasaklanm\u0131\u015f bilgeli\u011fiyle zihinleri zorlayan bir ba\u015fyap\u0131t. Nuh&#8217;un b\u00fcy\u00fck dedesi olan peygamber Enok&#8217;un, Tanr\u0131 ile y\u00fcr\u00fcd\u00fc\u011f\u00fc ve g\u00f6klere y\u00fckseltildi\u011fi s\u00f6ylenir. Bu kitapta, onun tan\u0131k oldu\u011fu ola\u011fan\u00fcst\u00fc olaylar, cennet ve cehennem tasvirleri, gelece\u011fe dair kehanetleri ve insanl\u0131\u011f\u0131n kaderiyle ilgili s\u0131rlar\u0131 bulacaks\u0131n\u0131z.   Bu kitapta sizi neler bekliyor? * D\u00fc\u015fm\u00fc\u015f meleklerin isyan\u0131 ve insanl\u0131kla olan yasak ili\u015fkileri * Tufan&#8217;\u0131n ard\u0131ndaki ger\u00e7ekler ve Nuh&#8217;un gizemli g\u00f6revi * Cennet ve cehennemin b\u00fcy\u00fcleyici tasvirleri * Zaman\u0131n sonu, Mesih&#8217;in geli\u015fi ve son yarg\u0131 hakk\u0131nda kehanetler * \u0130nsanl\u0131\u011f\u0131n k\u00f6keni, kaderi ve evrenin s\u0131rlar\u0131na dair derin bilgiler Enok&#8217;un Kitab\u0131, y\u00fczy\u0131llard\u0131r gizli kalm\u0131\u015f bu kadim bilgeli\u011fi g\u00fcn y\u00fcz\u00fcne \u00e7\u0131kar\u0131yor. \u0130nan\u00e7lar\u0131n\u0131z\u0131 sorgulayacak, d\u00fcnya g\u00f6r\u00fc\u015f\u00fcn\u00fcz\u00fc de\u011fi\u015ftirecek ve sizi derin bir d\u00fc\u015f\u00fcnce yolculu\u011funa \u00e7\u0131karacak bu eseri ka\u00e7\u0131rmay\u0131n! Unutmay\u0131n, baz\u0131 ger\u00e7ekler gizlenmek i\u00e7in \u00e7ok \u00f6nemlidir. <\/p>\n","protected":false},"excerpt":{"rendered":"<p>Yasaklanm\u0131\u015f Bilgelik: Enok&#8217;un Kay\u0131p Kitab\u0131 Y\u00fczy\u0131llar boyunca gizlenen, kutsal metinlerin aras\u0131ndan silinen bir peygamberin s\u00f6zleri&#8230; \u0130nsanl\u0131\u011f\u0131n kaderini de\u011fi\u015ftiren olaylar\u0131n perde arkas\u0131na \u0131\u015f\u0131k tutan, d\u00fc\u015fm\u00fc\u015f meleklerin, gizemli<span class=\"excerpt-hellip\"> [\u2026]<\/span><\/p>\n","protected":false},"featured_media":0,"template":"","meta":{"_monsterinsights_skip_tracking":false,"_monsterinsights_sitenote_active":false,"_monsterinsights_sitenote_note":"","_monsterinsights_sitenote_category":0},"product_brand":[],"product_cat":[12718],"product_tag":[],"class_list":{"0":"post-770162","1":"product","2":"type-product","3":"status-publish","5":"product_cat-din","6":"pa_cilt-ciltsiz","7":"pa_tur-kitap","8":"pa_yayinevi-fa-yayinlari","9":"pa_yazar-charles-dillman","11":"first","12":"instock","13":"sale","14":"shipping-taxable","15":"purchasable","16":"product-type-simple"},"_links":{"self":[{"href":"https:\/\/roveyayinevi.com.tr\/index.php\/wp-json\/wp\/v2\/product\/770162","targetHints":{"allow":["GET"]}}],"collection":[{"href":"https:\/\/roveyayinevi.com.tr\/index.php\/wp-json\/wp\/v2\/product"}],"about":[{"href":"https:\/\/roveyayinevi.com.tr\/index.php\/wp-json\/wp\/v2\/types\/product"}],"wp:attachment":[{"href":"https:\/\/roveyayinevi.com.tr\/index.php\/wp-json\/wp\/v2\/media?parent=770162"}],"wp:term":[{"taxonomy":"product_brand","embeddable":true,"href":"https:\/\/roveyayinevi.com.tr\/index.php\/wp-json\/wp\/v2\/product_brand?post=770162"},{"taxonomy":"product_cat","embeddable":true,"href":"https:\/\/roveyayinevi.com.tr\/index.php\/wp-json\/wp\/v2\/product_cat?post=770162"},{"taxonomy":"product_tag","embeddable":true,"href":"https:\/\/roveyayinevi.com.tr\/index.php\/wp-json\/wp\/v2\/product_tag?post=770162"}],"curies":[{"name":"wp","href":"https:\/\/api.w.org\/{rel}","templated":true}]}}