{"id":770161,"date":"2025-08-28T14:20:09","date_gmt":"2025-08-28T11:20:09","guid":{"rendered":"https:\/\/roveyayinevi.com.tr\/index.php\/urun\/eski-turkiyede-siyasi-mizah\/"},"modified":"2026-04-15T03:36:33","modified_gmt":"2026-04-15T00:36:33","slug":"eski-turkiyede-siyasi-mizah","status":"publish","type":"product","link":"https:\/\/roveyayinevi.com.tr\/index.php\/urun\/eski-turkiyede-siyasi-mizah\/","title":{"rendered":"Eski T\u00fcrkiye\u2019de Siyasi Mizah"},"content":{"rendered":"<p>Onlar bir d\u00f6nemin en \u00f6nde gelen isimleriydi. Kah g\u00fcld\u00fcler, kah g\u00fcld\u00fcrd\u00fcler, kah k\u0131zd\u0131lar, kah k\u0131zd\u0131rd\u0131lar&#8230;   Y\u00f6netimleri d\u0131\u015f\u0131nda sarf ettikleri s\u00f6zler ve yapt\u0131klar\u0131 icraatlarla da \u00f6n plana \u00e7\u0131kt\u0131lar. Kimi birbiriyle tart\u0131\u015ft\u0131, kavga etti. Kimi de bas\u0131nla.   Haklar\u0131nda f\u0131kralar \u00fcretildi, karikat\u00fcr sergileri a\u00e7\u0131ld\u0131. G\u00fcl\u00fcmseyerek kar\u015f\u0131lad\u0131lar. Yine de ho\u015fg\u00f6r\u00fclerini kaybetmediler. (12 Eyl\u00fcl d\u00f6nemi hari\u00e7)   Gazeteci Macit Soydan&#8217;\u0131n ge\u00e7mi\u015f d\u00f6nemde takip etti\u011fi bas\u0131n toplant\u0131lar\u0131 ve mitinglerden, yapt\u0131\u011f\u0131 s\u00f6yle\u015filerden, i\u015fitti\u011fi diyaloglardan ve haberlerden derledi\u011fi bir siyasi mizah tarihine tan\u0131kl\u0131k ediyoruz.   Bu tan\u0131kl\u0131\u011f\u0131 gelece\u011fin siyaset\u00e7ileri olacak Z Ku\u015fa\u011f\u0131&#8217;na aktarmak haz\u0131rlanm\u0131\u015f bu \u00e7al\u0131\u015fma yak\u0131n siyasi tarihimize mizah penceresinden k\u00fc\u00e7\u00fck bir kesit sunuyor.     Baki&#8217;nin dedi\u011fi gibi &#8220;b\u00e2ki kalan bu kubbede ho\u015f bir sad\u00e2 imi\u015f&#8221;&#8230; <\/p>\n","protected":false},"excerpt":{"rendered":"<p>Onlar bir d\u00f6nemin en \u00f6nde gelen isimleriydi. Kah g\u00fcld\u00fcler, kah g\u00fcld\u00fcrd\u00fcler, kah k\u0131zd\u0131lar, kah k\u0131zd\u0131rd\u0131lar&#8230; Y\u00f6netimleri d\u0131\u015f\u0131nda sarf ettikleri s\u00f6zler ve yapt\u0131klar\u0131 icraatlarla da \u00f6n plana<span class=\"excerpt-hellip\"> [\u2026]<\/span><\/p>\n","protected":false},"featured_media":0,"template":"","meta":{"_monsterinsights_skip_tracking":false,"_monsterinsights_sitenote_active":false,"_monsterinsights_sitenote_note":"","_monsterinsights_sitenote_category":0},"product_brand":[],"product_cat":[12291,14825],"product_tag":[],"class_list":{"0":"post-770161","1":"product","2":"type-product","3":"status-publish","5":"product_cat-edebiyat","6":"product_cat-mizah","7":"pa_cilt-ciltsiz","8":"pa_tur-kitap","9":"pa_yayinevi-zerre-kitap","10":"pa_yazar-macit-soydan","12":"first","13":"instock","14":"sale","15":"shipping-taxable","16":"purchasable","17":"product-type-simple"},"_links":{"self":[{"href":"https:\/\/roveyayinevi.com.tr\/index.php\/wp-json\/wp\/v2\/product\/770161","targetHints":{"allow":["GET"]}}],"collection":[{"href":"https:\/\/roveyayinevi.com.tr\/index.php\/wp-json\/wp\/v2\/product"}],"about":[{"href":"https:\/\/roveyayinevi.com.tr\/index.php\/wp-json\/wp\/v2\/types\/product"}],"wp:attachment":[{"href":"https:\/\/roveyayinevi.com.tr\/index.php\/wp-json\/wp\/v2\/media?parent=770161"}],"wp:term":[{"taxonomy":"product_brand","embeddable":true,"href":"https:\/\/roveyayinevi.com.tr\/index.php\/wp-json\/wp\/v2\/product_brand?post=770161"},{"taxonomy":"product_cat","embeddable":true,"href":"https:\/\/roveyayinevi.com.tr\/index.php\/wp-json\/wp\/v2\/product_cat?post=770161"},{"taxonomy":"product_tag","embeddable":true,"href":"https:\/\/roveyayinevi.com.tr\/index.php\/wp-json\/wp\/v2\/product_tag?post=770161"}],"curies":[{"name":"wp","href":"https:\/\/api.w.org\/{rel}","templated":true}]}}