{"id":770160,"date":"2025-08-28T14:20:08","date_gmt":"2025-08-28T11:20:08","guid":{"rendered":"https:\/\/roveyayinevi.com.tr\/index.php\/urun\/iktisat-ve-toplum-dergisi-173-sayi-iktisatta-kadin-ozne-mi-nesne-mi\/"},"modified":"2026-04-15T03:36:33","modified_gmt":"2026-04-15T00:36:33","slug":"iktisat-ve-toplum-dergisi-173-sayi-iktisatta-kadin-ozne-mi-nesne-mi","status":"publish","type":"product","link":"https:\/\/roveyayinevi.com.tr\/index.php\/urun\/iktisat-ve-toplum-dergisi-173-sayi-iktisatta-kadin-ozne-mi-nesne-mi\/","title":{"rendered":"\u0130ktisat ve Toplum Dergisi 173. Say\u0131  \u0130ktisatta Kad\u0131n: \u00d6zne mi, Nesne mi?"},"content":{"rendered":"<p>\u0130ktisatta Kad\u0131n: \u00d6zne mi, Nesne mi? Ay\u00e7a Tekin-Koru \u0130ktisat: Sosyal Bilimlerin Ta\u015f F\u0131r\u0131n Erke\u011fi Ay\u00e7a Tekin-Koru \u0130ktisatta Cam Tavan: Kad\u0131nlar ve E\u015fitlik Aray\u0131\u015f\u0131 Nazire Nergiz Din\u00e7er \u0130ktisat Biliminde Kad\u0131nlar: T\u00fcrkiye\u2019de Akademik Alanda E\u015fitlik M\u00fccadelesi Elif Akbostanc\u0131, P\u0131nar Derin-G\u00fcre \u00c7al\u0131\u015fma Ya\u015fam\u0131nda Toplumsal Cinsiyete Dayal\u0131 Ayr\u0131mc\u0131l\u0131k: Yasal D\u00fczenlemeler ve Gelecek Perspektifleri Selcen \u00d6zt\u00fcrk Kad\u0131nlar\u0131 Rekabet\u00e7i Ortamlarda Daha \u00c7ok G\u00f6rmek i\u00e7in Neler Yapmal\u0131? M\u00fcr\u00fcvvet B\u00fcy\u00fckboyac\u0131 Yoksullu\u011fa Yakla\u015f\u0131mlar: Teoriden \u00d6l\u00e7\u00fcme Emel Memi\u015f, \u015eemsa \u00d6zar Kad\u0131nlar\u0131n E\u011fitimdeki Ba\u015far\u0131lar\u0131, \u0130\u015fg\u00fcc\u00fcne Yans\u0131malar ve Geriye Kalan M\u00fccadele Alanlar\u0131 Meltem Day\u0131o\u011flu Y\u00f6netimde Kad\u0131nlar ve S\u0131zd\u0131ran Boru: \u0130\u015f Ya\u015fam\u0131nda Cinsiyet E\u015fitsizli\u011fi \u00dcnay Tamga\u00e7 Tezcan Ye\u015fil \u0130\u015fler ve Kad\u0131n G\u00fcne\u015f A. A\u015f\u0131k Yes\u0327il Ekonomi, Es\u0327itsizlikler ve Kad\u0131n Ebru Voyvoda Dijital Devrimde Kad\u0131nlar: Yapay Zeka\u0302 Treni Ka\u00e7madan Binilebilir mi? Beg\u00fcm \u015eeren G\u00fcler, Ay\u015fe \u00d6zg\u00fcr Pehlivan, Abdullah Kazdal<\/p>\n","protected":false},"excerpt":{"rendered":"<p>\u0130ktisatta Kad\u0131n: \u00d6zne mi, Nesne mi? Ay\u00e7a Tekin-Koru \u0130ktisat: Sosyal Bilimlerin Ta\u015f F\u0131r\u0131n Erke\u011fi Ay\u00e7a Tekin-Koru \u0130ktisatta Cam Tavan: Kad\u0131nlar ve E\u015fitlik Aray\u0131\u015f\u0131 Nazire Nergiz Din\u00e7er<span class=\"excerpt-hellip\"> [\u2026]<\/span><\/p>\n","protected":false},"featured_media":0,"template":"","meta":{"_monsterinsights_skip_tracking":false,"_monsterinsights_sitenote_active":false,"_monsterinsights_sitenote_note":"","_monsterinsights_sitenote_category":0},"product_brand":[],"product_cat":[13527],"product_tag":[],"class_list":{"0":"post-770160","1":"product","2":"type-product","3":"status-publish","5":"product_cat-sureli-yayinlar","6":"pa_cilt-ciltsiz","7":"pa_tur-dergi","8":"pa_yayinevi-efil-yayinevi-dergi","9":"pa_yazar-kolektif","11":"first","12":"instock","13":"sale","14":"shipping-taxable","15":"purchasable","16":"product-type-simple"},"_links":{"self":[{"href":"https:\/\/roveyayinevi.com.tr\/index.php\/wp-json\/wp\/v2\/product\/770160","targetHints":{"allow":["GET"]}}],"collection":[{"href":"https:\/\/roveyayinevi.com.tr\/index.php\/wp-json\/wp\/v2\/product"}],"about":[{"href":"https:\/\/roveyayinevi.com.tr\/index.php\/wp-json\/wp\/v2\/types\/product"}],"wp:attachment":[{"href":"https:\/\/roveyayinevi.com.tr\/index.php\/wp-json\/wp\/v2\/media?parent=770160"}],"wp:term":[{"taxonomy":"product_brand","embeddable":true,"href":"https:\/\/roveyayinevi.com.tr\/index.php\/wp-json\/wp\/v2\/product_brand?post=770160"},{"taxonomy":"product_cat","embeddable":true,"href":"https:\/\/roveyayinevi.com.tr\/index.php\/wp-json\/wp\/v2\/product_cat?post=770160"},{"taxonomy":"product_tag","embeddable":true,"href":"https:\/\/roveyayinevi.com.tr\/index.php\/wp-json\/wp\/v2\/product_tag?post=770160"}],"curies":[{"name":"wp","href":"https:\/\/api.w.org\/{rel}","templated":true}]}}