{"id":770159,"date":"2025-08-28T14:20:06","date_gmt":"2025-08-28T11:20:06","guid":{"rendered":"https:\/\/roveyayinevi.com.tr\/index.php\/urun\/ahiskali-ali-haydar-efendinin-hulefasindan-kadir-gulbahar-efendi-1908-1970\/"},"modified":"2026-04-15T03:36:33","modified_gmt":"2026-04-15T00:36:33","slug":"ahiskali-ali-haydar-efendinin-hulefasindan-kadir-gulbahar-efendi-1908-1970","status":"publish","type":"product","link":"https:\/\/roveyayinevi.com.tr\/index.php\/urun\/ahiskali-ali-haydar-efendinin-hulefasindan-kadir-gulbahar-efendi-1908-1970\/","title":{"rendered":"Ah\u0131skal\u0131 Ali Haydar Efendi\u2019nin Hulefas\u0131ndan Kadir G\u00fclbahar Efendi (1908-1970)"},"content":{"rendered":"<p>Bu \u00e7al\u0131\u015fmada Kadir Efendi\u2019nin hayat\u0131ndan, \u015fahsiyeti ve karakterinden, tasavvuf yoluna giri\u015finden, Ali Haydar Efendi\u2019nin halifesi olarak yapt\u0131\u011f\u0131 ir\u015fat faaliyetlerinden, manevi hallerinden ve kerametlerinden bahsedilmi\u015ftir. Bunun yan\u0131nda Kadir Efendi\u2019nin daha iyi anla\u015f\u0131labilmesi i\u00e7in m\u00fcr\u015fidi Ali Haydar Efendi\u2019den; onun Nak\u015fbend\u00ee yoluna girmesine vesile olan Ali Haydar Efendi\u2019nin Salur\u2019da ya\u015fam\u0131\u015f olan halifesi Abbas G\u00f6zen Efendi\u2019den; Kadir Efendi\u2019nin kadim y\u00e2ri ve Ali R\u0131za Bezzaz\u2019\u0131n t\u00fcrbed\u00e2r\u0131 Eskici Baba\u2019dan bahsedilmi\u015ftir. Bu zatlar\u0131n an\u0131ld\u0131\u011f\u0131 yerde, onlar\u0131n b\u00fcy\u00fck m\u00fcr\u015fidi Band\u0131rma Tekke Camii haziresinde medfun Ali R\u0131za el-Bezzaz hazretlerinin men\u00e2k\u0131b\u0131n\u0131 anmamak da su-i edeb olur. Dolay\u0131s\u0131yla kitap iki b\u00f6l\u00fcme ayr\u0131lm\u0131\u015f: birinci b\u00f6l\u00fcmde Kadir Efendi\u2019nin m\u00fcr\u015fitlerinin hayat\u0131na yer verilmi\u015f; ikinci b\u00f6l\u00fcmde ise vefat\u0131n\u0131n \u00fczerinden elli be\u015f y\u0131l ge\u00e7mi\u015f olan Kadir Efendi\u2019nin hayat\u0131 hat\u0131rda kalanlar\u0131n \u0131\u015f\u0131\u011f\u0131nda derlenip toparlanmaya \u00e7al\u0131\u015f\u0131lm\u0131\u015ft\u0131r. Bu \u00e7al\u0131\u015fman\u0131n amac\u0131 zahiren bak\u0131ld\u0131\u011f\u0131nda m\u00fcr\u015fit bollu\u011funun ya\u015fand\u0131\u011f\u0131 ama bat\u0131nen g\u00f6r\u00fcld\u00fc\u011f\u00fcnde \u015fiddetli bir m\u00fcr\u015fit k\u0131tl\u0131\u011f\u0131n\u0131n oldu\u011fu modern \u00e7a\u011fda, hakiki m\u00fcr\u015fidi arayanlara Kadir G\u00fclbahar Efendi gibi bir numune-i imtisal sunmakt\u0131r. Tuzlu sudan usan\u0131p tatl\u0131 suyu arayanlara yol g\u00f6stermeye \u00e7al\u0131\u015fmakt\u0131r. Bu kitab\u0131 bunun haricinde, mesel\u00e2; Ali Haydar Efendi\u2019den sonra yolunun devam\u0131 var m\u0131yd\u0131 veya yok muydu gibi, yazar\u0131n\u0131n g\u00f6nl\u00fcnden ge\u00e7meyen bir amaca matuf saymak, okuyan\u0131n yanl\u0131 bak\u0131\u015f\u0131 ve s\u0131\u011f idrakiyle alakal\u0131d\u0131r. Ali Haydar Efendi\u2019den sonraki vaziyet hakk\u0131nda yorum yapmak haddimizi a\u015fan bir durumdur. <\/p>\n","protected":false},"excerpt":{"rendered":"<p>Bu \u00e7al\u0131\u015fmada Kadir Efendi\u2019nin hayat\u0131ndan, \u015fahsiyeti ve karakterinden, tasavvuf yoluna giri\u015finden, Ali Haydar Efendi\u2019nin halifesi olarak yapt\u0131\u011f\u0131 ir\u015fat faaliyetlerinden, manevi hallerinden ve kerametlerinden bahsedilmi\u015ftir. Bunun yan\u0131nda<span class=\"excerpt-hellip\"> [\u2026]<\/span><\/p>\n","protected":false},"featured_media":0,"template":"","meta":{"_monsterinsights_skip_tracking":false,"_monsterinsights_sitenote_active":false,"_monsterinsights_sitenote_note":"","_monsterinsights_sitenote_category":0},"product_brand":[],"product_cat":[12718,12719,15238],"product_tag":[],"class_list":{"0":"post-770159","1":"product","2":"type-product","3":"status-publish","5":"product_cat-din","6":"product_cat-islam","7":"product_cat-tasavvuf","8":"pa_cilt-ciltsiz","9":"pa_tur-kitap","10":"pa_yayinevi-soncag-akademik-kitaplar","11":"pa_yazar-muzaffer-ertugrul","13":"first","14":"instock","15":"sale","16":"shipping-taxable","17":"purchasable","18":"product-type-simple"},"_links":{"self":[{"href":"https:\/\/roveyayinevi.com.tr\/index.php\/wp-json\/wp\/v2\/product\/770159","targetHints":{"allow":["GET"]}}],"collection":[{"href":"https:\/\/roveyayinevi.com.tr\/index.php\/wp-json\/wp\/v2\/product"}],"about":[{"href":"https:\/\/roveyayinevi.com.tr\/index.php\/wp-json\/wp\/v2\/types\/product"}],"wp:attachment":[{"href":"https:\/\/roveyayinevi.com.tr\/index.php\/wp-json\/wp\/v2\/media?parent=770159"}],"wp:term":[{"taxonomy":"product_brand","embeddable":true,"href":"https:\/\/roveyayinevi.com.tr\/index.php\/wp-json\/wp\/v2\/product_brand?post=770159"},{"taxonomy":"product_cat","embeddable":true,"href":"https:\/\/roveyayinevi.com.tr\/index.php\/wp-json\/wp\/v2\/product_cat?post=770159"},{"taxonomy":"product_tag","embeddable":true,"href":"https:\/\/roveyayinevi.com.tr\/index.php\/wp-json\/wp\/v2\/product_tag?post=770159"}],"curies":[{"name":"wp","href":"https:\/\/api.w.org\/{rel}","templated":true}]}}