{"id":770153,"date":"2025-08-28T14:19:55","date_gmt":"2025-08-28T11:19:55","guid":{"rendered":"https:\/\/roveyayinevi.com.tr\/index.php\/urun\/kirmizi-guller-cabuk-solar-2-hayat-donemecleri-ciltli-kutulu-set\/"},"modified":"2026-04-15T03:36:33","modified_gmt":"2026-04-15T00:36:33","slug":"kirmizi-guller-cabuk-solar-2-hayat-donemecleri-ciltli-kutulu-set","status":"publish","type":"product","link":"https:\/\/roveyayinevi.com.tr\/index.php\/urun\/kirmizi-guller-cabuk-solar-2-hayat-donemecleri-ciltli-kutulu-set\/","title":{"rendered":"K\u0131rm\u0131z\u0131 G\u00fcller \u00c7abuk Solar 2 &#8211; Hayat D\u00f6neme\u00e7leri (Ciltli &#8211; Kutulu Set)"},"content":{"rendered":"<p>&#8220;G\u00fcn g\u00fczel, sen g\u00fcnden g\u00fczel ve g\u00fcnden g\u00fcne g\u00fczelsin.&#8221; Ya\u015fad\u0131\u011f\u0131 mahalleden ve aile evinden kurtulan Ayten, kendini s\u0131\u011f\u0131naca\u011f\u0131 tek liman olan sevgilisi Ak\u0131n\u2019\u0131n yan\u0131nda bulur. Gen\u00e7 \u00e2\u015f\u0131klar, ba\u015flar\u0131na gelen sanc\u0131l\u0131 olaylar\u0131n bitti\u011fini, gelece\u011fin onlara umutlu yar\u0131nlar bah\u015fetti\u011fini d\u00fc\u015f\u00fcnmekte ve hayaller kurmaktad\u0131r. Kendi ayaklar\u0131 \u00fczerinde durmay\u0131 kafas\u0131na koyan Ayten, bu u\u011furda en b\u00fcy\u00fck deste\u011fi Ak\u0131n\u2019dan g\u00f6rmekte ve bundan mutluluk duymaktad\u0131r. Fakat ne Ayten\u2019in hayat\u0131nda sular durulmakta ne de Ak\u0131n\u2019\u0131n uzak durmak istedi\u011fi ge\u00e7mi\u015fi y\u00fcz\u00fcnden ba\u015f\u0131 beladan kurtulmaktad\u0131r. \u00d6te yandan Yavuz\u2019un da i\u00e7inde engel olamad\u0131\u011f\u0131 hisler gitgide b\u00fcy\u00fcmekte, o da kendini karanl\u0131k bir ikilemin i\u00e7inde bulmaktad\u0131r.  Dostluk, aile ba\u011flar\u0131 ve hasret \u00fc\u00e7geninde s\u0131nanan \u00e2\u015f\u0131klar; kendilerini hi\u00e7 tahmin etmedikleri, k\u00f6t\u00fc bir kaderin ba\u015f\u0131nda bulurlar. 16 Kas\u0131m g\u00fcn\u00fc patlayan bir silah her \u015feyi de\u011fi\u015ftirmi\u015f, hayat\u0131n keskin d\u00f6neme\u00e7leri yol ayr\u0131mlar\u0131na sebep olmu\u015ftur. Art\u0131k ne Ak\u0131n i\u00e7in geri d\u00f6n\u00fc\u015f vard\u0131r ne de Ayten\u2019in elinden gelen bir \u00e7are\u2026 <\/p>\n","protected":false},"excerpt":{"rendered":"<p>&#8220;G\u00fcn g\u00fczel, sen g\u00fcnden g\u00fczel ve g\u00fcnden g\u00fcne g\u00fczelsin.&#8221; Ya\u015fad\u0131\u011f\u0131 mahalleden ve aile evinden kurtulan Ayten, kendini s\u0131\u011f\u0131naca\u011f\u0131 tek liman olan sevgilisi Ak\u0131n\u2019\u0131n yan\u0131nda bulur. Gen\u00e7<span class=\"excerpt-hellip\"> [\u2026]<\/span><\/p>\n","protected":false},"featured_media":0,"template":"","meta":{"_monsterinsights_skip_tracking":false,"_monsterinsights_sitenote_active":false,"_monsterinsights_sitenote_note":"","_monsterinsights_sitenote_category":0},"product_brand":[],"product_cat":[12291,12711],"product_tag":[],"class_list":{"0":"post-770153","1":"product","2":"type-product","3":"status-publish","5":"product_cat-edebiyat","6":"product_cat-roman-oyku","7":"pa_cilt-ciltli","8":"pa_tur-kitap","9":"pa_yayinevi-artemis-yayinlari","10":"pa_yazar-ceyda-kalender","12":"first","13":"instock","14":"sale","15":"shipping-taxable","16":"purchasable","17":"product-type-simple"},"_links":{"self":[{"href":"https:\/\/roveyayinevi.com.tr\/index.php\/wp-json\/wp\/v2\/product\/770153","targetHints":{"allow":["GET"]}}],"collection":[{"href":"https:\/\/roveyayinevi.com.tr\/index.php\/wp-json\/wp\/v2\/product"}],"about":[{"href":"https:\/\/roveyayinevi.com.tr\/index.php\/wp-json\/wp\/v2\/types\/product"}],"wp:attachment":[{"href":"https:\/\/roveyayinevi.com.tr\/index.php\/wp-json\/wp\/v2\/media?parent=770153"}],"wp:term":[{"taxonomy":"product_brand","embeddable":true,"href":"https:\/\/roveyayinevi.com.tr\/index.php\/wp-json\/wp\/v2\/product_brand?post=770153"},{"taxonomy":"product_cat","embeddable":true,"href":"https:\/\/roveyayinevi.com.tr\/index.php\/wp-json\/wp\/v2\/product_cat?post=770153"},{"taxonomy":"product_tag","embeddable":true,"href":"https:\/\/roveyayinevi.com.tr\/index.php\/wp-json\/wp\/v2\/product_tag?post=770153"}],"curies":[{"name":"wp","href":"https:\/\/api.w.org\/{rel}","templated":true}]}}