{"id":770150,"date":"2025-08-28T14:19:48","date_gmt":"2025-08-28T11:19:48","guid":{"rendered":"https:\/\/roveyayinevi.com.tr\/index.php\/urun\/deniz-feneri-bekcisi\/"},"modified":"2026-04-15T03:36:33","modified_gmt":"2026-04-15T00:36:33","slug":"deniz-feneri-bekcisi","status":"publish","type":"product","link":"https:\/\/roveyayinevi.com.tr\/index.php\/urun\/deniz-feneri-bekcisi\/","title":{"rendered":"Deniz Feneri Bek\u00e7isi"},"content":{"rendered":"<p>F\u0131rt\u0131nal\u0131 bir gecede d\u00f6rt direkli bir gulet, azg\u0131n dalgalar y\u00fcz\u00fcnden kayal\u0131klara s\u00fcr\u00fcklenmi\u015fti. Yelkenleri an\u0131nda par\u00e7alanm\u0131\u015f, direklerinden \u00fc\u00e7\u00fc k\u0131r\u0131lm\u0131\u015ft\u0131 ve h\u0131zla bat\u0131yordu. Benjamin Postlethwaite deniz fenerinin tepesinden ya\u015fananlar\u0131 g\u00f6rd\u00fc. Ne yapmas\u0131 gerekti\u011fini biliyordu. \u0130\u015fte benim maceram da b\u00f6yle ba\u015flad\u0131.   <\/p>\n","protected":false},"excerpt":{"rendered":"<p>F\u0131rt\u0131nal\u0131 bir gecede d\u00f6rt direkli bir gulet, azg\u0131n dalgalar y\u00fcz\u00fcnden kayal\u0131klara s\u00fcr\u00fcklenmi\u015fti. Yelkenleri an\u0131nda par\u00e7alanm\u0131\u015f, direklerinden \u00fc\u00e7\u00fc k\u0131r\u0131lm\u0131\u015ft\u0131 ve h\u0131zla bat\u0131yordu. Benjamin Postlethwaite deniz fenerinin tepesinden<span class=\"excerpt-hellip\"> [\u2026]<\/span><\/p>\n","protected":false},"featured_media":0,"template":"","meta":{"_monsterinsights_skip_tracking":false,"_monsterinsights_sitenote_active":false,"_monsterinsights_sitenote_note":"","_monsterinsights_sitenote_category":0},"product_brand":[],"product_cat":[12274,12284],"product_tag":[],"class_list":{"0":"post-770150","1":"product","2":"type-product","3":"status-publish","5":"product_cat-cocuk-ve-genclik-kitaplari","6":"product_cat-hikayeler","7":"pa_cilt-ciltsiz","8":"pa_tur-kitap","9":"pa_yayinevi-cinar-yayinlari","10":"pa_yazar-michael-morpurgo","12":"first","13":"instock","14":"sale","15":"shipping-taxable","16":"purchasable","17":"product-type-simple"},"_links":{"self":[{"href":"https:\/\/roveyayinevi.com.tr\/index.php\/wp-json\/wp\/v2\/product\/770150","targetHints":{"allow":["GET"]}}],"collection":[{"href":"https:\/\/roveyayinevi.com.tr\/index.php\/wp-json\/wp\/v2\/product"}],"about":[{"href":"https:\/\/roveyayinevi.com.tr\/index.php\/wp-json\/wp\/v2\/types\/product"}],"wp:attachment":[{"href":"https:\/\/roveyayinevi.com.tr\/index.php\/wp-json\/wp\/v2\/media?parent=770150"}],"wp:term":[{"taxonomy":"product_brand","embeddable":true,"href":"https:\/\/roveyayinevi.com.tr\/index.php\/wp-json\/wp\/v2\/product_brand?post=770150"},{"taxonomy":"product_cat","embeddable":true,"href":"https:\/\/roveyayinevi.com.tr\/index.php\/wp-json\/wp\/v2\/product_cat?post=770150"},{"taxonomy":"product_tag","embeddable":true,"href":"https:\/\/roveyayinevi.com.tr\/index.php\/wp-json\/wp\/v2\/product_tag?post=770150"}],"curies":[{"name":"wp","href":"https:\/\/api.w.org\/{rel}","templated":true}]}}