{"id":770149,"date":"2025-08-28T14:19:47","date_gmt":"2025-08-28T11:19:47","guid":{"rendered":"https:\/\/roveyayinevi.com.tr\/index.php\/urun\/yolcularin-dusu\/"},"modified":"2026-04-15T03:36:33","modified_gmt":"2026-04-15T00:36:33","slug":"yolcularin-dusu","status":"publish","type":"product","link":"https:\/\/roveyayinevi.com.tr\/index.php\/urun\/yolcularin-dusu\/","title":{"rendered":"Yolcular\u0131n D\u00fc\u015f\u00fc"},"content":{"rendered":"<p>Yolcular\u0131n d\u00fc\u015f\u00fc \u00f6zg\u00fcrl\u00fck, e\u015fitlik ve karde\u015flik \u00fczerinedir. Yolcular\u0131n d\u00fc\u015f\u00fc s\u0131n\u0131rs\u0131z, s\u00f6m\u00fcr\u00fcs\u00fcz, hi\u00e7bir bask\u0131 ve ayr\u0131mc\u0131l\u0131\u011f\u0131n olmad\u0131\u011f\u0131 bir ya\u015fam \u00fczerinedir. Ne yollar t\u00fckenir, ne yolcular, ne de yolcular\u0131n d\u00fc\u015fleri&#8230; Yolcular var olduk\u00e7a d\u00fc\u015fler, yolculuklar ve m\u00fccadele her ko\u015fulda devam edecek&#8230;<\/p>\n","protected":false},"excerpt":{"rendered":"<p>Yolcular\u0131n d\u00fc\u015f\u00fc \u00f6zg\u00fcrl\u00fck, e\u015fitlik ve karde\u015flik \u00fczerinedir. Yolcular\u0131n d\u00fc\u015f\u00fc s\u0131n\u0131rs\u0131z, s\u00f6m\u00fcr\u00fcs\u00fcz, hi\u00e7bir bask\u0131 ve ayr\u0131mc\u0131l\u0131\u011f\u0131n olmad\u0131\u011f\u0131 bir ya\u015fam \u00fczerinedir. Ne yollar t\u00fckenir, ne yolcular, ne de<span class=\"excerpt-hellip\"> [\u2026]<\/span><\/p>\n","protected":false},"featured_media":0,"template":"","meta":{"_monsterinsights_skip_tracking":false,"_monsterinsights_sitenote_active":false,"_monsterinsights_sitenote_note":"","_monsterinsights_sitenote_category":0},"product_brand":[],"product_cat":[13059,12337],"product_tag":[],"class_list":{"0":"post-770149","1":"product","2":"type-product","3":"status-publish","5":"product_cat-diger-politika-siyaset","6":"product_cat-politika-siyaset","7":"pa_cilt-ciltsiz","8":"pa_tur-kitap","9":"pa_yayinevi-beje-yayincilik","10":"pa_yazar-mahmut-memduh-uyan","12":"first","13":"instock","14":"sale","15":"shipping-taxable","16":"purchasable","17":"product-type-simple"},"_links":{"self":[{"href":"https:\/\/roveyayinevi.com.tr\/index.php\/wp-json\/wp\/v2\/product\/770149","targetHints":{"allow":["GET"]}}],"collection":[{"href":"https:\/\/roveyayinevi.com.tr\/index.php\/wp-json\/wp\/v2\/product"}],"about":[{"href":"https:\/\/roveyayinevi.com.tr\/index.php\/wp-json\/wp\/v2\/types\/product"}],"wp:attachment":[{"href":"https:\/\/roveyayinevi.com.tr\/index.php\/wp-json\/wp\/v2\/media?parent=770149"}],"wp:term":[{"taxonomy":"product_brand","embeddable":true,"href":"https:\/\/roveyayinevi.com.tr\/index.php\/wp-json\/wp\/v2\/product_brand?post=770149"},{"taxonomy":"product_cat","embeddable":true,"href":"https:\/\/roveyayinevi.com.tr\/index.php\/wp-json\/wp\/v2\/product_cat?post=770149"},{"taxonomy":"product_tag","embeddable":true,"href":"https:\/\/roveyayinevi.com.tr\/index.php\/wp-json\/wp\/v2\/product_tag?post=770149"}],"curies":[{"name":"wp","href":"https:\/\/api.w.org\/{rel}","templated":true}]}}