{"id":770148,"date":"2025-08-28T14:19:45","date_gmt":"2025-08-28T11:19:45","guid":{"rendered":"https:\/\/roveyayinevi.com.tr\/index.php\/urun\/abdulhak-sinasi-hisar-dort-deneme-dort-hikaye\/"},"modified":"2026-04-15T03:36:33","modified_gmt":"2026-04-15T00:36:33","slug":"abdulhak-sinasi-hisar-dort-deneme-dort-hikaye","status":"publish","type":"product","link":"https:\/\/roveyayinevi.com.tr\/index.php\/urun\/abdulhak-sinasi-hisar-dort-deneme-dort-hikaye\/","title":{"rendered":"Abd\u00fclhak \u015einasi Hisar:  D\u00f6rt Deneme D\u00f6rt Hikaye"},"content":{"rendered":"<p>\u0130stanbul\u2019u ve \u00f6zellikle Bo\u011fazi\u00e7i\u2019ni anlatt\u0131\u011f\u0131 eserleriyle edebiyat\u0131m\u0131z\u0131n nevi \u015fahs\u0131na m\u00fcnhas\u0131r isimlerinden Abd\u00fclhak \u015einasi Hisar, yaln\u0131zca kurmaca metinleriyle de\u011fil, ayn\u0131 zamanda kurmacad\u0131\u015f\u0131 yaz\u0131lar\u0131yla da T\u00fcrk\u00e7enin sesini kitlelere duyurmu\u015f, ad\u0131n\u0131 Cumhuriyet d\u00f6neminin en kuvvetli kalemlerinden biri olarak edebiyat tarihine yazd\u0131rm\u0131\u015ft\u0131r. Hisar\u2019\u0131n denemelerinden ve an\u0131lar\u0131n\u0131 aktard\u0131\u011f\u0131 hik\u00e2yelerinden Everest A\u00e7\u0131khava i\u00e7in se\u00e7ilmi\u015f d\u00f6rder metni bir araya getiren D\u00f6rt Deneme D\u00f6rt Hik\u00e2ye, onun \u00e7ok y\u00f6nl\u00fc d\u00fcnyas\u0131n\u0131 daha evvel ke\u015ffetmemi\u015f okurlar i\u00e7in bir giri\u015f kitab\u0131 niteli\u011finde. <\/p>\n","protected":false},"excerpt":{"rendered":"<p>\u0130stanbul\u2019u ve \u00f6zellikle Bo\u011fazi\u00e7i\u2019ni anlatt\u0131\u011f\u0131 eserleriyle edebiyat\u0131m\u0131z\u0131n nevi \u015fahs\u0131na m\u00fcnhas\u0131r isimlerinden Abd\u00fclhak \u015einasi Hisar, yaln\u0131zca kurmaca metinleriyle de\u011fil, ayn\u0131 zamanda kurmacad\u0131\u015f\u0131 yaz\u0131lar\u0131yla da T\u00fcrk\u00e7enin sesini kitlelere<span class=\"excerpt-hellip\"> [\u2026]<\/span><\/p>\n","protected":false},"featured_media":0,"template":"","meta":{"_monsterinsights_skip_tracking":false,"_monsterinsights_sitenote_active":false,"_monsterinsights_sitenote_note":"","_monsterinsights_sitenote_category":0},"product_brand":[],"product_cat":[12291,12711],"product_tag":[],"class_list":{"0":"post-770148","1":"product","2":"type-product","3":"status-publish","5":"product_cat-edebiyat","6":"product_cat-roman-oyku","7":"pa_cilt-ciltsiz","8":"pa_tur-kitap","9":"pa_yayinevi-everest-yayinlari","10":"pa_yazar-abdulhak-sinasi-hisar","12":"first","13":"instock","14":"sale","15":"shipping-taxable","16":"purchasable","17":"product-type-simple"},"_links":{"self":[{"href":"https:\/\/roveyayinevi.com.tr\/index.php\/wp-json\/wp\/v2\/product\/770148","targetHints":{"allow":["GET"]}}],"collection":[{"href":"https:\/\/roveyayinevi.com.tr\/index.php\/wp-json\/wp\/v2\/product"}],"about":[{"href":"https:\/\/roveyayinevi.com.tr\/index.php\/wp-json\/wp\/v2\/types\/product"}],"wp:attachment":[{"href":"https:\/\/roveyayinevi.com.tr\/index.php\/wp-json\/wp\/v2\/media?parent=770148"}],"wp:term":[{"taxonomy":"product_brand","embeddable":true,"href":"https:\/\/roveyayinevi.com.tr\/index.php\/wp-json\/wp\/v2\/product_brand?post=770148"},{"taxonomy":"product_cat","embeddable":true,"href":"https:\/\/roveyayinevi.com.tr\/index.php\/wp-json\/wp\/v2\/product_cat?post=770148"},{"taxonomy":"product_tag","embeddable":true,"href":"https:\/\/roveyayinevi.com.tr\/index.php\/wp-json\/wp\/v2\/product_tag?post=770148"}],"curies":[{"name":"wp","href":"https:\/\/api.w.org\/{rel}","templated":true}]}}