{"id":770146,"date":"2025-08-28T14:19:40","date_gmt":"2025-08-28T11:19:40","guid":{"rendered":"https:\/\/roveyayinevi.com.tr\/index.php\/urun\/grotesk-dusler\/"},"modified":"2026-04-15T03:36:33","modified_gmt":"2026-04-15T00:36:33","slug":"grotesk-dusler","status":"publish","type":"product","link":"https:\/\/roveyayinevi.com.tr\/index.php\/urun\/grotesk-dusler\/","title":{"rendered":"Grotesk D\u00fc\u015fler"},"content":{"rendered":"<p>\u201cSen kendini \u00f6zg\u00fcr hissetmek mi istiyorsun, yoksa hayattan intikam almak m\u0131? Ben de \u00e7ok intikam pe\u015finde ko\u015ftum, hayat\u0131n bana ya\u015fatt\u0131klar\u0131na dair. \u0130nsan hep bir adalet ar\u0131yor de\u011fil mi? Sana kar\u015f\u0131 bir \u00f6z\u00fcr borcu var hayat\u0131n ama o oral\u0131 olmuyor.\u201d  \u0130nsanlar hep mutlu sonla bitmeyen, tam olarak iyi ya da k\u00f6t\u00fc olamayan, kafas\u0131 hep kar\u0131\u015f\u0131k, bazen abart\u0131l\u0131 derecede g\u00fcl\u00fcn\u00e7, bazen de olamayacak kadar ac\u0131kl\u0131 bir d\u00fc\u015f i\u00e7inde ya\u015f\u0131yor. \u0130\u015fte bu d\u00f6rt oyun da benim grotesk d\u00fc\u015flerim. Ama sadece benim de\u011fil senin de r\u00fcyan bu. \u0130nsan denen acayip varl\u0131\u011f\u0131n gri tonlar\u0131ndaki m\u00fccadelesini en sahici yerden, tiyatro sahnesinden okuman\u0131z i\u00e7in. <\/p>\n","protected":false},"excerpt":{"rendered":"<p>\u201cSen kendini \u00f6zg\u00fcr hissetmek mi istiyorsun, yoksa hayattan intikam almak m\u0131? Ben de \u00e7ok intikam pe\u015finde ko\u015ftum, hayat\u0131n bana ya\u015fatt\u0131klar\u0131na dair. \u0130nsan hep bir adalet ar\u0131yor<span class=\"excerpt-hellip\"> [\u2026]<\/span><\/p>\n","protected":false},"featured_media":0,"template":"","meta":{"_monsterinsights_skip_tracking":false,"_monsterinsights_sitenote_active":false,"_monsterinsights_sitenote_note":"","_monsterinsights_sitenote_category":0},"product_brand":[],"product_cat":[12291,14272],"product_tag":[],"class_list":{"0":"post-770146","1":"product","2":"type-product","3":"status-publish","5":"product_cat-edebiyat","6":"product_cat-tiyatro","7":"pa_cilt-ciltsiz","8":"pa_tur-kitap","9":"pa_yayinevi-kirk-yayinevi","10":"pa_yazar-okan-ozkunt","12":"first","13":"instock","14":"sale","15":"shipping-taxable","16":"purchasable","17":"product-type-simple"},"_links":{"self":[{"href":"https:\/\/roveyayinevi.com.tr\/index.php\/wp-json\/wp\/v2\/product\/770146","targetHints":{"allow":["GET"]}}],"collection":[{"href":"https:\/\/roveyayinevi.com.tr\/index.php\/wp-json\/wp\/v2\/product"}],"about":[{"href":"https:\/\/roveyayinevi.com.tr\/index.php\/wp-json\/wp\/v2\/types\/product"}],"wp:attachment":[{"href":"https:\/\/roveyayinevi.com.tr\/index.php\/wp-json\/wp\/v2\/media?parent=770146"}],"wp:term":[{"taxonomy":"product_brand","embeddable":true,"href":"https:\/\/roveyayinevi.com.tr\/index.php\/wp-json\/wp\/v2\/product_brand?post=770146"},{"taxonomy":"product_cat","embeddable":true,"href":"https:\/\/roveyayinevi.com.tr\/index.php\/wp-json\/wp\/v2\/product_cat?post=770146"},{"taxonomy":"product_tag","embeddable":true,"href":"https:\/\/roveyayinevi.com.tr\/index.php\/wp-json\/wp\/v2\/product_tag?post=770146"}],"curies":[{"name":"wp","href":"https:\/\/api.w.org\/{rel}","templated":true}]}}