{"id":770145,"date":"2025-08-28T14:19:38","date_gmt":"2025-08-28T11:19:38","guid":{"rendered":"https:\/\/roveyayinevi.com.tr\/index.php\/urun\/mark-twain-dort-hayvan-oykusu\/"},"modified":"2026-04-15T03:36:33","modified_gmt":"2026-04-15T00:36:33","slug":"mark-twain-dort-hayvan-oykusu","status":"publish","type":"product","link":"https:\/\/roveyayinevi.com.tr\/index.php\/urun\/mark-twain-dort-hayvan-oykusu\/","title":{"rendered":"Mark Twain: D\u00f6rt Hayvan \u00d6yk\u00fcs\u00fc"},"content":{"rendered":"<p>D\u00f6rt Hayvan \u00d6yk\u00fcs\u00fc, Tom Sawyer ve Huckleberry Finn gibi unutulmaz karakterlerin yarat\u0131c\u0131s\u0131 Mark Twain\u2019in hayvanlara dair \u00f6yk\u00fclerinden bir se\u00e7ki sunuyor. Twain, kitab\u0131n a\u00e7\u0131l\u0131\u015f \u00f6yk\u00fcs\u00fc \u201cBir K\u00f6pe\u011fin Hik\u00e2yesi\u201dnde ya\u015fananlar\u0131 bir k\u00f6pe\u011fin g\u00f6z\u00fcnden aktar\u0131rken \u201c\u00c7al\u0131nt\u0131 Beyaz Fil\u201dde ise polisiye olay \u00f6rg\u00fcs\u00fcn\u00fc komedi unsurlar\u0131yla s\u00fcsl\u00fcyor. \u201cCalaveras County\u2019nin S\u0131\u00e7ramas\u0131yla Nam Salm\u0131\u015f Kurba\u011fas\u0131\u201d, ilham\u0131n\u0131 bir Antik Yunan masal\u0131ndan al\u0131yor. \u201cCecil Rhodes ve K\u00f6pekbal\u0131\u011f\u0131\u201d ise bir k\u00f6pekbal\u0131\u011f\u0131 sayesinde talihi d\u00f6nen bir adam\u0131n hik\u00e2yesi. \u0130nsan do\u011fas\u0131yla hayvan do\u011fas\u0131n\u0131n i\u00e7 i\u00e7e ge\u00e7ti\u011fi bu \u00f6yk\u00fclerde bu b\u00fcy\u00fck yazar\u0131 yeniden ke\u015ffediyoruz. <\/p>\n","protected":false},"excerpt":{"rendered":"<p>D\u00f6rt Hayvan \u00d6yk\u00fcs\u00fc, Tom Sawyer ve Huckleberry Finn gibi unutulmaz karakterlerin yarat\u0131c\u0131s\u0131 Mark Twain\u2019in hayvanlara dair \u00f6yk\u00fclerinden bir se\u00e7ki sunuyor. Twain, kitab\u0131n a\u00e7\u0131l\u0131\u015f \u00f6yk\u00fcs\u00fc \u201cBir K\u00f6pe\u011fin<span class=\"excerpt-hellip\"> [\u2026]<\/span><\/p>\n","protected":false},"featured_media":0,"template":"","meta":{"_monsterinsights_skip_tracking":false,"_monsterinsights_sitenote_active":false,"_monsterinsights_sitenote_note":"","_monsterinsights_sitenote_category":0},"product_brand":[],"product_cat":[12291,12711],"product_tag":[],"class_list":{"0":"post-770145","1":"product","2":"type-product","3":"status-publish","5":"product_cat-edebiyat","6":"product_cat-roman-oyku","7":"pa_cilt-ciltsiz","8":"pa_tur-kitap","9":"pa_yayinevi-everest-yayinlari","10":"pa_yazar-mark-twain","12":"first","13":"instock","14":"sale","15":"shipping-taxable","16":"purchasable","17":"product-type-simple"},"_links":{"self":[{"href":"https:\/\/roveyayinevi.com.tr\/index.php\/wp-json\/wp\/v2\/product\/770145","targetHints":{"allow":["GET"]}}],"collection":[{"href":"https:\/\/roveyayinevi.com.tr\/index.php\/wp-json\/wp\/v2\/product"}],"about":[{"href":"https:\/\/roveyayinevi.com.tr\/index.php\/wp-json\/wp\/v2\/types\/product"}],"wp:attachment":[{"href":"https:\/\/roveyayinevi.com.tr\/index.php\/wp-json\/wp\/v2\/media?parent=770145"}],"wp:term":[{"taxonomy":"product_brand","embeddable":true,"href":"https:\/\/roveyayinevi.com.tr\/index.php\/wp-json\/wp\/v2\/product_brand?post=770145"},{"taxonomy":"product_cat","embeddable":true,"href":"https:\/\/roveyayinevi.com.tr\/index.php\/wp-json\/wp\/v2\/product_cat?post=770145"},{"taxonomy":"product_tag","embeddable":true,"href":"https:\/\/roveyayinevi.com.tr\/index.php\/wp-json\/wp\/v2\/product_tag?post=770145"}],"curies":[{"name":"wp","href":"https:\/\/api.w.org\/{rel}","templated":true}]}}