{"id":770144,"date":"2025-08-28T14:19:36","date_gmt":"2025-08-28T11:19:36","guid":{"rendered":"https:\/\/roveyayinevi.com.tr\/index.php\/urun\/yeni-turk-ruhu\/"},"modified":"2026-04-15T03:36:33","modified_gmt":"2026-04-15T00:36:33","slug":"yeni-turk-ruhu","status":"publish","type":"product","link":"https:\/\/roveyayinevi.com.tr\/index.php\/urun\/yeni-turk-ruhu\/","title":{"rendered":"Yeni T\u00fcrk Ruhu"},"content":{"rendered":"<p>Avrupa\u2019ya benzemek, onlar\u0131n elde etti\u011fi sonu\u00e7lardan yararlanmak, bir\u00e7ok \u00fclkede bir ideal, bir \u00fclk\u00fc olarak kabul edildi ve devrimler ger\u00e7ekle\u015ftirildi. Art\u0131k \u00e7a\u011f denilince Avrupa akla geliyor ve \u00e7a\u011f\u0131 ge\u00e7mek fikri, Avrupa\u2019y\u0131 geride b\u0131rakmak anlam\u0131na geliyordu. B\u00f6yle duygular ve d\u00fc\u015f\u00fcnceler, y\u00fczy\u0131lda ilk verimini Japonya\u2019da ve T\u00fcrkiye\u2019de g\u00f6sterdi.T\u00fcrkiye\u2019deki yenilik\u00e7i ak\u0131m ve vatan\u0131n d\u00fc\u015fman \u00e7izmelerinden kurtulu\u015fu, b\u00fct\u00fcn do\u011fu d\u00fcnyas\u0131na uyand\u0131r\u0131c\u0131, uyar\u0131c\u0131 etkiler yapm\u0131\u015f ve do\u011funun bir\u00e7ok \u015f\u00f6hretli ayd\u0131nlar\u0131, T\u00fcrkiye\u2019yi kendi \u00fclkelerine ula\u015f\u0131lmas\u0131 gereken bir ideal olarak sundu. T\u00fcrkiye\u2019de ger\u00e7ekle\u015ftirilen devrimlerin, kendi \u00fclkelerinde de uygulanmas\u0131n\u0131 a\u00e7\u0131k\u00e7a s\u00f6yleyenler \u00e7o\u011fald\u0131. Bu ak\u0131m o kadar insanl\u0131\u011f\u0131 etkiledi ki, art\u0131k bir\u00e7ok \u00fclkede deneysel bilimler ve ara\u015ft\u0131rmalar yer yer Avrupa\u2019y\u0131 sollar hale geldi. Etki ve tepki dengesi \u00e7ok zaman duygular\u0131n esiri oldu san\u0131labilir, ama olaylar \u00fcmit kap\u0131lar\u0131n\u0131 azalt\u0131rken, bir taraftan da ayd\u0131nl\u0131k bir \u0131\u015f\u0131k kayna\u011f\u0131n\u0131n ortaya \u00e7\u0131kmas\u0131na vesile olur diye d\u00fc\u015f\u00fcn\u00fcyoruz. Bu \u0131\u015f\u0131k, Yeni T\u00fcrk Ruhudur. \u0130\u00e7inde T\u00fcrkiye ate\u015finin yand\u0131\u011f\u0131 ve onu s\u0131k\u0131nt\u0131lardan kurtarma iradesine sahip bir anlay\u0131\u015f, bir sezi\u015f. \u0130\u015fte bu kitapta Yeni T\u00fcrk Ruhu\u2019nun pe\u015fine d\u00fc\u015fece\u011fiz. <\/p>\n","protected":false},"excerpt":{"rendered":"<p>Avrupa\u2019ya benzemek, onlar\u0131n elde etti\u011fi sonu\u00e7lardan yararlanmak, bir\u00e7ok \u00fclkede bir ideal, bir \u00fclk\u00fc olarak kabul edildi ve devrimler ger\u00e7ekle\u015ftirildi. Art\u0131k \u00e7a\u011f denilince Avrupa akla geliyor ve<span class=\"excerpt-hellip\"> [\u2026]<\/span><\/p>\n","protected":false},"featured_media":0,"template":"","meta":{"_monsterinsights_skip_tracking":false,"_monsterinsights_sitenote_active":false,"_monsterinsights_sitenote_note":"","_monsterinsights_sitenote_category":0},"product_brand":[],"product_cat":[52477],"product_tag":[],"class_list":{"0":"post-770144","1":"product","2":"type-product","3":"status-publish","5":"product_cat-arastirma","6":"pa_cilt-ciltsiz","7":"pa_tur-kitap","8":"pa_yayinevi-bilge-budun-yayinlari","9":"pa_yazar-ismail-ozmel","11":"first","12":"instock","13":"sale","14":"shipping-taxable","15":"purchasable","16":"product-type-simple"},"_links":{"self":[{"href":"https:\/\/roveyayinevi.com.tr\/index.php\/wp-json\/wp\/v2\/product\/770144","targetHints":{"allow":["GET"]}}],"collection":[{"href":"https:\/\/roveyayinevi.com.tr\/index.php\/wp-json\/wp\/v2\/product"}],"about":[{"href":"https:\/\/roveyayinevi.com.tr\/index.php\/wp-json\/wp\/v2\/types\/product"}],"wp:attachment":[{"href":"https:\/\/roveyayinevi.com.tr\/index.php\/wp-json\/wp\/v2\/media?parent=770144"}],"wp:term":[{"taxonomy":"product_brand","embeddable":true,"href":"https:\/\/roveyayinevi.com.tr\/index.php\/wp-json\/wp\/v2\/product_brand?post=770144"},{"taxonomy":"product_cat","embeddable":true,"href":"https:\/\/roveyayinevi.com.tr\/index.php\/wp-json\/wp\/v2\/product_cat?post=770144"},{"taxonomy":"product_tag","embeddable":true,"href":"https:\/\/roveyayinevi.com.tr\/index.php\/wp-json\/wp\/v2\/product_tag?post=770144"}],"curies":[{"name":"wp","href":"https:\/\/api.w.org\/{rel}","templated":true}]}}