{"id":770141,"date":"2025-08-28T14:19:30","date_gmt":"2025-08-28T11:19:30","guid":{"rendered":"https:\/\/roveyayinevi.com.tr\/index.php\/urun\/sorun-sende-degil\/"},"modified":"2025-09-22T17:30:38","modified_gmt":"2025-09-22T14:30:38","slug":"sorun-sende-degil","status":"publish","type":"product","link":"https:\/\/roveyayinevi.com.tr\/index.php\/urun\/sorun-sende-degil\/","title":{"rendered":"Sorun Sende De\u011fil"},"content":{"rendered":"<p>Hayatta bazen bir \u015feylerin yolunda gitmedi\u011fini hissedersiniz. \u0130\u015fler istedi\u011finiz gibi geli\u015fmez, hayalleriniz ula\u015f\u0131lmaz g\u00f6r\u00fcn\u00fcr ve ne yaparsan\u0131z yap\u0131n yeterli olmad\u0131\u011f\u0131n\u0131z\u0131 d\u00fc\u015f\u00fcn\u00fcrs\u00fcn\u00fcz. Bu noktada, ilk su\u00e7lad\u0131\u011f\u0131n\u0131z kim olur? Kendiniz mi? Cevab\u0131n\u0131z evet ise merak etmeyin, SORUN S\u0130ZDE DE\u011e\u0130L! \u0130ki uzman psikoterapist taraf\u0131ndan kaleme al\u0131nan bu kitap, aile i\u00e7i narsisizmi ve narsisist ebeveynler taraf\u0131ndan yeti\u015ftirilmenin sonu\u00e7lar\u0131n\u0131 g\u00f6zler \u00f6n\u00fcne seriyor ve bu yaralar\u0131 nas\u0131l sarabilece\u011fimize dair bizlere \u00e7e\u015fitli stratejiler sunuyor. Villiers ve McKenna, dan\u0131\u015fanlar\u0131ndan anlat\u0131lar ve \u00f6rnek senaryolar kullanarak ailevi kal\u0131plar\u0131m\u0131za, bu toksik ili\u015fkilerden nas\u0131l kurtulabilece\u011fimize ve hayatlar\u0131m\u0131z\u0131 nas\u0131l geri kazanabilece\u011fimize dair \u015fefkatli ve i\u00e7ten bir yakla\u015f\u0131m sunuyor.    &#8220;Helen ve Katie&#8217;nin tavsiyeleri hayat\u0131n\u0131z\u0131 degistirecek. Benimkini kesinlikle degistirdi.&#8221; -Kay Allinson   &#8220;Bu kitab\u0131 bir hafta boyunca elimden b\u0131rakamad\u0131m\u2026 Kitaba bay\u0131ld\u0131m.&#8221; -Shay Kaur Grewal, BBC Radio   &#8220;Harika bir kitap, o kadar detayl\u0131 ki tekrar tekrar okumak zorunda kalacag\u0131z.&#8221; &#8211; Oliver Callan<\/p>\n","protected":false},"excerpt":{"rendered":"<p>Hayatta bazen bir \u015feylerin yolunda gitmedi\u011fini hissedersiniz. \u0130\u015fler istedi\u011finiz gibi geli\u015fmez, hayalleriniz ula\u015f\u0131lmaz g\u00f6r\u00fcn\u00fcr ve ne yaparsan\u0131z yap\u0131n yeterli olmad\u0131\u011f\u0131n\u0131z\u0131 d\u00fc\u015f\u00fcn\u00fcrs\u00fcn\u00fcz. Bu noktada, ilk su\u00e7lad\u0131\u011f\u0131n\u0131z kim<span class=\"excerpt-hellip\"> [\u2026]<\/span><\/p>\n","protected":false},"featured_media":0,"template":"","meta":{"_monsterinsights_skip_tracking":false,"_monsterinsights_sitenote_active":false,"_monsterinsights_sitenote_note":"","_monsterinsights_sitenote_category":0},"product_brand":[],"product_cat":[20502,12357],"product_tag":[],"class_list":{"0":"post-770141","1":"product","2":"type-product","3":"status-publish","5":"product_cat-basvuru-kitaplari-psikoloji","6":"product_cat-psikoloji","7":"pa_cilt-ciltsiz","8":"pa_tur-kitap","9":"pa_yayinevi-mona-kitap","10":"pa_yazar-helen-villiers-katie-mckenna","12":"first","13":"instock","14":"sale","15":"shipping-taxable","16":"purchasable","17":"product-type-simple"},"_links":{"self":[{"href":"https:\/\/roveyayinevi.com.tr\/index.php\/wp-json\/wp\/v2\/product\/770141","targetHints":{"allow":["GET"]}}],"collection":[{"href":"https:\/\/roveyayinevi.com.tr\/index.php\/wp-json\/wp\/v2\/product"}],"about":[{"href":"https:\/\/roveyayinevi.com.tr\/index.php\/wp-json\/wp\/v2\/types\/product"}],"wp:attachment":[{"href":"https:\/\/roveyayinevi.com.tr\/index.php\/wp-json\/wp\/v2\/media?parent=770141"}],"wp:term":[{"taxonomy":"product_brand","embeddable":true,"href":"https:\/\/roveyayinevi.com.tr\/index.php\/wp-json\/wp\/v2\/product_brand?post=770141"},{"taxonomy":"product_cat","embeddable":true,"href":"https:\/\/roveyayinevi.com.tr\/index.php\/wp-json\/wp\/v2\/product_cat?post=770141"},{"taxonomy":"product_tag","embeddable":true,"href":"https:\/\/roveyayinevi.com.tr\/index.php\/wp-json\/wp\/v2\/product_tag?post=770141"}],"curies":[{"name":"wp","href":"https:\/\/api.w.org\/{rel}","templated":true}]}}