{"id":770140,"date":"2025-08-28T14:19:28","date_gmt":"2025-08-28T11:19:28","guid":{"rendered":"https:\/\/roveyayinevi.com.tr\/index.php\/urun\/wolfgang-borchert-o-zaman-yapacak-tek-bir-sey-var-hayir-de\/"},"modified":"2026-04-15T03:36:33","modified_gmt":"2026-04-15T00:36:33","slug":"wolfgang-borchert-o-zaman-yapacak-tek-bir-sey-var-hayir-de","status":"publish","type":"product","link":"https:\/\/roveyayinevi.com.tr\/index.php\/urun\/wolfgang-borchert-o-zaman-yapacak-tek-bir-sey-var-hayir-de\/","title":{"rendered":"Wolfgang Borchert: O Zaman Yapacak Tek Bir \u015eey Var Hay\u0131r De!"},"content":{"rendered":"<p>S\u0131k\u0131 bir okur ve hevesk\u00e2r bir \u015fair olarak onlu ya\u015flar\u0131ndan \u00f6mr\u00fcn\u00fcn son y\u0131llar\u0131na dek \u015fiir seyrini s\u00fcrd\u00fcren Wolfgang Borchert (1921-1947), \u00f6\u011fretmen bir baban\u0131n ve yazar bir annenin tek \u00e7ocu\u011fu olarak Hamburg\u2019da do\u011fdu. 1941\u2019de askere al\u0131n\u0131p Rus cephesine g\u00f6nderildi. II. D\u00fcnya Sava\u015f\u0131\u2019nda yaraland\u0131, \u00e7e\u015fitli hastal\u0131klara yakaland\u0131. Nasyonal sosyalizm aleyhine yaz\u0131lar\u0131 y\u00fcz\u00fcnden bir\u00e7ok defa tutukland\u0131. Sava\u015fa kar\u015f\u0131 evrensel bir direni\u015f \u00e7a\u011fr\u0131s\u0131, Borchert\u2019in insanl\u0131\u011fa miras\u0131 olarak kabul edilen O Zaman Yapacak Tek Bir \u015eey Var: Hay\u0131r De!, yazar\u0131n \u00f6l\u00fcm\u00fcnden birka\u00e7 hafta \u00f6nce yazd\u0131\u011f\u0131 son eseridir. II. D\u00fcnya Sava\u015f\u0131\u2019n\u0131n ac\u0131mas\u0131z y\u00fcz\u00fcne bizzat tan\u0131kl\u0131k eden Borchert, k\u00fclt olmu\u015f bu sava\u015f kar\u015f\u0131t\u0131 manifestosunda militarizme kar\u015f\u0131 derin bir ele\u015ftiri sunar. Duygusal yo\u011funlu\u011fu ve etkileyici \u00fcslubuyla dikkat \u00e7eken metin, sava\u015fa hizmet edecek emirlere kar\u015f\u0131 durman\u0131n insanl\u0131k i\u00e7in tek \u00e7are oldu\u011funu anlat\u0131r; sava\u015f\u0131n y\u0131k\u0131c\u0131l\u0131\u011f\u0131n\u0131, hayat\u0131 hi\u00e7e sayan d\u00fczenleri, bar\u0131\u015f\u0131n ve vicdan\u0131n \u00f6nemini \u00e7arp\u0131c\u0131 bir dille vurgular. Borchert\u2019in insana ve hayata duydu\u011fu sevgiye dair unutulmaz bir a\u011f\u0131t niteli\u011finde olan Hay\u0131r De!, sava\u015f kar\u015f\u0131t\u0131 bir slogan olarak ku\u015faklarca hayk\u0131r\u0131lm\u0131\u015ft\u0131r. <\/p>\n","protected":false},"excerpt":{"rendered":"<p>S\u0131k\u0131 bir okur ve hevesk\u00e2r bir \u015fair olarak onlu ya\u015flar\u0131ndan \u00f6mr\u00fcn\u00fcn son y\u0131llar\u0131na dek \u015fiir seyrini s\u00fcrd\u00fcren Wolfgang Borchert (1921-1947), \u00f6\u011fretmen bir baban\u0131n ve yazar bir<span class=\"excerpt-hellip\"> [\u2026]<\/span><\/p>\n","protected":false},"featured_media":0,"template":"","meta":{"_monsterinsights_skip_tracking":false,"_monsterinsights_sitenote_active":false,"_monsterinsights_sitenote_note":"","_monsterinsights_sitenote_category":0},"product_brand":[],"product_cat":[12291,12711],"product_tag":[],"class_list":{"0":"post-770140","1":"product","2":"type-product","3":"status-publish","5":"product_cat-edebiyat","6":"product_cat-roman-oyku","7":"pa_cilt-ciltsiz","8":"pa_tur-kitap","9":"pa_yayinevi-everest-yayinlari","10":"pa_yazar-wolfgang-borchert","12":"first","13":"instock","14":"sale","15":"shipping-taxable","16":"purchasable","17":"product-type-simple"},"_links":{"self":[{"href":"https:\/\/roveyayinevi.com.tr\/index.php\/wp-json\/wp\/v2\/product\/770140","targetHints":{"allow":["GET"]}}],"collection":[{"href":"https:\/\/roveyayinevi.com.tr\/index.php\/wp-json\/wp\/v2\/product"}],"about":[{"href":"https:\/\/roveyayinevi.com.tr\/index.php\/wp-json\/wp\/v2\/types\/product"}],"wp:attachment":[{"href":"https:\/\/roveyayinevi.com.tr\/index.php\/wp-json\/wp\/v2\/media?parent=770140"}],"wp:term":[{"taxonomy":"product_brand","embeddable":true,"href":"https:\/\/roveyayinevi.com.tr\/index.php\/wp-json\/wp\/v2\/product_brand?post=770140"},{"taxonomy":"product_cat","embeddable":true,"href":"https:\/\/roveyayinevi.com.tr\/index.php\/wp-json\/wp\/v2\/product_cat?post=770140"},{"taxonomy":"product_tag","embeddable":true,"href":"https:\/\/roveyayinevi.com.tr\/index.php\/wp-json\/wp\/v2\/product_tag?post=770140"}],"curies":[{"name":"wp","href":"https:\/\/api.w.org\/{rel}","templated":true}]}}