{"id":770138,"date":"2025-08-28T14:19:23","date_gmt":"2025-08-28T11:19:23","guid":{"rendered":"https:\/\/roveyayinevi.com.tr\/index.php\/urun\/gelincik-neden-kirmizi-canakkaleden-dunya-cocuklarina-bir-armagan\/"},"modified":"2026-04-15T03:36:33","modified_gmt":"2026-04-15T00:36:33","slug":"gelincik-neden-kirmizi-canakkaleden-dunya-cocuklarina-bir-armagan","status":"publish","type":"product","link":"https:\/\/roveyayinevi.com.tr\/index.php\/urun\/gelincik-neden-kirmizi-canakkaleden-dunya-cocuklarina-bir-armagan\/","title":{"rendered":"Gelincik Neden K\u0131rm\u0131z\u0131? \u00c7anakkale\u2019den D\u00fcnya \u00c7ocuklar\u0131na Bir Arma\u011fan"},"content":{"rendered":"<p>R\u00fczg\u00e2r esti\u011finde, \u00c7anakkale\u2019nin tepelerinde k\u0131rm\u0131z\u0131 gelincikler dalgalan\u0131r. Toprak, sessizce an\u0131lar\u0131n\u0131 saklar; a\u011fa\u00e7lar, ge\u00e7mi\u015fin f\u0131s\u0131lt\u0131lar\u0131n\u0131 ta\u015f\u0131r.  Mart\u0131, k\u0131pk\u0131rm\u0131z\u0131 gelinciklere hayranl\u0131kla bakarken, bir sorunun pe\u015fine d\u00fc\u015fer: &#8220;Gelincik neden k\u0131rm\u0131z\u0131?&#8221; Bilge Ard\u0131\u00e7, Ulu Me\u015fe, \u00c7olak Defne ve Yaln\u0131z \u00c7am, ona bu topraklarda ya\u015fananlar\u0131 anlat\u0131r. Bu kitap, minik kalplere tarihimizin en \u00f6nemli destanlar\u0131ndan birini anlatman\u0131n narin bir yolunu sunuyor. Sava\u015f\u0131n y\u0131k\u0131c\u0131l\u0131\u011f\u0131n\u0131 de\u011fil, bar\u0131\u015f\u0131n ve karde\u015fli\u011fin de\u011ferini \u00f6\u011freten bu masals\u0131 anlat\u0131m, \u00e7ocuklar\u0131n hayal g\u00fcc\u00fcne dokunarak unutulmaz bir iz b\u0131rakacak. Tarih, bazen en g\u00fczel \u00e7i\u00e7eklerin diliyle anlat\u0131l\u0131r\u2026 \u201cD\u00fcnya tarihinde \u00c7anakkale\u2019deki gibi bir sava\u015f veren millet azd\u0131r. Vatan savunmas\u0131 bir gereklilik, bir mecburiyet, bir onur meselesidir. \u00c7anakkale Sava\u015f\u0131\u2019n\u0131 \u00e7ocuklar\u0131m\u0131za, \u00e7ocu\u011fun o ya\u015ftaki anlay\u0131\u015f\u0131na, ilgisine, heyecan\u0131na uygun bir \u015fekilde, yeni ba\u015ftan, tekrarlayarak \u00f6\u011fretmek gerekir.  Bu sebeple Gelincik Neden K\u0131rm\u0131z\u0131?, \u00c7anakkale Sava\u015f\u0131\u2019n\u0131n ve \u00c7anakkale\u2019nin k\u00fc\u00e7\u00fck ya\u015ftaki okurlara aktar\u0131lmas\u0131 ve tan\u0131t\u0131lmas\u0131 a\u00e7\u0131s\u0131ndan \u00f6nemli bir eserdir.\u201d \u0130LBER ORTAYLI ***\u00c7anakkale\u2019nin tepelerinde r\u00fczg\u00e2r eser, a\u011fa\u00e7lar f\u0131s\u0131ldar ve gelincikler dalgalan\u0131r\u2026 Gelincik Neden K\u0131rm\u0131z\u0131, okul \u00f6ncesi \u00e7ocuklar i\u00e7in yaz\u0131lm\u0131\u015f, tarihi ve do\u011fay\u0131 \u015fiirsel bir anlat\u0131mla bulu\u015fturan \u00f6zel bir hik\u00e2ye&#8230; Mart\u0131, k\u0131pk\u0131rm\u0131z\u0131 gelinciklere hayranl\u0131kla bakarken bir sorunun pe\u015fine d\u00fc\u015fer: Gelincik neden gelincik? Bilge Ard\u0131\u00e7, Ulu Me\u015fe, \u00c7olak Defne ve Yaln\u0131z \u00c7am, ona bu topraklar\u0131n hat\u0131ralar\u0131n\u0131 anlat\u0131r. Sava\u015f\u0131n g\u00f6lgesinde kalan do\u011fan\u0131n iyile\u015fme g\u00fcc\u00fc, karde\u015flik ve bar\u0131\u015f\u0131n \u00f6nemi minik okurlar\u0131n kalbine dokunacak \u015fekilde i\u015flendi. Bu kitap, \u00e7ocuklara \u00c7anakkale\u2019yi tarih dersleri gibi anlatmaz; do\u011fan\u0131n dilinden, a\u011fa\u00e7lar\u0131n haf\u0131zas\u0131ndan, r\u00fczg\u00e2r\u0131n t\u00fcrk\u00fcs\u00fcnden f\u0131s\u0131ldayarak aktar\u0131r. Duygusal ve \u015fiirsel anlat\u0131m\u0131yla Gelincik Neden K\u0131rm\u0131z\u0131, ebeveynlerin ve e\u011fitimcilerin \u00e7ocuklarla birlikte ke\u015ffetmek isteyece\u011fi nadide bir eser. Okul \u00f6ncesi ya\u015f grubuna uygun, \u015fiirsel ve dokunakl\u0131 bir anlat\u0131m!Tarih, do\u011fa ve bar\u0131\u015f temalar\u0131n\u0131 i\u00e7 i\u00e7e ge\u00e7iren etkileyici bir hik\u00e2ye!G\u00f6rsel anlat\u0131m\u0131 destekleyen b\u00fcy\u00fcleyici ill\u00fcstrasyonlarla tamamlanan bir eser! Tarih, bazen en g\u00fczel \u00e7i\u00e7eklerin diliyle anlat\u0131l\u0131r\u2026 Gelincik Neden K\u0131rm\u0131z\u0131, \u015fimdi raflarda!     M\u00fcfredat temalar\u0131:  TAR\u0130H, TAR\u0130H VE ANMA, DO\u011eA VE HAFIZA, \u00d6ZG\u00dcRL\u00dcK, BARI\u015e VE KARDE\u015eL\u0130K, HATIRA, GELECEK, ZAMAN VE MEK\u00c2N, \u00c7ANAKKALE SAVA\u015eLARI<\/p>\n","protected":false},"excerpt":{"rendered":"<p>R\u00fczg\u00e2r esti\u011finde, \u00c7anakkale\u2019nin tepelerinde k\u0131rm\u0131z\u0131 gelincikler dalgalan\u0131r. Toprak, sessizce an\u0131lar\u0131n\u0131 saklar; a\u011fa\u00e7lar, ge\u00e7mi\u015fin f\u0131s\u0131lt\u0131lar\u0131n\u0131 ta\u015f\u0131r. Mart\u0131, k\u0131pk\u0131rm\u0131z\u0131 gelinciklere hayranl\u0131kla bakarken, bir sorunun pe\u015fine d\u00fc\u015fer: &#8220;Gelincik neden<span class=\"excerpt-hellip\"> [\u2026]<\/span><\/p>\n","protected":false},"featured_media":0,"template":"","meta":{"_monsterinsights_skip_tracking":false,"_monsterinsights_sitenote_active":false,"_monsterinsights_sitenote_note":"","_monsterinsights_sitenote_category":0},"product_brand":[],"product_cat":[12274,12284],"product_tag":[],"class_list":{"0":"post-770138","1":"product","2":"type-product","3":"status-publish","5":"product_cat-cocuk-ve-genclik-kitaplari","6":"product_cat-hikayeler","7":"pa_cilt-ciltsiz","8":"pa_tur-kitap","9":"pa_yayinevi-kronik-kitap","10":"pa_yazar-aysegul-dede-ebru-aktan","12":"first","13":"instock","14":"sale","15":"shipping-taxable","16":"purchasable","17":"product-type-simple"},"_links":{"self":[{"href":"https:\/\/roveyayinevi.com.tr\/index.php\/wp-json\/wp\/v2\/product\/770138","targetHints":{"allow":["GET"]}}],"collection":[{"href":"https:\/\/roveyayinevi.com.tr\/index.php\/wp-json\/wp\/v2\/product"}],"about":[{"href":"https:\/\/roveyayinevi.com.tr\/index.php\/wp-json\/wp\/v2\/types\/product"}],"wp:attachment":[{"href":"https:\/\/roveyayinevi.com.tr\/index.php\/wp-json\/wp\/v2\/media?parent=770138"}],"wp:term":[{"taxonomy":"product_brand","embeddable":true,"href":"https:\/\/roveyayinevi.com.tr\/index.php\/wp-json\/wp\/v2\/product_brand?post=770138"},{"taxonomy":"product_cat","embeddable":true,"href":"https:\/\/roveyayinevi.com.tr\/index.php\/wp-json\/wp\/v2\/product_cat?post=770138"},{"taxonomy":"product_tag","embeddable":true,"href":"https:\/\/roveyayinevi.com.tr\/index.php\/wp-json\/wp\/v2\/product_tag?post=770138"}],"curies":[{"name":"wp","href":"https:\/\/api.w.org\/{rel}","templated":true}]}}