{"id":770134,"date":"2025-08-28T14:19:17","date_gmt":"2025-08-28T11:19:17","guid":{"rendered":"https:\/\/roveyayinevi.com.tr\/index.php\/urun\/borgialar\/"},"modified":"2026-04-15T03:36:33","modified_gmt":"2026-04-15T00:36:33","slug":"borgialar","status":"publish","type":"product","link":"https:\/\/roveyayinevi.com.tr\/index.php\/urun\/borgialar\/","title":{"rendered":"Borgialar"},"content":{"rendered":"<p>BORG\u0130ALAR G\u00dc\u00c7 VE SERVET\u0130N G\u00d6LGES\u0130NDE R\u00f6nesans \u0130talyas\u0131\u2026 Bir yanda sanat ve bilimin alt\u0131n \u00e7a\u011f\u0131, di\u011fer yanda taht oyunlar\u0131, ihanetler ve ac\u0131mas\u0131z g\u00fc\u00e7 m\u00fccadeleleri&#8230; B\u00fct\u00fcn bunlar\u0131n ortas\u0131nda tarihin en k\u00f6t\u00fc \u015f\u00f6hretli ailelerinden biri y\u00fckseliyordu: Borgialar.   Papa VI. Alexander olarak bilinen Rodrigo Borgia, yaln\u0131zca din\u00ee bir lider de\u011fil, ayn\u0131 zamanda h\u0131rsl\u0131 bir politikac\u0131yd\u0131. Papa olabilmek i\u00e7in servetini ve etkisini ustaca kullanm\u0131\u015f, Roma\u2019n\u0131n en g\u00fc\u00e7l\u00fc adam\u0131 h\u00e2line gelmi\u015fti. O\u011flu Cesare Borgia ise Machiavelli\u2019nin Prens adl\u0131 eserine ilham veren ac\u0131mas\u0131z bir komutan, R\u00f6nesans \u0130talyas\u0131\u2019n\u0131n en korkulan isimlerinden biriydi.   Paul Strathern, Borgialar adl\u0131 eserinde, bir hanedan\u0131n y\u00fckseli\u015fini ve \u00e7\u00f6k\u00fc\u015f\u00fcn\u00fc belgeler, mektuplar ve \u00e7a\u011fda\u015f tan\u0131klar\u0131n g\u00f6z\u00fcnden anlat\u0131yor. Ailenin papal\u0131k taht\u0131na nas\u0131l ula\u015ft\u0131\u011f\u0131n\u0131, nas\u0131l bir g\u00f6lge h\u00fck\u00fcmdarl\u0131k kurdu\u011funu ve nihayetinde tarihin en yozla\u015fm\u0131\u015f ailelerinden biri olarak an\u0131ld\u0131\u011f\u0131n\u0131 ortaya koyuyor. Borgialar ger\u00e7ekten de \u015feytani bir hanedan m\u0131yd\u0131? Suikastlar, skandallar ve ahlaks\u0131zl\u0131klarla \u00f6r\u00fcl\u00fc bir aile mi, yoksa i\u00e7inde bulunduklar\u0131 d\u00f6nemin ac\u0131mas\u0131z siyasetinin kurbanlar\u0131 m\u0131yd\u0131lar? Borgialar\u0131n Medicilerle ve Leonardo Da Vinci ile nas\u0131l bir ili\u015fkisi vard\u0131?   Paul Strathern b\u00fct\u00fcn bu sorular\u0131 Borgia ailesini kendi d\u00f6nemleri i\u00e7inde ve onlar\u0131n geli\u015fmesini sa\u011flayan d\u00fcnyayla birlikte yorumlayarak, bu etkili hanedan\u0131n hik\u00e2yesini daha \u00f6nce hi\u00e7 olmad\u0131\u011f\u0131 kadar iyi anlat\u0131rken tarih ile efsane aras\u0131ndaki perdeyi aralayarak okuyucuyu R\u00f6nesans \u0130talyas\u0131\u2019n\u0131n karma\u015f\u0131k d\u00fcnyas\u0131na \u00e7ekiyor. Borgialar, sizi Vatikan\u2019\u0131n karanl\u0131k koridorlar\u0131nda ihanetin ve ihtiras\u0131n izini s\u00fcrmeye davet ediyor. <\/p>\n","protected":false},"excerpt":{"rendered":"<p>BORG\u0130ALAR G\u00dc\u00c7 VE SERVET\u0130N G\u00d6LGES\u0130NDE R\u00f6nesans \u0130talyas\u0131\u2026 Bir yanda sanat ve bilimin alt\u0131n \u00e7a\u011f\u0131, di\u011fer yanda taht oyunlar\u0131, ihanetler ve ac\u0131mas\u0131z g\u00fc\u00e7 m\u00fccadeleleri&#8230; B\u00fct\u00fcn bunlar\u0131n ortas\u0131nda<span class=\"excerpt-hellip\"> [\u2026]<\/span><\/p>\n","protected":false},"featured_media":0,"template":"","meta":{"_monsterinsights_skip_tracking":false,"_monsterinsights_sitenote_active":false,"_monsterinsights_sitenote_note":"","_monsterinsights_sitenote_category":0},"product_brand":[],"product_cat":[12304],"product_tag":[],"class_list":{"0":"post-770134","1":"product","2":"type-product","3":"status-publish","5":"product_cat-tarih","6":"pa_cilt-ciltsiz","7":"pa_tur-kitap","8":"pa_yayinevi-kronik-kitap","9":"pa_yazar-paul-strathern","11":"first","12":"instock","13":"sale","14":"shipping-taxable","15":"purchasable","16":"product-type-simple"},"_links":{"self":[{"href":"https:\/\/roveyayinevi.com.tr\/index.php\/wp-json\/wp\/v2\/product\/770134","targetHints":{"allow":["GET"]}}],"collection":[{"href":"https:\/\/roveyayinevi.com.tr\/index.php\/wp-json\/wp\/v2\/product"}],"about":[{"href":"https:\/\/roveyayinevi.com.tr\/index.php\/wp-json\/wp\/v2\/types\/product"}],"wp:attachment":[{"href":"https:\/\/roveyayinevi.com.tr\/index.php\/wp-json\/wp\/v2\/media?parent=770134"}],"wp:term":[{"taxonomy":"product_brand","embeddable":true,"href":"https:\/\/roveyayinevi.com.tr\/index.php\/wp-json\/wp\/v2\/product_brand?post=770134"},{"taxonomy":"product_cat","embeddable":true,"href":"https:\/\/roveyayinevi.com.tr\/index.php\/wp-json\/wp\/v2\/product_cat?post=770134"},{"taxonomy":"product_tag","embeddable":true,"href":"https:\/\/roveyayinevi.com.tr\/index.php\/wp-json\/wp\/v2\/product_tag?post=770134"}],"curies":[{"name":"wp","href":"https:\/\/api.w.org\/{rel}","templated":true}]}}