{"id":770133,"date":"2025-08-28T14:19:15","date_gmt":"2025-08-28T11:19:15","guid":{"rendered":"https:\/\/roveyayinevi.com.tr\/index.php\/urun\/japon-mitolojisi-3\/"},"modified":"2026-04-15T03:36:33","modified_gmt":"2026-04-15T00:36:33","slug":"japon-mitolojisi-3","status":"publish","type":"product","link":"https:\/\/roveyayinevi.com.tr\/index.php\/urun\/japon-mitolojisi-3\/","title":{"rendered":"Japon Mitolojisi"},"content":{"rendered":"<p>\u00b7         Japon Tak\u0131madalar\u0131n\u0131 ve Tanr\u0131lar\u0131 yaratan Tanr\u0131; \u0130zanagi \u00b7         \u00d6l\u00fcler diyar\u0131na h\u00fckmeden ve Tanr\u0131lar\u0131 yaratan Tanr\u0131\u00e7a; \u0130zanami \u00b7         Japon \u0130mparatorluk ailesinin atas\u0131 ve G\u00fcne\u015f Tanr\u0131\u00e7as\u0131; Amaterasu \u00b7         F\u0131rt\u0131na ve Denizler Tanr\u0131s\u0131; Susanoo \u00b7         Sava\u015f Tanr\u0131s\u0131 ve Samuraylar\u0131n koruyucusu; Hachiman \u00b7         Bolluk ve Zenginlik Tanr\u0131s\u0131; Daikokuten \u00b7         Bilgelik ve D\u00fc\u015f\u00fcnce Tanr\u0131s\u0131; Omoikane \u00b7         Bir \u015feftalinin i\u00e7inden do\u011fan ve iblislerle sava\u015fan Kahraman; Momotar\u014d \u00b7         Do\u011fa\u00fcst\u00fc g\u00fc\u00e7lere sahip mistik bir k\u00e2hin; Abe no Seimei   \u00b7         Tanr\u0131lar \u00b7         Titanlar \u00b7         Kahramanlar \u00b7         Canavarlar \u00b7         Sava\u015flar \u00b7         Rit\u00fceller \u00b7         Destans\u0131 Hikayeler \u00b7         Mistik Objeler \u00b7         Kehanetler \u00b7         Kutsal T\u00f6renler     Kronik Kitap Mitoloji Serisi\u2019nin yeni kitab\u0131 olan Japon Mitolojisi, 180\u2019den fazla g\u00f6rseliyle sizi Uzak Do\u011fu\u2019nun mistik ve mitolojik atmosferine davet ediyor. Do\u011fan\u0131n g\u00fc\u00e7leriyle i\u00e7 i\u00e7e ge\u00e7mi\u015f efsaneler ve hik\u00e2yelerle b\u00fcy\u00fcleyici bir maceraya \u00e7\u0131kacaks\u0131n\u0131z. \u0130zanagi ve \u0130zanami\u2019nin tanr\u0131lar\u0131 yarat\u0131\u015f\u0131ndan Susanoo\u2019nun sekiz ba\u015fl\u0131 ejderha Yamata no Orochi\u2019yle m\u00fccadelesine, cehennem i\u015fkencecileri olan Onilerden g\u00fczel kad\u0131n k\u0131l\u0131\u011f\u0131na girip kurbanlar\u0131n\u0131 avlayan Jor\u014dgumo\u2019ya kadar, Japon mitolojisinin en \u00e7arp\u0131c\u0131 anlar\u0131n\u0131 ad\u0131m ad\u0131m ke\u015ffedeceksiniz.   Japon Mitolojisi, Japonya\u2019n\u0131n en b\u00fcy\u00fck tanr\u0131lar\u0131n\u0131, korkusuz sava\u015f\u00e7\u0131lar\u0131n\u0131 ve efsanevi yarat\u0131klar\u0131n\u0131 ayr\u0131nt\u0131lar\u0131yla ele al\u0131yor. Momotar\u014d\u2019nun adalet sava\u015f\u0131, Tsukuyomi\u2019nin lanetli yaln\u0131zl\u0131\u011f\u0131, \u00f6l\u00fcler diyar\u0131n\u0131n karanl\u0131k s\u0131rlar\u0131 ve halk hik\u00e2yelerinde ya\u015famaya devam eden kahramanlar\u0131n destans\u0131 maceralar\u0131\u2026 Her biri, kadim Japonya\u2019n\u0131n mistik d\u00fcnyas\u0131na a\u00e7\u0131lan bir kap\u0131 niteli\u011finde.   Mitolojinin b\u00fcy\u00fcl\u00fc d\u00fcnyas\u0131n\u0131 anlamak ve antik \u00e7a\u011flar\u0131n kadim bilgeli\u011fini ke\u015ffetmek isteyenler i\u00e7in Japon Mitolojisi, yaln\u0131zca bir rehber de\u011fil ayn\u0131 zamanda da bir yol arkada\u015f\u0131. Hayal g\u00fcc\u00fcn\u00fcz\u00fc harekete ge\u00e7irecek, sizi bamba\u015fka diyarlara g\u00f6t\u00fcrecek ve mitolojiyi hissederek ya\u015faman\u0131za olanak tan\u0131yacak bu eser, herkesin k\u00fct\u00fcphanesinde yer almas\u0131 gereken bir ba\u015fyap\u0131t. <\/p>\n","protected":false},"excerpt":{"rendered":"<p>\u00b7 Japon Tak\u0131madalar\u0131n\u0131 ve Tanr\u0131lar\u0131 yaratan Tanr\u0131; \u0130zanagi \u00b7 \u00d6l\u00fcler diyar\u0131na h\u00fckmeden ve Tanr\u0131lar\u0131 yaratan Tanr\u0131\u00e7a; \u0130zanami \u00b7 Japon \u0130mparatorluk ailesinin atas\u0131 ve G\u00fcne\u015f Tanr\u0131\u00e7as\u0131; Amaterasu<span class=\"excerpt-hellip\"> [\u2026]<\/span><\/p>\n","protected":false},"featured_media":0,"template":"","meta":{"_monsterinsights_skip_tracking":false,"_monsterinsights_sitenote_active":false,"_monsterinsights_sitenote_note":"","_monsterinsights_sitenote_category":0},"product_brand":[],"product_cat":[12718,12858],"product_tag":[],"class_list":{"0":"post-770133","1":"product","2":"type-product","3":"status-publish","5":"product_cat-din","6":"product_cat-mitolojiler","7":"pa_cilt-ciltsiz","8":"pa_tur-kitap","9":"pa_yayinevi-kronik-kitap","10":"pa_yazar-melanie-clegg","12":"first","13":"instock","14":"sale","15":"shipping-taxable","16":"purchasable","17":"product-type-simple"},"_links":{"self":[{"href":"https:\/\/roveyayinevi.com.tr\/index.php\/wp-json\/wp\/v2\/product\/770133","targetHints":{"allow":["GET"]}}],"collection":[{"href":"https:\/\/roveyayinevi.com.tr\/index.php\/wp-json\/wp\/v2\/product"}],"about":[{"href":"https:\/\/roveyayinevi.com.tr\/index.php\/wp-json\/wp\/v2\/types\/product"}],"wp:attachment":[{"href":"https:\/\/roveyayinevi.com.tr\/index.php\/wp-json\/wp\/v2\/media?parent=770133"}],"wp:term":[{"taxonomy":"product_brand","embeddable":true,"href":"https:\/\/roveyayinevi.com.tr\/index.php\/wp-json\/wp\/v2\/product_brand?post=770133"},{"taxonomy":"product_cat","embeddable":true,"href":"https:\/\/roveyayinevi.com.tr\/index.php\/wp-json\/wp\/v2\/product_cat?post=770133"},{"taxonomy":"product_tag","embeddable":true,"href":"https:\/\/roveyayinevi.com.tr\/index.php\/wp-json\/wp\/v2\/product_tag?post=770133"}],"curies":[{"name":"wp","href":"https:\/\/api.w.org\/{rel}","templated":true}]}}