{"id":770131,"date":"2025-08-28T14:19:12","date_gmt":"2025-08-28T11:19:12","guid":{"rendered":"https:\/\/roveyayinevi.com.tr\/index.php\/urun\/dakikalar-icinde-turk-mitolojisi\/"},"modified":"2026-04-15T03:36:32","modified_gmt":"2026-04-15T00:36:32","slug":"dakikalar-icinde-turk-mitolojisi","status":"publish","type":"product","link":"https:\/\/roveyayinevi.com.tr\/index.php\/urun\/dakikalar-icinde-turk-mitolojisi\/","title":{"rendered":"Dakikalar \u0130\u00e7inde T\u00fcrk Mitolojisi"},"content":{"rendered":"<p>T\u00dcRKLER\u0130N M\u0130TOLOJ\u0130S\u0130 ve DESTANLARI D\u00fcnyan\u0131n en eski milletlerinden birisi olan T\u00fcrkler, derin bir k\u00fclt\u00fcrel mirasa ve zengin bir mitolojiye sahiptir. Prof. Dr. Ahmet Ta\u015fa\u011f\u0131l, bu kitapta T\u00fcrk mitolojisinin ve destanlar\u0131n\u0131n en \u00f6nemli unsurlar\u0131n\u0131 bir araya getiriyor. Tarihin derinliklerinden g\u00fcn\u00fcm\u00fcze s\u00fcz\u00fclen 200&#8217;\u00fcn \u00fczerinde fig\u00fcr, kavram ve anlat\u0131y\u0131 i\u00e7eren bu eser, T\u00fcrk milletinin e\u015fsiz mitolojik d\u00fcnyas\u0131n\u0131 ke\u015ffetmek isteyenler i\u00e7in vazge\u00e7ilmez bir kaynak. K\u00f6k Tengri inanc\u0131ndan Kayra Han&#8217;a, Erlik Han\u2019dan Umay Ana\u2019ya, Tamu\u2019dan U\u00e7mag\u2019a, Atalar K\u00fclt\u00fc\u2019nden Bay \u00dclgen\u2019e kadar uzanan mitolojik unsurlar; T\u00fcrk destanlar\u0131n\u0131n simgeleri Manas, O\u011fuz Ka\u011fan, Bozkurt ve Ergenekon gibi kahramanl\u0131k \u00f6yk\u00fcleriyle bir araya geliyor. Ayr\u0131ca, Dede Korkut&#8217;un destanlar\u0131, T\u00fcrk halklar\u0131n\u0131n \u0130slam&#8217;a ge\u00e7i\u015f s\u00fcrecindeki mitolojik \u00f6\u011feler ve T\u00fcrk d\u00fcnyas\u0131n\u0131n farkl\u0131 co\u011frafyalar\u0131ndaki inan\u0131\u015flar da bu eserde derinlemesine inceleniyor. Altaylardan Tuna\u2019ya uzanan b\u00fcy\u00fck T\u00fcrk d\u00fcnyas\u0131n\u0131n destanlar\u0131 ve mitolojisini ele alan Dakikalar \u0130\u00e7inde T\u00fcrk Mitolojisi, T\u00fcrk k\u00fclt\u00fcr\u00fcn\u00fcn geni\u015f ve k\u00f6kl\u00fc miras\u0131n\u0131 g\u00f6zler \u00f6n\u00fcne seriyor. Mitolojik fig\u00fcrler, kahramanlar ve tarih boyunca \u015fekillenen inan\u00e7larla \u00f6r\u00fcl\u00fc bu eser, okuyucuyu T\u00fcrklerin b\u00fcy\u00fcleyici destanlar\u0131 aras\u0131nda e\u015fsiz bir yolculu\u011fa davet ediyor. <\/p>\n","protected":false},"excerpt":{"rendered":"<p>T\u00dcRKLER\u0130N M\u0130TOLOJ\u0130S\u0130 ve DESTANLARI D\u00fcnyan\u0131n en eski milletlerinden birisi olan T\u00fcrkler, derin bir k\u00fclt\u00fcrel mirasa ve zengin bir mitolojiye sahiptir. Prof. Dr. Ahmet Ta\u015fa\u011f\u0131l, bu kitapta<span class=\"excerpt-hellip\"> [\u2026]<\/span><\/p>\n","protected":false},"featured_media":0,"template":"","meta":{"_monsterinsights_skip_tracking":false,"_monsterinsights_sitenote_active":false,"_monsterinsights_sitenote_note":"","_monsterinsights_sitenote_category":0},"product_brand":[],"product_cat":[12304],"product_tag":[],"class_list":{"0":"post-770131","1":"product","2":"type-product","3":"status-publish","5":"product_cat-tarih","6":"pa_cilt-ciltsiz","7":"pa_tur-kitap","8":"pa_yayinevi-kronik-kitap","9":"pa_yazar-ahmet-tasagil","11":"first","12":"instock","13":"sale","14":"shipping-taxable","15":"purchasable","16":"product-type-simple"},"_links":{"self":[{"href":"https:\/\/roveyayinevi.com.tr\/index.php\/wp-json\/wp\/v2\/product\/770131","targetHints":{"allow":["GET"]}}],"collection":[{"href":"https:\/\/roveyayinevi.com.tr\/index.php\/wp-json\/wp\/v2\/product"}],"about":[{"href":"https:\/\/roveyayinevi.com.tr\/index.php\/wp-json\/wp\/v2\/types\/product"}],"wp:attachment":[{"href":"https:\/\/roveyayinevi.com.tr\/index.php\/wp-json\/wp\/v2\/media?parent=770131"}],"wp:term":[{"taxonomy":"product_brand","embeddable":true,"href":"https:\/\/roveyayinevi.com.tr\/index.php\/wp-json\/wp\/v2\/product_brand?post=770131"},{"taxonomy":"product_cat","embeddable":true,"href":"https:\/\/roveyayinevi.com.tr\/index.php\/wp-json\/wp\/v2\/product_cat?post=770131"},{"taxonomy":"product_tag","embeddable":true,"href":"https:\/\/roveyayinevi.com.tr\/index.php\/wp-json\/wp\/v2\/product_tag?post=770131"}],"curies":[{"name":"wp","href":"https:\/\/api.w.org\/{rel}","templated":true}]}}