{"id":770128,"date":"2025-08-28T14:19:07","date_gmt":"2025-08-28T11:19:07","guid":{"rendered":"https:\/\/roveyayinevi.com.tr\/index.php\/urun\/mutlulugu-kaybettigin-yerde-arama-2\/"},"modified":"2026-04-13T03:32:19","modified_gmt":"2026-04-13T00:32:19","slug":"mutlulugu-kaybettigin-yerde-arama-2","status":"publish","type":"product","link":"https:\/\/roveyayinevi.com.tr\/index.php\/urun\/mutlulugu-kaybettigin-yerde-arama-2\/","title":{"rendered":"Mutlulu\u011fu Kaybetti\u011fin Yerde Arama"},"content":{"rendered":"<p>G\u00fc\u00e7s\u00fcz de\u011filsin, sadece insans\u0131n. Her \u015feyle sava\u015famazs\u0131n. Her konuda en iyisini yapamazs\u0131n. Her zaman mant\u0131kl\u0131 davranamazs\u0131n. Bazen ak\u0131\u015f\u0131na b\u0131rakmak gerekir. Bazen sava\u015fmak ve kazanmak yerine, yenilgiyikabul etmek gerekir. \u00c7\u00fcnk\u00fc d\u00fcnya, yapmak istediklerimizden,kontrol edebileceklerimizdenve g\u00fcc\u00fcm\u00fcz\u00fcn yetebilece\u011finden daha fazlas\u0131n\u0131 i\u00e7erir. Sonu\u00e7 de\u011fi\u015fmese de bir\u00e7ok insan hep ayn\u0131y\u00f6ntemi denemeye devam eder.Sen de bunu yaparsan her seferindekendini daha \u00f6fkeli, daha mutsuz hissedeceksin. Bu kitapta, mutlulu\u011funun kaybetti\u011fin yerde olmad\u0131\u011f\u0131n\u0131 anlatmaya \u00e7al\u0131\u015ft\u0131m. E\u011fer yeterince u\u011fra\u015ft\u0131\u011f\u0131n\u0131 d\u00fc\u015f\u00fcn\u00fcyorsan ve sonu\u00e7 alam\u0131yorsanart\u0131k yola \u00e7\u0131kma zaman\u0131 gelmi\u015ftir. \u0130\u015fte bu yola \u00e7\u0131kma s\u00fcrecine ben \u201ckabullenme\u201d diyorum. Zay\u0131fl\u0131klar\u0131n\u0131, insanlar\u0131, d\u00fcnyay\u0131 ve duygular\u0131n\u0131kabullendik\u00e7e g\u00fc\u00e7leneceksin.Hafifledik\u00e7e a\u011f\u0131rla\u015facaks\u0131n. Bu kitab\u0131n anlatmaya \u00e7al\u0131\u015ft\u0131klar\u0131n\u0131 tek c\u00fcmleyle \u00f6zetle deselerdi \u015f\u00f6yle cevap verirdim:\u201cOlan oldu, \u015fimdi ne yapabilirim?\u201d Kabullenerek nas\u0131l g\u00fc\u00e7lenece\u011fini ke\u015ffedece\u011finbir yolculu\u011fa var m\u0131s\u0131n?<\/p>\n","protected":false},"excerpt":{"rendered":"<p>G\u00fc\u00e7s\u00fcz de\u011filsin, sadece insans\u0131n. Her \u015feyle sava\u015famazs\u0131n. Her konuda en iyisini yapamazs\u0131n. Her zaman mant\u0131kl\u0131 davranamazs\u0131n. Bazen ak\u0131\u015f\u0131na b\u0131rakmak gerekir. Bazen sava\u015fmak ve kazanmak yerine, yenilgiyikabul<span class=\"excerpt-hellip\"> [\u2026]<\/span><\/p>\n","protected":false},"featured_media":0,"template":"","meta":{"_monsterinsights_skip_tracking":false,"_monsterinsights_sitenote_active":false,"_monsterinsights_sitenote_note":"","_monsterinsights_sitenote_category":0},"product_brand":[],"product_cat":[12364,12376],"product_tag":[],"class_list":{"0":"post-770128","1":"product","2":"type-product","3":"status-publish","5":"product_cat-genel-konular","6":"product_cat-kisisel-gelisim","7":"pa_cilt-ciltsiz","8":"pa_tur-kitap","9":"pa_yayinevi-kronik-kitap","10":"pa_yazar-beyhan-budak","12":"first","13":"instock","14":"sale","15":"shipping-taxable","16":"purchasable","17":"product-type-simple"},"_links":{"self":[{"href":"https:\/\/roveyayinevi.com.tr\/index.php\/wp-json\/wp\/v2\/product\/770128","targetHints":{"allow":["GET"]}}],"collection":[{"href":"https:\/\/roveyayinevi.com.tr\/index.php\/wp-json\/wp\/v2\/product"}],"about":[{"href":"https:\/\/roveyayinevi.com.tr\/index.php\/wp-json\/wp\/v2\/types\/product"}],"wp:attachment":[{"href":"https:\/\/roveyayinevi.com.tr\/index.php\/wp-json\/wp\/v2\/media?parent=770128"}],"wp:term":[{"taxonomy":"product_brand","embeddable":true,"href":"https:\/\/roveyayinevi.com.tr\/index.php\/wp-json\/wp\/v2\/product_brand?post=770128"},{"taxonomy":"product_cat","embeddable":true,"href":"https:\/\/roveyayinevi.com.tr\/index.php\/wp-json\/wp\/v2\/product_cat?post=770128"},{"taxonomy":"product_tag","embeddable":true,"href":"https:\/\/roveyayinevi.com.tr\/index.php\/wp-json\/wp\/v2\/product_tag?post=770128"}],"curies":[{"name":"wp","href":"https:\/\/api.w.org\/{rel}","templated":true}]}}