{"id":770126,"date":"2025-08-28T14:19:03","date_gmt":"2025-08-28T11:19:03","guid":{"rendered":"https:\/\/roveyayinevi.com.tr\/index.php\/urun\/hayvanlar-boyama-kitabi-oyun-hamuru-oyuncak-ve-cikartma-hediyeli\/"},"modified":"2026-04-15T03:36:32","modified_gmt":"2026-04-15T00:36:32","slug":"hayvanlar-boyama-kitabi-oyun-hamuru-oyuncak-ve-cikartma-hediyeli","status":"publish","type":"product","link":"https:\/\/roveyayinevi.com.tr\/index.php\/urun\/hayvanlar-boyama-kitabi-oyun-hamuru-oyuncak-ve-cikartma-hediyeli\/","title":{"rendered":"Hayvanlar Boyama Kitab\u0131 &#8211; Oyun Hamuru, Oyuncak ve \u00c7\u0131kartma Hediyeli"},"content":{"rendered":"<p>Orman\u0131n derinliklerinden \u00e7\u00f6l\u00fcn u\u00e7suz bucaks\u0131z yerlerine kadar farkl\u0131 hayvanlar\u0131 renklendirmeye ne dersin? Hayvanlar \u00e2lemini ke\u015ffe \u00e7\u0131kmak i\u00e7in boya kalemlerini haz\u0131rla. Bu yolculukta \u00e7\u0131kartmalar\u0131 kullanmay\u0131 unutma! Oyun hamuruyla da kendi hayvan fig\u00fcrlerini tasarla.<\/p>\n","protected":false},"excerpt":{"rendered":"<p>Orman\u0131n derinliklerinden \u00e7\u00f6l\u00fcn u\u00e7suz bucaks\u0131z yerlerine kadar farkl\u0131 hayvanlar\u0131 renklendirmeye ne dersin? Hayvanlar \u00e2lemini ke\u015ffe \u00e7\u0131kmak i\u00e7in boya kalemlerini haz\u0131rla. Bu yolculukta \u00e7\u0131kartmalar\u0131 kullanmay\u0131 unutma! Oyun<span class=\"excerpt-hellip\"> [\u2026]<\/span><\/p>\n","protected":false},"featured_media":0,"template":"","meta":{"_monsterinsights_skip_tracking":false,"_monsterinsights_sitenote_active":false,"_monsterinsights_sitenote_note":"","_monsterinsights_sitenote_category":0},"product_brand":[],"product_cat":[12644,12274],"product_tag":[],"class_list":{"0":"post-770126","1":"product","2":"type-product","3":"status-publish","5":"product_cat-boyama-kitaplari","6":"product_cat-cocuk-ve-genclik-kitaplari","7":"pa_cilt-ciltsiz","8":"pa_tur-kitap","9":"pa_yayinevi-bigkids-yayinlari","10":"pa_yazar-bilge-yorulmaz","12":"first","13":"instock","14":"sale","15":"shipping-taxable","16":"purchasable","17":"product-type-simple"},"_links":{"self":[{"href":"https:\/\/roveyayinevi.com.tr\/index.php\/wp-json\/wp\/v2\/product\/770126","targetHints":{"allow":["GET"]}}],"collection":[{"href":"https:\/\/roveyayinevi.com.tr\/index.php\/wp-json\/wp\/v2\/product"}],"about":[{"href":"https:\/\/roveyayinevi.com.tr\/index.php\/wp-json\/wp\/v2\/types\/product"}],"wp:attachment":[{"href":"https:\/\/roveyayinevi.com.tr\/index.php\/wp-json\/wp\/v2\/media?parent=770126"}],"wp:term":[{"taxonomy":"product_brand","embeddable":true,"href":"https:\/\/roveyayinevi.com.tr\/index.php\/wp-json\/wp\/v2\/product_brand?post=770126"},{"taxonomy":"product_cat","embeddable":true,"href":"https:\/\/roveyayinevi.com.tr\/index.php\/wp-json\/wp\/v2\/product_cat?post=770126"},{"taxonomy":"product_tag","embeddable":true,"href":"https:\/\/roveyayinevi.com.tr\/index.php\/wp-json\/wp\/v2\/product_tag?post=770126"}],"curies":[{"name":"wp","href":"https:\/\/api.w.org\/{rel}","templated":true}]}}