{"id":770125,"date":"2025-08-28T14:19:01","date_gmt":"2025-08-28T11:19:01","guid":{"rendered":"https:\/\/roveyayinevi.com.tr\/index.php\/urun\/tasitlar-boyama-kitabi-oyun-hamuru-oyuncak-ve-cikartma-hediyeli\/"},"modified":"2026-04-15T03:36:32","modified_gmt":"2026-04-15T00:36:32","slug":"tasitlar-boyama-kitabi-oyun-hamuru-oyuncak-ve-cikartma-hediyeli","status":"publish","type":"product","link":"https:\/\/roveyayinevi.com.tr\/index.php\/urun\/tasitlar-boyama-kitabi-oyun-hamuru-oyuncak-ve-cikartma-hediyeli\/","title":{"rendered":"Ta\u015f\u0131tlar Boyama Kitab\u0131 &#8211; Oyun Hamuru, Oyuncak ve \u00c7\u0131kartma Hediyeli"},"content":{"rendered":"<p>OYUN HAMURU, OYUNCAK ve 50 ADET \u00c7IKARTMA HED\u0130YE!Ta\u015f\u0131tlar\u0131n e\u011flenceli d\u00fcnyas\u0131na keyifli bir yolculu\u011fa \u00e7\u0131kmaya ne dersin? Hatta yolculukta kullanaca\u011f\u0131m\u0131z arac\u0131 da oyun hamuruyla sen tasarlayacaks\u0131n.Birbirinden farkl\u0131 ta\u015f\u0131tlar\u0131 renklendirirken sana e\u011flenceli \u00e7\u0131kartmalar e\u015flik edecek. Kemerleri ba\u011fla, ta\u015f\u0131tlarla macera dolu bir yolculu\u011fa \u00e7\u0131k\u0131yoruz!<\/p>\n","protected":false},"excerpt":{"rendered":"<p>OYUN HAMURU, OYUNCAK ve 50 ADET \u00c7IKARTMA HED\u0130YE!Ta\u015f\u0131tlar\u0131n e\u011flenceli d\u00fcnyas\u0131na keyifli bir yolculu\u011fa \u00e7\u0131kmaya ne dersin? Hatta yolculukta kullanaca\u011f\u0131m\u0131z arac\u0131 da oyun hamuruyla sen tasarlayacaks\u0131n.Birbirinden farkl\u0131<span class=\"excerpt-hellip\"> [\u2026]<\/span><\/p>\n","protected":false},"featured_media":0,"template":"","meta":{"_monsterinsights_skip_tracking":false,"_monsterinsights_sitenote_active":false,"_monsterinsights_sitenote_note":"","_monsterinsights_sitenote_category":0},"product_brand":[],"product_cat":[12644,12274],"product_tag":[],"class_list":{"0":"post-770125","1":"product","2":"type-product","3":"status-publish","5":"product_cat-boyama-kitaplari","6":"product_cat-cocuk-ve-genclik-kitaplari","7":"pa_cilt-ciltsiz","8":"pa_tur-kitap","9":"pa_yayinevi-bigkids-yayinlari","10":"pa_yazar-bilge-yorulmaz","12":"first","13":"instock","14":"sale","15":"shipping-taxable","16":"purchasable","17":"product-type-simple"},"_links":{"self":[{"href":"https:\/\/roveyayinevi.com.tr\/index.php\/wp-json\/wp\/v2\/product\/770125","targetHints":{"allow":["GET"]}}],"collection":[{"href":"https:\/\/roveyayinevi.com.tr\/index.php\/wp-json\/wp\/v2\/product"}],"about":[{"href":"https:\/\/roveyayinevi.com.tr\/index.php\/wp-json\/wp\/v2\/types\/product"}],"wp:attachment":[{"href":"https:\/\/roveyayinevi.com.tr\/index.php\/wp-json\/wp\/v2\/media?parent=770125"}],"wp:term":[{"taxonomy":"product_brand","embeddable":true,"href":"https:\/\/roveyayinevi.com.tr\/index.php\/wp-json\/wp\/v2\/product_brand?post=770125"},{"taxonomy":"product_cat","embeddable":true,"href":"https:\/\/roveyayinevi.com.tr\/index.php\/wp-json\/wp\/v2\/product_cat?post=770125"},{"taxonomy":"product_tag","embeddable":true,"href":"https:\/\/roveyayinevi.com.tr\/index.php\/wp-json\/wp\/v2\/product_tag?post=770125"}],"curies":[{"name":"wp","href":"https:\/\/api.w.org\/{rel}","templated":true}]}}