{"id":770122,"date":"2025-08-28T14:18:55","date_gmt":"2025-08-28T11:18:55","guid":{"rendered":"https:\/\/roveyayinevi.com.tr\/index.php\/urun\/dinozorlar-boyama-kitabi-oyun-hamuru-oyuncak-ve-cikartma-hediyeli\/"},"modified":"2026-04-15T03:36:32","modified_gmt":"2026-04-15T00:36:32","slug":"dinozorlar-boyama-kitabi-oyun-hamuru-oyuncak-ve-cikartma-hediyeli","status":"publish","type":"product","link":"https:\/\/roveyayinevi.com.tr\/index.php\/urun\/dinozorlar-boyama-kitabi-oyun-hamuru-oyuncak-ve-cikartma-hediyeli\/","title":{"rendered":"Dinozorlar Boyama Kitab\u0131 &#8211; Oyun Hamuru, Oyuncak ve \u00c7\u0131kartma Hediyeli"},"content":{"rendered":"<p>Kendi dinozorlar\u0131n\u0131 tasarlayarak milyonlarca y\u0131l \u00f6ncesine, dinozorlar \u00e7a\u011f\u0131na gitmeye haz\u0131r m\u0131s\u0131n?G\u00fc\u00e7l\u00fc T-Rex\u2019ten uzun boyunlu Brachiosaurus\u2019a kadar pek \u00e7ok dinozoru renklendirmek i\u00e7in boya kalemlerini haz\u0131rla. Boyamalar\u0131na e\u015flik etmesi i\u00e7in oyun hamurunu ve \u00e7\u0131kartmalar\u0131 kullanmay\u0131 da unutma!S\u0131k\u0131 tutun, milyonlarca y\u0131l \u00f6ncesine reng\u00e2renk bir yolculu\u011fa \u00e7\u0131k\u0131yoruz!<\/p>\n","protected":false},"excerpt":{"rendered":"<p>Kendi dinozorlar\u0131n\u0131 tasarlayarak milyonlarca y\u0131l \u00f6ncesine, dinozorlar \u00e7a\u011f\u0131na gitmeye haz\u0131r m\u0131s\u0131n?G\u00fc\u00e7l\u00fc T-Rex\u2019ten uzun boyunlu Brachiosaurus\u2019a kadar pek \u00e7ok dinozoru renklendirmek i\u00e7in boya kalemlerini haz\u0131rla. Boyamalar\u0131na e\u015flik<span class=\"excerpt-hellip\"> [\u2026]<\/span><\/p>\n","protected":false},"featured_media":0,"template":"","meta":{"_monsterinsights_skip_tracking":false,"_monsterinsights_sitenote_active":false,"_monsterinsights_sitenote_note":"","_monsterinsights_sitenote_category":0},"product_brand":[],"product_cat":[12644,12274],"product_tag":[],"class_list":{"0":"post-770122","1":"product","2":"type-product","3":"status-publish","5":"product_cat-boyama-kitaplari","6":"product_cat-cocuk-ve-genclik-kitaplari","7":"pa_cilt-ciltsiz","8":"pa_tur-kitap","9":"pa_yayinevi-bigkids-yayinlari","10":"pa_yazar-bilge-yorulmaz","12":"first","13":"instock","14":"sale","15":"shipping-taxable","16":"purchasable","17":"product-type-simple"},"_links":{"self":[{"href":"https:\/\/roveyayinevi.com.tr\/index.php\/wp-json\/wp\/v2\/product\/770122","targetHints":{"allow":["GET"]}}],"collection":[{"href":"https:\/\/roveyayinevi.com.tr\/index.php\/wp-json\/wp\/v2\/product"}],"about":[{"href":"https:\/\/roveyayinevi.com.tr\/index.php\/wp-json\/wp\/v2\/types\/product"}],"wp:attachment":[{"href":"https:\/\/roveyayinevi.com.tr\/index.php\/wp-json\/wp\/v2\/media?parent=770122"}],"wp:term":[{"taxonomy":"product_brand","embeddable":true,"href":"https:\/\/roveyayinevi.com.tr\/index.php\/wp-json\/wp\/v2\/product_brand?post=770122"},{"taxonomy":"product_cat","embeddable":true,"href":"https:\/\/roveyayinevi.com.tr\/index.php\/wp-json\/wp\/v2\/product_cat?post=770122"},{"taxonomy":"product_tag","embeddable":true,"href":"https:\/\/roveyayinevi.com.tr\/index.php\/wp-json\/wp\/v2\/product_tag?post=770122"}],"curies":[{"name":"wp","href":"https:\/\/api.w.org\/{rel}","templated":true}]}}