{"id":770119,"date":"2025-08-28T14:18:49","date_gmt":"2025-08-28T11:18:49","guid":{"rendered":"https:\/\/roveyayinevi.com.tr\/index.php\/urun\/cikartmali-boyama-kitabi-3-yas\/"},"modified":"2026-04-15T03:36:32","modified_gmt":"2026-04-15T00:36:32","slug":"cikartmali-boyama-kitabi-3-yas","status":"publish","type":"product","link":"https:\/\/roveyayinevi.com.tr\/index.php\/urun\/cikartmali-boyama-kitabi-3-yas\/","title":{"rendered":"\u00c7\u0131kartmal\u0131 Boyama Kitab\u0131 3 Ya\u015f+"},"content":{"rendered":"<p>Renklerle birlikte harika bir yolculu\u011fa \u00e7\u0131kmaya ne dersin? O zaman boya kalemlerini haz\u0131rla ve hemen boyamaya ba\u015fla! Resimlerine e\u015flik etmesi i\u00e7in \u00e7\u0131kartmalar\u0131 kullanmay\u0131 da unutma! Onlarla her \u015fey daha renkli ve e\u011flenceli olacak. Renklerini se\u00e7, hayal g\u00fcc\u00fcnle resimleri s\u00fcsle ve bu kitaptaki d\u00fcnyay\u0131 kendi hik\u00e2yelerinle doldur.<\/p>\n","protected":false},"excerpt":{"rendered":"<p>Renklerle birlikte harika bir yolculu\u011fa \u00e7\u0131kmaya ne dersin? O zaman boya kalemlerini haz\u0131rla ve hemen boyamaya ba\u015fla! Resimlerine e\u015flik etmesi i\u00e7in \u00e7\u0131kartmalar\u0131 kullanmay\u0131 da unutma! Onlarla<span class=\"excerpt-hellip\"> [\u2026]<\/span><\/p>\n","protected":false},"featured_media":0,"template":"","meta":{"_monsterinsights_skip_tracking":false,"_monsterinsights_sitenote_active":false,"_monsterinsights_sitenote_note":"","_monsterinsights_sitenote_category":0},"product_brand":[],"product_cat":[12644,12274],"product_tag":[],"class_list":{"0":"post-770119","1":"product","2":"type-product","3":"status-publish","5":"product_cat-boyama-kitaplari","6":"product_cat-cocuk-ve-genclik-kitaplari","7":"pa_cilt-ciltsiz","8":"pa_tur-kitap","9":"pa_yayinevi-bigkids-yayinlari","10":"pa_yazar-bilge-yorulmaz","12":"first","13":"instock","14":"sale","15":"shipping-taxable","16":"purchasable","17":"product-type-simple"},"_links":{"self":[{"href":"https:\/\/roveyayinevi.com.tr\/index.php\/wp-json\/wp\/v2\/product\/770119","targetHints":{"allow":["GET"]}}],"collection":[{"href":"https:\/\/roveyayinevi.com.tr\/index.php\/wp-json\/wp\/v2\/product"}],"about":[{"href":"https:\/\/roveyayinevi.com.tr\/index.php\/wp-json\/wp\/v2\/types\/product"}],"wp:attachment":[{"href":"https:\/\/roveyayinevi.com.tr\/index.php\/wp-json\/wp\/v2\/media?parent=770119"}],"wp:term":[{"taxonomy":"product_brand","embeddable":true,"href":"https:\/\/roveyayinevi.com.tr\/index.php\/wp-json\/wp\/v2\/product_brand?post=770119"},{"taxonomy":"product_cat","embeddable":true,"href":"https:\/\/roveyayinevi.com.tr\/index.php\/wp-json\/wp\/v2\/product_cat?post=770119"},{"taxonomy":"product_tag","embeddable":true,"href":"https:\/\/roveyayinevi.com.tr\/index.php\/wp-json\/wp\/v2\/product_tag?post=770119"}],"curies":[{"name":"wp","href":"https:\/\/api.w.org\/{rel}","templated":true}]}}