{"id":770117,"date":"2025-08-28T14:18:45","date_gmt":"2025-08-28T11:18:45","guid":{"rendered":"https:\/\/roveyayinevi.com.tr\/index.php\/urun\/sagligin-7-kadim-sirri\/"},"modified":"2026-04-15T03:36:32","modified_gmt":"2026-04-15T00:36:32","slug":"sagligin-7-kadim-sirri","status":"publish","type":"product","link":"https:\/\/roveyayinevi.com.tr\/index.php\/urun\/sagligin-7-kadim-sirri\/","title":{"rendered":"Sa\u011fl\u0131\u011f\u0131n 7 Kadim S\u0131rr\u0131"},"content":{"rendered":"<p>Daha sa\u011fl\u0131kl\u0131, daha enerjik ve daha dengeli bir ya\u015fam m\u00fcmk\u00fcn!   G\u00fcn\u00fcm\u00fczde sa\u011fl\u0131kl\u0131 ya\u015fam \u00fczerine say\u0131s\u0131z bilgi dola\u015f\u0131yor. Peki, ger\u00e7ekten i\u015fe yarayan, bilimsel olarak kan\u0131tlanm\u0131\u015f, \u00e7a\u011flar boyunca insanlar\u0131n sa\u011fl\u0131klar\u0131n\u0131 korumalar\u0131n\u0131 sa\u011flayan kadim s\u0131rlar nelerdir? \u0130\u015fte bu kitap, modern t\u0131p ile geleneksel bilgeli\u011fi harmanlayan bir rehber niteli\u011finde! Prof. Dr. Vedat G\u00f6ral\u2019\u0131n kaleme ald\u0131\u011f\u0131 Sa\u011fl\u0131\u011f\u0131n 7 Kadim S\u0131rr\u0131, beslenmeden sindirime, ba\u011f\u0131\u015f\u0131kl\u0131k sisteminden enerji y\u00f6netimine kadar sa\u011fl\u0131kl\u0131 ya\u015fam\u0131n temel ta\u015flar\u0131n\u0131 anlat\u0131yor.   \u2022          Kar\u0131nda gaz ve \u015fi\u015fkinlik nas\u0131l \u00e7\u00f6z\u00fcl\u00fcr? \u2022          Ya\u015fam\u0131n her 10 y\u0131l\u0131nda mutlaka yenmesi gereken g\u0131dalar nelerdir? \u2022          Aquafaba nedir? \u2022          Ar\u0131 poleninin faydalar\u0131 nelerdir? \u2022          Ozon tedavisi ger\u00e7ekten yararl\u0131 m\u0131? \u2022          Takviye ve vitaminler ger\u00e7ekten i\u015fe yar\u0131yor mu? \u2022          Lifli g\u0131dalar\u0131n faydalar\u0131 nelerdir?   Bu kitap, sadece bir sa\u011fl\u0131k rehberi de\u011fil; ayn\u0131 zamanda ya\u015fam kalitenizi art\u0131racak bir yol haritas\u0131! <\/p>\n","protected":false},"excerpt":{"rendered":"<p>Daha sa\u011fl\u0131kl\u0131, daha enerjik ve daha dengeli bir ya\u015fam m\u00fcmk\u00fcn! G\u00fcn\u00fcm\u00fczde sa\u011fl\u0131kl\u0131 ya\u015fam \u00fczerine say\u0131s\u0131z bilgi dola\u015f\u0131yor. Peki, ger\u00e7ekten i\u015fe yarayan, bilimsel olarak kan\u0131tlanm\u0131\u015f, \u00e7a\u011flar boyunca<span class=\"excerpt-hellip\"> [\u2026]<\/span><\/p>\n","protected":false},"featured_media":0,"template":"","meta":{"_monsterinsights_skip_tracking":false,"_monsterinsights_sitenote_active":false,"_monsterinsights_sitenote_note":"","_monsterinsights_sitenote_category":0},"product_brand":[],"product_cat":[20313,13365],"product_tag":[],"class_list":{"0":"post-770117","1":"product","2":"type-product","3":"status-publish","5":"product_cat-basvuru-kitaplari-saglik","6":"product_cat-saglik","7":"pa_cilt-ciltsiz","8":"pa_tur-kitap","9":"pa_yayinevi-destek-yayinlari","10":"pa_yazar-vedat-goral","12":"first","13":"instock","14":"sale","15":"shipping-taxable","16":"purchasable","17":"product-type-simple"},"_links":{"self":[{"href":"https:\/\/roveyayinevi.com.tr\/index.php\/wp-json\/wp\/v2\/product\/770117","targetHints":{"allow":["GET"]}}],"collection":[{"href":"https:\/\/roveyayinevi.com.tr\/index.php\/wp-json\/wp\/v2\/product"}],"about":[{"href":"https:\/\/roveyayinevi.com.tr\/index.php\/wp-json\/wp\/v2\/types\/product"}],"wp:attachment":[{"href":"https:\/\/roveyayinevi.com.tr\/index.php\/wp-json\/wp\/v2\/media?parent=770117"}],"wp:term":[{"taxonomy":"product_brand","embeddable":true,"href":"https:\/\/roveyayinevi.com.tr\/index.php\/wp-json\/wp\/v2\/product_brand?post=770117"},{"taxonomy":"product_cat","embeddable":true,"href":"https:\/\/roveyayinevi.com.tr\/index.php\/wp-json\/wp\/v2\/product_cat?post=770117"},{"taxonomy":"product_tag","embeddable":true,"href":"https:\/\/roveyayinevi.com.tr\/index.php\/wp-json\/wp\/v2\/product_tag?post=770117"}],"curies":[{"name":"wp","href":"https:\/\/api.w.org\/{rel}","templated":true}]}}