{"id":770116,"date":"2025-08-28T14:18:43","date_gmt":"2025-08-28T11:18:43","guid":{"rendered":"https:\/\/roveyayinevi.com.tr\/index.php\/urun\/ciftlik-boyama-kitabi-oyun-hamuru-oyuncak-ve-cikartma-hediyeli\/"},"modified":"2026-04-15T03:36:32","modified_gmt":"2026-04-15T00:36:32","slug":"ciftlik-boyama-kitabi-oyun-hamuru-oyuncak-ve-cikartma-hediyeli","status":"publish","type":"product","link":"https:\/\/roveyayinevi.com.tr\/index.php\/urun\/ciftlik-boyama-kitabi-oyun-hamuru-oyuncak-ve-cikartma-hediyeli\/","title":{"rendered":"\u00c7iftlik Boyama Kitab\u0131 &#8211; Oyun Hamuru, Oyuncak ve \u00c7\u0131kartma Hediyeli"},"content":{"rendered":"<p>\u00c7iftlikte bir g\u00fcn ge\u00e7irmeye ne dersin? Macera dolu \u00e7iftlik hayat\u0131n\u0131 renklendirmek i\u00e7in \u00f6nce boya kalemlerini haz\u0131rla. Kitab\u0131n i\u00e7indeki reng\u00e2renk \u00e7\u0131kartmalarla ve oyun hamuruyla kendi \u00e7iftli\u011fini kurmaya ba\u015fla.\u00c7iftlik hayat\u0131n\u0131n e\u011flenceli d\u00fcnyas\u0131n\u0131 ke\u015ffe \u00e7\u0131k\u0131yoruz!<\/p>\n","protected":false},"excerpt":{"rendered":"<p>\u00c7iftlikte bir g\u00fcn ge\u00e7irmeye ne dersin? Macera dolu \u00e7iftlik hayat\u0131n\u0131 renklendirmek i\u00e7in \u00f6nce boya kalemlerini haz\u0131rla. Kitab\u0131n i\u00e7indeki reng\u00e2renk \u00e7\u0131kartmalarla ve oyun hamuruyla kendi \u00e7iftli\u011fini kurmaya<span class=\"excerpt-hellip\"> [\u2026]<\/span><\/p>\n","protected":false},"featured_media":0,"template":"","meta":{"_monsterinsights_skip_tracking":false,"_monsterinsights_sitenote_active":false,"_monsterinsights_sitenote_note":"","_monsterinsights_sitenote_category":0},"product_brand":[],"product_cat":[12644,12274],"product_tag":[],"class_list":{"0":"post-770116","1":"product","2":"type-product","3":"status-publish","5":"product_cat-boyama-kitaplari","6":"product_cat-cocuk-ve-genclik-kitaplari","7":"pa_cilt-ciltsiz","8":"pa_tur-kitap","9":"pa_yayinevi-bigkids-yayinlari","10":"pa_yazar-bilge-yorulmaz","12":"first","13":"instock","14":"sale","15":"shipping-taxable","16":"purchasable","17":"product-type-simple"},"_links":{"self":[{"href":"https:\/\/roveyayinevi.com.tr\/index.php\/wp-json\/wp\/v2\/product\/770116","targetHints":{"allow":["GET"]}}],"collection":[{"href":"https:\/\/roveyayinevi.com.tr\/index.php\/wp-json\/wp\/v2\/product"}],"about":[{"href":"https:\/\/roveyayinevi.com.tr\/index.php\/wp-json\/wp\/v2\/types\/product"}],"wp:attachment":[{"href":"https:\/\/roveyayinevi.com.tr\/index.php\/wp-json\/wp\/v2\/media?parent=770116"}],"wp:term":[{"taxonomy":"product_brand","embeddable":true,"href":"https:\/\/roveyayinevi.com.tr\/index.php\/wp-json\/wp\/v2\/product_brand?post=770116"},{"taxonomy":"product_cat","embeddable":true,"href":"https:\/\/roveyayinevi.com.tr\/index.php\/wp-json\/wp\/v2\/product_cat?post=770116"},{"taxonomy":"product_tag","embeddable":true,"href":"https:\/\/roveyayinevi.com.tr\/index.php\/wp-json\/wp\/v2\/product_tag?post=770116"}],"curies":[{"name":"wp","href":"https:\/\/api.w.org\/{rel}","templated":true}]}}