{"id":770114,"date":"2025-08-28T14:18:39","date_gmt":"2025-08-28T11:18:39","guid":{"rendered":"https:\/\/roveyayinevi.com.tr\/index.php\/urun\/aboubakar-sahanin-yildizlari\/"},"modified":"2026-04-15T03:36:32","modified_gmt":"2026-04-15T00:36:32","slug":"aboubakar-sahanin-yildizlari","status":"publish","type":"product","link":"https:\/\/roveyayinevi.com.tr\/index.php\/urun\/aboubakar-sahanin-yildizlari\/","title":{"rendered":"Aboubakar &#8211; Sahan\u0131n Y\u0131ld\u0131zlar\u0131"},"content":{"rendered":"<p>2023 y\u0131l\u0131 g\u00fcncel bilgileri ve istatistikleriyle!Y\u00fcz binlerce Afrikal\u0131 \u00e7ocukla ayn\u0131 r\u00fcyalar\u0131 g\u00f6r\u00fcyor ayn\u0131 sahalarda kahraman olma hayalini kuruyordu.Hayalini ger\u00e7ekle\u015ftiren az say\u0131daki \u00e7ocuktan biri oldu. Kamerun\u2019un son b\u00fcy\u00fck golc\u00fcs\u00fcn\u00fcn Garoua\u2019n\u0131n tozlusokaklar\u0131ndan ulusal kahramanl\u0131\u011fa ula\u015ft\u0131\u011f\u0131 hik\u00e2yesi bu\u2026\u00d6nce Fransa\u2019ya oradan Portekiz\u2019e y\u00fckselirken herkesi yetene\u011fiyle gelece\u011fin y\u0131ld\u0131z\u0131 olaca\u011f\u0131na ikna etti.Kariyerindeki ini\u015fler, \u00e7\u0131k\u0131\u015flar ve sakatl\u0131klar onu y\u0131ld\u0131ramad\u0131. Aksine her zorlu\u011fu a\u015farak kendine yeni hedeflerbelirledi; sakatl\u0131\u011f\u0131n\u0131n getirdi\u011fi dezavantajlar\u0131 sadece \u00f6zel oyuncular\u0131n yapabilece\u011fi \u015fekilde avantaja \u00e7evirdi.Kariyeri boyunca att\u0131\u011f\u0131 gollerle \u00fclkesini gururland\u0131ran Aboubakar, evi gibi g\u00f6rd\u00fc\u011f\u00fc Be\u015fikta\u015f\u2019ta \u015fimdi \u00fc\u00e7\u00fcnc\u00fc\u015fampiyonlu\u011funu ya\u015famak istiyor. Ne de olsa o sahada oldu\u011fu zaman sadece oyunun ak\u0131\u015f\u0131 de\u011fil, olaylar\u0131n seyri dede\u011fi\u015fiyor. O sahadayken imk\u00e2ns\u0131z diye bir \u015fey kalm\u0131yor, her \u015fey m\u00fcmk\u00fcn oluyor!<\/p>\n","protected":false},"excerpt":{"rendered":"<p>2023 y\u0131l\u0131 g\u00fcncel bilgileri ve istatistikleriyle!Y\u00fcz binlerce Afrikal\u0131 \u00e7ocukla ayn\u0131 r\u00fcyalar\u0131 g\u00f6r\u00fcyor ayn\u0131 sahalarda kahraman olma hayalini kuruyordu.Hayalini ger\u00e7ekle\u015ftiren az say\u0131daki \u00e7ocuktan biri oldu. Kamerun\u2019un son<span class=\"excerpt-hellip\"> [\u2026]<\/span><\/p>\n","protected":false},"featured_media":0,"template":"","meta":{"_monsterinsights_skip_tracking":false,"_monsterinsights_sitenote_active":false,"_monsterinsights_sitenote_note":"","_monsterinsights_sitenote_category":0},"product_brand":[],"product_cat":[14009,12291],"product_tag":[],"class_list":{"0":"post-770114","1":"product","2":"type-product","3":"status-publish","5":"product_cat-biyografi-otobiyografi-edebiyat","6":"product_cat-edebiyat","7":"pa_cilt-ciltsiz","8":"pa_tur-kitap","9":"pa_yayinevi-parodi-yayinlari","10":"pa_yazar-ahmet-koyuncu","12":"first","13":"instock","14":"sale","15":"shipping-taxable","16":"purchasable","17":"product-type-simple"},"_links":{"self":[{"href":"https:\/\/roveyayinevi.com.tr\/index.php\/wp-json\/wp\/v2\/product\/770114","targetHints":{"allow":["GET"]}}],"collection":[{"href":"https:\/\/roveyayinevi.com.tr\/index.php\/wp-json\/wp\/v2\/product"}],"about":[{"href":"https:\/\/roveyayinevi.com.tr\/index.php\/wp-json\/wp\/v2\/types\/product"}],"wp:attachment":[{"href":"https:\/\/roveyayinevi.com.tr\/index.php\/wp-json\/wp\/v2\/media?parent=770114"}],"wp:term":[{"taxonomy":"product_brand","embeddable":true,"href":"https:\/\/roveyayinevi.com.tr\/index.php\/wp-json\/wp\/v2\/product_brand?post=770114"},{"taxonomy":"product_cat","embeddable":true,"href":"https:\/\/roveyayinevi.com.tr\/index.php\/wp-json\/wp\/v2\/product_cat?post=770114"},{"taxonomy":"product_tag","embeddable":true,"href":"https:\/\/roveyayinevi.com.tr\/index.php\/wp-json\/wp\/v2\/product_tag?post=770114"}],"curies":[{"name":"wp","href":"https:\/\/api.w.org\/{rel}","templated":true}]}}