{"id":770113,"date":"2025-08-28T14:18:37","date_gmt":"2025-08-28T11:18:37","guid":{"rendered":"https:\/\/roveyayinevi.com.tr\/index.php\/urun\/dzeko-sahanin-yildizlari\/"},"modified":"2026-04-15T03:36:32","modified_gmt":"2026-04-15T00:36:32","slug":"dzeko-sahanin-yildizlari","status":"publish","type":"product","link":"https:\/\/roveyayinevi.com.tr\/index.php\/urun\/dzeko-sahanin-yildizlari\/","title":{"rendered":"Dzeko &#8211; Sahan\u0131n Y\u0131ld\u0131zlar\u0131"},"content":{"rendered":"<p>2023 y\u0131l\u0131 g\u00fcncel bilgileriyle!Sava\u015f y\u00fcz\u00fcnden enkaza d\u00f6nm\u00fc\u015f Saraybosna sokaklar\u0131nda top ko\u015fturan k\u00fc\u00e7\u00fck Edin\u2019i hayata ba\u011flayan tek \u015feyfutboldu. \u0130leride b\u00fcy\u00fck bir futbolcu olup halk\u0131n\u0131n sesini t\u00fcm d\u00fcnyaya duyurman\u0131n hayallerini kuruyordu.Bunun i\u00e7in de \u00e7ok \u00e7al\u0131\u015fmas\u0131 gerekti\u011finin fark\u0131ndayd\u0131.Asla pes etmedi ve \u00f6n\u00fcne \u00e7\u0131kan her engeli tek tek a\u015farak d\u00fcnyan\u0131n en zorlu liglerinde rekorlar k\u0131r\u0131p \u015fampiyonluklarya\u015fad\u0131. Att\u0131\u011f\u0131 gollerle Manchester City, Wolfsburg, Roma ve Inter gibi dev kul\u00fcplerin tarihine ge\u00e7ti. Ama bunlar bileba\u015far\u0131ya olan a\u00e7l\u0131\u011f\u0131n\u0131 dindiremedi. Kendisine hep yeni meydan okumalar arad\u0131.Ve \u015fimdi de yolu Fenerbah\u00e7e\u2019yle kesi\u015fti.Gelir gelmez kaptanl\u0131k pazubendini koluna ge\u00e7iren D\u017eeko yeni bir efsane yazmaya haz\u0131r oldu\u011funu herkeseg\u00f6sterdi. Akl\u0131ndaysa sadece tek bir \u015fey var: Taraftar\u0131n y\u0131llard\u0131r s\u00fcren \u015fampiyonluk hasretine son verip ad\u0131n\u0131kul\u00fcb\u00fcn unutulmazlar\u0131 aras\u0131na yazd\u0131rmak&#8230;<\/p>\n","protected":false},"excerpt":{"rendered":"<p>2023 y\u0131l\u0131 g\u00fcncel bilgileriyle!Sava\u015f y\u00fcz\u00fcnden enkaza d\u00f6nm\u00fc\u015f Saraybosna sokaklar\u0131nda top ko\u015fturan k\u00fc\u00e7\u00fck Edin\u2019i hayata ba\u011flayan tek \u015feyfutboldu. \u0130leride b\u00fcy\u00fck bir futbolcu olup halk\u0131n\u0131n sesini t\u00fcm d\u00fcnyaya<span class=\"excerpt-hellip\"> [\u2026]<\/span><\/p>\n","protected":false},"featured_media":0,"template":"","meta":{"_monsterinsights_skip_tracking":false,"_monsterinsights_sitenote_active":false,"_monsterinsights_sitenote_note":"","_monsterinsights_sitenote_category":0},"product_brand":[],"product_cat":[14009,12291],"product_tag":[],"class_list":{"0":"post-770113","1":"product","2":"type-product","3":"status-publish","5":"product_cat-biyografi-otobiyografi-edebiyat","6":"product_cat-edebiyat","7":"pa_cilt-ciltsiz","8":"pa_tur-kitap","9":"pa_yayinevi-parodi-yayinlari","10":"pa_yazar-ahmet-koyuncu","12":"first","13":"instock","14":"sale","15":"shipping-taxable","16":"purchasable","17":"product-type-simple"},"_links":{"self":[{"href":"https:\/\/roveyayinevi.com.tr\/index.php\/wp-json\/wp\/v2\/product\/770113","targetHints":{"allow":["GET"]}}],"collection":[{"href":"https:\/\/roveyayinevi.com.tr\/index.php\/wp-json\/wp\/v2\/product"}],"about":[{"href":"https:\/\/roveyayinevi.com.tr\/index.php\/wp-json\/wp\/v2\/types\/product"}],"wp:attachment":[{"href":"https:\/\/roveyayinevi.com.tr\/index.php\/wp-json\/wp\/v2\/media?parent=770113"}],"wp:term":[{"taxonomy":"product_brand","embeddable":true,"href":"https:\/\/roveyayinevi.com.tr\/index.php\/wp-json\/wp\/v2\/product_brand?post=770113"},{"taxonomy":"product_cat","embeddable":true,"href":"https:\/\/roveyayinevi.com.tr\/index.php\/wp-json\/wp\/v2\/product_cat?post=770113"},{"taxonomy":"product_tag","embeddable":true,"href":"https:\/\/roveyayinevi.com.tr\/index.php\/wp-json\/wp\/v2\/product_tag?post=770113"}],"curies":[{"name":"wp","href":"https:\/\/api.w.org\/{rel}","templated":true}]}}