{"id":770112,"date":"2025-08-28T14:18:35","date_gmt":"2025-08-28T11:18:35","guid":{"rendered":"https:\/\/roveyayinevi.com.tr\/index.php\/urun\/benzema-sahanin-yildizlari\/"},"modified":"2026-04-15T03:36:32","modified_gmt":"2026-04-15T00:36:32","slug":"benzema-sahanin-yildizlari","status":"publish","type":"product","link":"https:\/\/roveyayinevi.com.tr\/index.php\/urun\/benzema-sahanin-yildizlari\/","title":{"rendered":"Benzema &#8211; Sahan\u0131n Y\u0131ld\u0131zlar\u0131"},"content":{"rendered":"<p>2023 y\u0131l\u0131 g\u00fcncel bilgileriyle!Televizyonun kar\u015f\u0131s\u0131nda heyecanla ma\u00e7lar\u0131n\u0131 izledi\u011fi Lyon\u2019un formas\u0131n\u0131 giymeye ba\u015flad\u0131\u011f\u0131nda hen\u00fcz 9 ya\u015f\u0131ndayd\u0131.Alt ya\u015f gruplar\u0131nda rekorlar k\u0131rarak A tak\u0131ma y\u00fckseldi\u011findeyse sadece 17&#8230;Do\u011fdu\u011fu \u015fehrin prensi olmas\u0131 uzun s\u00fcrmedi. Ama onun i\u00e7in yeterli de\u011fildi bu. Devler sahnesinde yer almadankrall\u0131\u011f\u0131n\u0131 ilan edemeyece\u011finin fark\u0131ndayd\u0131. Hik\u00e2yesini t\u00fcm d\u00fcnyaya anlatmak \u00fczere Madrid u\u00e7a\u011f\u0131na bindi\u011findeyaln\u0131zca 21 ya\u015f\u0131ndayd\u0131&#8230;Hedeflerine ula\u015fmak i\u00e7in m\u00fccadele etmesi gerekti\u011fini biliyordu. Zirveye \u00e7\u0131kmak i\u00e7in \u00f6demesi gereken bedelleri de.Bu u\u011furda gol atma arzusunu bast\u0131r\u0131p oyununu bile de\u011fi\u015ftirdi ve \u2018y\u0131ld\u0131z futbolcu\u2019 tan\u0131m\u0131n\u0131 ba\u015ftan yazd\u0131.Azmi ve fedak\u00e2rl\u0131\u011f\u0131 nihayet Ballon d\u2019Or\u2019la \u00f6d\u00fcllendirildi\u011findeyse 34 ya\u015f\u0131ndayd\u0131&#8230;Benzema\u2019n\u0131n kral olma yolundaki ser\u00fcveni her ya\u015ftan insana ilham verirken ayn\u0131 zamanda futbol dolu biryolculu\u011fa da davet ediyor.<\/p>\n","protected":false},"excerpt":{"rendered":"<p>2023 y\u0131l\u0131 g\u00fcncel bilgileriyle!Televizyonun kar\u015f\u0131s\u0131nda heyecanla ma\u00e7lar\u0131n\u0131 izledi\u011fi Lyon\u2019un formas\u0131n\u0131 giymeye ba\u015flad\u0131\u011f\u0131nda hen\u00fcz 9 ya\u015f\u0131ndayd\u0131.Alt ya\u015f gruplar\u0131nda rekorlar k\u0131rarak A tak\u0131ma y\u00fckseldi\u011findeyse sadece 17&#8230;Do\u011fdu\u011fu \u015fehrin prensi<span class=\"excerpt-hellip\"> [\u2026]<\/span><\/p>\n","protected":false},"featured_media":0,"template":"","meta":{"_monsterinsights_skip_tracking":false,"_monsterinsights_sitenote_active":false,"_monsterinsights_sitenote_note":"","_monsterinsights_sitenote_category":0},"product_brand":[],"product_cat":[14009,12291],"product_tag":[],"class_list":{"0":"post-770112","1":"product","2":"type-product","3":"status-publish","5":"product_cat-biyografi-otobiyografi-edebiyat","6":"product_cat-edebiyat","7":"pa_cilt-ciltsiz","8":"pa_tur-kitap","9":"pa_yayinevi-parodi-yayinlari","10":"pa_yazar-ahmet-koyuncu","12":"first","13":"instock","14":"sale","15":"shipping-taxable","16":"purchasable","17":"product-type-simple"},"_links":{"self":[{"href":"https:\/\/roveyayinevi.com.tr\/index.php\/wp-json\/wp\/v2\/product\/770112","targetHints":{"allow":["GET"]}}],"collection":[{"href":"https:\/\/roveyayinevi.com.tr\/index.php\/wp-json\/wp\/v2\/product"}],"about":[{"href":"https:\/\/roveyayinevi.com.tr\/index.php\/wp-json\/wp\/v2\/types\/product"}],"wp:attachment":[{"href":"https:\/\/roveyayinevi.com.tr\/index.php\/wp-json\/wp\/v2\/media?parent=770112"}],"wp:term":[{"taxonomy":"product_brand","embeddable":true,"href":"https:\/\/roveyayinevi.com.tr\/index.php\/wp-json\/wp\/v2\/product_brand?post=770112"},{"taxonomy":"product_cat","embeddable":true,"href":"https:\/\/roveyayinevi.com.tr\/index.php\/wp-json\/wp\/v2\/product_cat?post=770112"},{"taxonomy":"product_tag","embeddable":true,"href":"https:\/\/roveyayinevi.com.tr\/index.php\/wp-json\/wp\/v2\/product_tag?post=770112"}],"curies":[{"name":"wp","href":"https:\/\/api.w.org\/{rel}","templated":true}]}}