{"id":770111,"date":"2025-08-28T14:18:32","date_gmt":"2025-08-28T11:18:32","guid":{"rendered":"https:\/\/roveyayinevi.com.tr\/index.php\/urun\/guardiola-sahanin-yildizlari\/"},"modified":"2026-04-15T03:36:32","modified_gmt":"2026-04-15T00:36:32","slug":"guardiola-sahanin-yildizlari","status":"publish","type":"product","link":"https:\/\/roveyayinevi.com.tr\/index.php\/urun\/guardiola-sahanin-yildizlari\/","title":{"rendered":"Guardiola &#8211; Sahan\u0131n Y\u0131ld\u0131zlar\u0131"},"content":{"rendered":"<p>Guardiola g\u00fcn\u00fcn birinde futbola y\u00f6n verece\u011fini biliyordu. Ama kariyerine altyap\u0131s\u0131nda ba\u015flad\u0131\u011f\u0131 Barcelona\u2019n\u0131nba\u015f\u0131na ge\u00e7ti\u011finde bu kadar ba\u015far\u0131l\u0131 olaca\u011f\u0131n\u0131 belki kendisi bile hayal etmemi\u015fti.Kendine \u00f6zg\u00fc oyun tarz\u0131yla futbolseverlerin g\u00f6nl\u00fcnde taht kurmu\u015f olan teknik adam, \u00e7al\u0131\u015ft\u0131rd\u0131\u011f\u0131 tak\u0131mlar\u0131\u015fampiyon yapmakla kalmayacak, ayn\u0131 zamanda onlar\u0131 benzersiz futbol anlay\u0131\u015f\u0131yla \u00e2deta ba\u015fka bir seviyeyeta\u015f\u0131yacakt\u0131.Kariyerine s\u0131\u011fd\u0131rd\u0131\u011f\u0131 onca kupaya ra\u011fmen kazanma h\u0131rs\u0131ndan hi\u00e7bir \u015fey kaybetmeyen Guardiola\u2019n\u0131n hik\u00e2yesi, sizifutbolun ba\u015fka bir y\u00f6n\u00fcyle tan\u0131\u015ft\u0131rarak belki de hi\u00e7 bilmedi\u011finiz bir d\u00fcnyan\u0131n kap\u0131lar\u0131n\u0131 aralayacak!<\/p>\n","protected":false},"excerpt":{"rendered":"<p>Guardiola g\u00fcn\u00fcn birinde futbola y\u00f6n verece\u011fini biliyordu. Ama kariyerine altyap\u0131s\u0131nda ba\u015flad\u0131\u011f\u0131 Barcelona\u2019n\u0131nba\u015f\u0131na ge\u00e7ti\u011finde bu kadar ba\u015far\u0131l\u0131 olaca\u011f\u0131n\u0131 belki kendisi bile hayal etmemi\u015fti.Kendine \u00f6zg\u00fc oyun tarz\u0131yla futbolseverlerin<span class=\"excerpt-hellip\"> [\u2026]<\/span><\/p>\n","protected":false},"featured_media":0,"template":"","meta":{"_monsterinsights_skip_tracking":false,"_monsterinsights_sitenote_active":false,"_monsterinsights_sitenote_note":"","_monsterinsights_sitenote_category":0},"product_brand":[],"product_cat":[14009,12291],"product_tag":[],"class_list":{"0":"post-770111","1":"product","2":"type-product","3":"status-publish","5":"product_cat-biyografi-otobiyografi-edebiyat","6":"product_cat-edebiyat","7":"pa_cilt-ciltsiz","8":"pa_tur-kitap","9":"pa_yayinevi-parodi-yayinlari","10":"pa_yazar-harry-coninx","12":"first","13":"instock","14":"sale","15":"shipping-taxable","16":"purchasable","17":"product-type-simple"},"_links":{"self":[{"href":"https:\/\/roveyayinevi.com.tr\/index.php\/wp-json\/wp\/v2\/product\/770111","targetHints":{"allow":["GET"]}}],"collection":[{"href":"https:\/\/roveyayinevi.com.tr\/index.php\/wp-json\/wp\/v2\/product"}],"about":[{"href":"https:\/\/roveyayinevi.com.tr\/index.php\/wp-json\/wp\/v2\/types\/product"}],"wp:attachment":[{"href":"https:\/\/roveyayinevi.com.tr\/index.php\/wp-json\/wp\/v2\/media?parent=770111"}],"wp:term":[{"taxonomy":"product_brand","embeddable":true,"href":"https:\/\/roveyayinevi.com.tr\/index.php\/wp-json\/wp\/v2\/product_brand?post=770111"},{"taxonomy":"product_cat","embeddable":true,"href":"https:\/\/roveyayinevi.com.tr\/index.php\/wp-json\/wp\/v2\/product_cat?post=770111"},{"taxonomy":"product_tag","embeddable":true,"href":"https:\/\/roveyayinevi.com.tr\/index.php\/wp-json\/wp\/v2\/product_tag?post=770111"}],"curies":[{"name":"wp","href":"https:\/\/api.w.org\/{rel}","templated":true}]}}