{"id":770110,"date":"2025-08-28T14:18:30","date_gmt":"2025-08-28T11:18:30","guid":{"rendered":"https:\/\/roveyayinevi.com.tr\/index.php\/urun\/neymar-sahanin-yildizlari\/"},"modified":"2026-04-15T03:36:32","modified_gmt":"2026-04-15T00:36:32","slug":"neymar-sahanin-yildizlari","status":"publish","type":"product","link":"https:\/\/roveyayinevi.com.tr\/index.php\/urun\/neymar-sahanin-yildizlari\/","title":{"rendered":"Neymar &#8211; Sahan\u0131n Y\u0131ld\u0131zlar\u0131"},"content":{"rendered":"<p>2023 y\u0131l\u0131 g\u00fcncel bilgileriyle!Her \u00e7ocuk gibi o da sokaklarda top oynayarak ba\u015flad\u0131 hayal kurmaya. G\u00fcn\u00fcn birinde Brezilya\u2019n\u0131n y\u0131ld\u0131z\u0131 olacak vedeste\u011fini her zaman hissetti\u011fi ailesini gururland\u0131racakt\u0131.Yerel tak\u0131mlarda ba\u015flayan futbol maceras\u0131, d\u00fcnya \u00e7ap\u0131nda tan\u0131nan bir futbolcu olma yolundaki ilk dura\u011f\u0131yd\u0131sadece. Sonras\u0131nda b\u00fcy\u00fck sahnelere transfer olacak ve ba\u015far\u0131s\u0131 tak\u0131m kaptanl\u0131\u011f\u0131na kadar uzanacakt\u0131.Bir dans\u00e7\u0131n\u0131n zarafetine sahip ola\u011fan\u00fcst\u00fc becerileriyle att\u0131\u011f\u0131 her golle de kendini kan\u0131tlayacakt\u0131.Yetenekleriyle s\u0131n\u0131rlar\u0131 zorlayan, oynad\u0131\u011f\u0131 her ma\u00e7a renk katan ve futbolseverleri b\u00fcy\u00fcleyen Brezilyal\u0131 futboldehas\u0131, milyonlar\u0131 kendine hayran b\u0131rak\u0131rken futbol d\u00fcnyas\u0131na getirdi\u011fi yeni solukla \u00e7oktan unutulmazlar\u0131naras\u0131nda yerini ald\u0131 bile. Neymar\u2019\u0131n hik\u00e2yesinde futbolun b\u00fcy\u00fcs\u00fcne \u015fahit olacak ve onunla inan\u0131lmaz bir yolculu\u011fa\u00e7\u0131kacaks\u0131n\u0131z.<\/p>\n","protected":false},"excerpt":{"rendered":"<p>2023 y\u0131l\u0131 g\u00fcncel bilgileriyle!Her \u00e7ocuk gibi o da sokaklarda top oynayarak ba\u015flad\u0131 hayal kurmaya. G\u00fcn\u00fcn birinde Brezilya\u2019n\u0131n y\u0131ld\u0131z\u0131 olacak vedeste\u011fini her zaman hissetti\u011fi ailesini gururland\u0131racakt\u0131.Yerel tak\u0131mlarda<span class=\"excerpt-hellip\"> [\u2026]<\/span><\/p>\n","protected":false},"featured_media":0,"template":"","meta":{"_monsterinsights_skip_tracking":false,"_monsterinsights_sitenote_active":false,"_monsterinsights_sitenote_note":"","_monsterinsights_sitenote_category":0},"product_brand":[],"product_cat":[14009,12291],"product_tag":[],"class_list":{"0":"post-770110","1":"product","2":"type-product","3":"status-publish","5":"product_cat-biyografi-otobiyografi-edebiyat","6":"product_cat-edebiyat","7":"pa_cilt-ciltsiz","8":"pa_tur-kitap","9":"pa_yayinevi-parodi-yayinlari","10":"pa_yazar-matt-carver","12":"first","13":"instock","14":"sale","15":"shipping-taxable","16":"purchasable","17":"product-type-simple"},"_links":{"self":[{"href":"https:\/\/roveyayinevi.com.tr\/index.php\/wp-json\/wp\/v2\/product\/770110","targetHints":{"allow":["GET"]}}],"collection":[{"href":"https:\/\/roveyayinevi.com.tr\/index.php\/wp-json\/wp\/v2\/product"}],"about":[{"href":"https:\/\/roveyayinevi.com.tr\/index.php\/wp-json\/wp\/v2\/types\/product"}],"wp:attachment":[{"href":"https:\/\/roveyayinevi.com.tr\/index.php\/wp-json\/wp\/v2\/media?parent=770110"}],"wp:term":[{"taxonomy":"product_brand","embeddable":true,"href":"https:\/\/roveyayinevi.com.tr\/index.php\/wp-json\/wp\/v2\/product_brand?post=770110"},{"taxonomy":"product_cat","embeddable":true,"href":"https:\/\/roveyayinevi.com.tr\/index.php\/wp-json\/wp\/v2\/product_cat?post=770110"},{"taxonomy":"product_tag","embeddable":true,"href":"https:\/\/roveyayinevi.com.tr\/index.php\/wp-json\/wp\/v2\/product_tag?post=770110"}],"curies":[{"name":"wp","href":"https:\/\/api.w.org\/{rel}","templated":true}]}}