{"id":770108,"date":"2025-08-28T14:18:26","date_gmt":"2025-08-28T11:18:26","guid":{"rendered":"https:\/\/roveyayinevi.com.tr\/index.php\/urun\/kane-sahanin-yildizlari\/"},"modified":"2026-04-15T03:36:32","modified_gmt":"2026-04-15T00:36:32","slug":"kane-sahanin-yildizlari","status":"publish","type":"product","link":"https:\/\/roveyayinevi.com.tr\/index.php\/urun\/kane-sahanin-yildizlari\/","title":{"rendered":"Kane &#8211; Sahan\u0131n Y\u0131ld\u0131zlar\u0131"},"content":{"rendered":"<p>2023 y\u0131l\u0131 g\u00fcncel bilgileriyle!Futbol, \u00e7ocuklu\u011fundan beri hayat\u0131n\u0131n hep merkezindeydi; \u00e7ok \u00e7al\u0131\u015ft\u0131 ve \u00e7ok m\u00fccadele etti.Ama asla bu yoldan vazge\u00e7medi. Ne zaman d\u00fc\u015fse daha g\u00fc\u00e7l\u00fc bir \u015fekilde aya\u011fa kalkt\u0131 ve hayat\u0131 boyunca da en iyibildi\u011fi \u015feyi yapmaya devam etti.Topla her bulu\u015ftu\u011funda tek bir amac\u0131 vard\u0131: Gol atmak. Sabahlara kadar yapt\u0131\u011f\u0131 idmanlar\u0131n, s\u0131k\u0131 \u00e7al\u0131\u015fmas\u0131n\u0131n vekendisine duydu\u011fu inanc\u0131n \u00f6d\u00fcl\u00fcyd\u00fc bu goller. Azmi sayesinde \u0130ngiltere\u2019nin umut vadeden oyuncular\u0131ndanbiriyken mill\u00ee tak\u0131m kaptanl\u0131\u011f\u0131na kadar y\u00fckseldi.Futbol d\u00fcnyas\u0131nda kendini kan\u0131tlam\u0131\u015f bir golc\u00fc olan Harry Kane, azmin ve disiplinin timsali olarak ad\u0131n\u0131 \u0130ngilterefutbol tarihine alt\u0131n harflerle yazd\u0131rmakla kalmay\u0131p \u015fimdiden efsanelerin aras\u0131nda yerini almay\u0131 ba\u015fard\u0131.Onun \u00f6yk\u00fcs\u00fc sizleri ilham dolu bir yolculu\u011fa davet ediyor.<\/p>\n","protected":false},"excerpt":{"rendered":"<p>2023 y\u0131l\u0131 g\u00fcncel bilgileriyle!Futbol, \u00e7ocuklu\u011fundan beri hayat\u0131n\u0131n hep merkezindeydi; \u00e7ok \u00e7al\u0131\u015ft\u0131 ve \u00e7ok m\u00fccadele etti.Ama asla bu yoldan vazge\u00e7medi. Ne zaman d\u00fc\u015fse daha g\u00fc\u00e7l\u00fc bir \u015fekilde<span class=\"excerpt-hellip\"> [\u2026]<\/span><\/p>\n","protected":false},"featured_media":0,"template":"","meta":{"_monsterinsights_skip_tracking":false,"_monsterinsights_sitenote_active":false,"_monsterinsights_sitenote_note":"","_monsterinsights_sitenote_category":0},"product_brand":[],"product_cat":[14009,12291],"product_tag":[],"class_list":{"0":"post-770108","1":"product","2":"type-product","3":"status-publish","5":"product_cat-biyografi-otobiyografi-edebiyat","6":"product_cat-edebiyat","7":"pa_cilt-ciltsiz","8":"pa_tur-kitap","9":"pa_yayinevi-parodi-yayinlari","10":"pa_yazar-harry-coninx","12":"first","13":"instock","14":"sale","15":"shipping-taxable","16":"purchasable","17":"product-type-simple"},"_links":{"self":[{"href":"https:\/\/roveyayinevi.com.tr\/index.php\/wp-json\/wp\/v2\/product\/770108","targetHints":{"allow":["GET"]}}],"collection":[{"href":"https:\/\/roveyayinevi.com.tr\/index.php\/wp-json\/wp\/v2\/product"}],"about":[{"href":"https:\/\/roveyayinevi.com.tr\/index.php\/wp-json\/wp\/v2\/types\/product"}],"wp:attachment":[{"href":"https:\/\/roveyayinevi.com.tr\/index.php\/wp-json\/wp\/v2\/media?parent=770108"}],"wp:term":[{"taxonomy":"product_brand","embeddable":true,"href":"https:\/\/roveyayinevi.com.tr\/index.php\/wp-json\/wp\/v2\/product_brand?post=770108"},{"taxonomy":"product_cat","embeddable":true,"href":"https:\/\/roveyayinevi.com.tr\/index.php\/wp-json\/wp\/v2\/product_cat?post=770108"},{"taxonomy":"product_tag","embeddable":true,"href":"https:\/\/roveyayinevi.com.tr\/index.php\/wp-json\/wp\/v2\/product_tag?post=770108"}],"curies":[{"name":"wp","href":"https:\/\/api.w.org\/{rel}","templated":true}]}}