{"id":770107,"date":"2025-08-28T14:18:24","date_gmt":"2025-08-28T11:18:24","guid":{"rendered":"https:\/\/roveyayinevi.com.tr\/index.php\/urun\/haaland-sahanin-yildizlari\/"},"modified":"2026-04-15T03:36:32","modified_gmt":"2026-04-15T00:36:32","slug":"haaland-sahanin-yildizlari","status":"publish","type":"product","link":"https:\/\/roveyayinevi.com.tr\/index.php\/urun\/haaland-sahanin-yildizlari\/","title":{"rendered":"Haaland; Sahan\u0131n Y\u0131ld\u0131zlar\u0131"},"content":{"rendered":"<p>2023 y\u0131l\u0131 g\u00fcncel bilgileriyle!Futbolda babas\u0131n\u0131n ayak izlerini takip eden Erling, daha be\u015f ya\u015f\u0131ndayken d\u00fcnyan\u0131n en iyi futbolcusu olarakan\u0131lmay\u0131 kafas\u0131na koymu\u015ftu. \u00d6yle bir azim, \u00f6yle bir kazanma h\u0131rs\u0131 var ki onda g\u00f6renleri \u015fa\u015fk\u0131na u\u011frat\u0131yor, gol atmayetene\u011fiyle \u00e2deta b\u00fcy\u00fcl\u00fcyor.Hen\u00fcz gen\u00e7 bir delikanl\u0131yken ba\u015flad\u0131\u011f\u0131 profesyonel futbol kariyerinde emin ad\u0131mlarla y\u00fcr\u00fcmeye devam eden ErlingHaaland \u015fimdiden spor camias\u0131nda hat-trick makinesi olarak an\u0131l\u0131yor ve \u015eampiyonlar Ligi de d\u00e2hil olmak \u00fczerebulundu\u011fu her ligde k\u0131r\u0131lmad\u0131k rekor b\u0131rakm\u0131yor.Topu aya\u011f\u0131nda buldu\u011fu an, fileleri havaland\u0131rmay\u0131 kendine g\u00f6rev bilen Norve\u00e7\u2019in y\u0131ld\u0131z oyuncusu Haaland\u2019\u0131n futbolser\u00fcveninin nas\u0131l ba\u015flad\u0131\u011f\u0131 ve durdurulamaz y\u00fckseli\u015fi her futbolsevere ilham olacak!<\/p>\n","protected":false},"excerpt":{"rendered":"<p>2023 y\u0131l\u0131 g\u00fcncel bilgileriyle!Futbolda babas\u0131n\u0131n ayak izlerini takip eden Erling, daha be\u015f ya\u015f\u0131ndayken d\u00fcnyan\u0131n en iyi futbolcusu olarakan\u0131lmay\u0131 kafas\u0131na koymu\u015ftu. \u00d6yle bir azim, \u00f6yle bir kazanma<span class=\"excerpt-hellip\"> [\u2026]<\/span><\/p>\n","protected":false},"featured_media":0,"template":"","meta":{"_monsterinsights_skip_tracking":false,"_monsterinsights_sitenote_active":false,"_monsterinsights_sitenote_note":"","_monsterinsights_sitenote_category":0},"product_brand":[],"product_cat":[14009,12291],"product_tag":[],"class_list":{"0":"post-770107","1":"product","2":"type-product","3":"status-publish","5":"product_cat-biyografi-otobiyografi-edebiyat","6":"product_cat-edebiyat","7":"pa_cilt-ciltsiz","8":"pa_tur-kitap","9":"pa_yayinevi-parodi-yayinlari","10":"pa_yazar-harry-coninx","12":"first","13":"instock","14":"sale","15":"shipping-taxable","16":"purchasable","17":"product-type-simple"},"_links":{"self":[{"href":"https:\/\/roveyayinevi.com.tr\/index.php\/wp-json\/wp\/v2\/product\/770107","targetHints":{"allow":["GET"]}}],"collection":[{"href":"https:\/\/roveyayinevi.com.tr\/index.php\/wp-json\/wp\/v2\/product"}],"about":[{"href":"https:\/\/roveyayinevi.com.tr\/index.php\/wp-json\/wp\/v2\/types\/product"}],"wp:attachment":[{"href":"https:\/\/roveyayinevi.com.tr\/index.php\/wp-json\/wp\/v2\/media?parent=770107"}],"wp:term":[{"taxonomy":"product_brand","embeddable":true,"href":"https:\/\/roveyayinevi.com.tr\/index.php\/wp-json\/wp\/v2\/product_brand?post=770107"},{"taxonomy":"product_cat","embeddable":true,"href":"https:\/\/roveyayinevi.com.tr\/index.php\/wp-json\/wp\/v2\/product_cat?post=770107"},{"taxonomy":"product_tag","embeddable":true,"href":"https:\/\/roveyayinevi.com.tr\/index.php\/wp-json\/wp\/v2\/product_tag?post=770107"}],"curies":[{"name":"wp","href":"https:\/\/api.w.org\/{rel}","templated":true}]}}