{"id":770106,"date":"2025-08-28T14:18:21","date_gmt":"2025-08-28T11:18:21","guid":{"rendered":"https:\/\/roveyayinevi.com.tr\/index.php\/urun\/mbappe-sahanin-yildizlari\/"},"modified":"2026-04-15T03:36:32","modified_gmt":"2026-04-15T00:36:32","slug":"mbappe-sahanin-yildizlari","status":"publish","type":"product","link":"https:\/\/roveyayinevi.com.tr\/index.php\/urun\/mbappe-sahanin-yildizlari\/","title":{"rendered":"Mbappe &#8211; Sahan\u0131n Y\u0131ld\u0131zlar\u0131"},"content":{"rendered":"<p>2023 y\u0131l\u0131 g\u00fcncel bilgileriyle!Paris\u2019in futbolla b\u00fct\u00fcnle\u015fen mahallesi Bondy\u2019de g\u00f6zlerini a\u00e7m\u0131\u015ft\u0131 Kylian. Daha k\u00fc\u00e7\u00fcc\u00fck bir \u00e7ocukken bile en b\u00fcy\u00fckhayali D\u00fcnya Kupas\u0131\u2019n\u0131 kazanmakt\u0131 ve bu hayalini ger\u00e7ekle\u015ftirdi\u011finde hen\u00fcz on dokuzunda bile de\u011fildi.O andan itibaren t\u00fcm d\u00fcnya \u2018Kylian Mbapp\u00e9\u2019 ad\u0131n\u0131 \u00f6\u011frenecek ve bir daha da unutmayacakt\u0131.\u00d6yle bir futbol tutkusu vard\u0131 ki i\u00e7inde; topu aya\u011f\u0131na ald\u0131\u011f\u0131 anda her \u015feyi unutur, d\u00fcnyaya gelme amac\u0131 golatmakm\u0131\u015f\u00e7as\u0131na kaleye do\u011fru ko\u015fard\u0131. Uzun y\u0131llar s\u00fcrecek kariyerinin hen\u00fcz ba\u015f\u0131nda olmas\u0131na ra\u011fmen daha\u015fimdiden Messi, Neymar gibi y\u0131ld\u0131zlarla ayn\u0131 tak\u0131mda top ko\u015fturuyor.Gen\u00e7 ya\u015f\u0131nda bir efsane h\u00e2line gelen, att\u0131\u011f\u0131 gollerle tak\u0131m\u0131n\u0131 \u015fampiyonlu\u011fa ta\u015f\u0131yan, milyonlarca \u00e7ocu\u011fun idol\u00fc olanMbapp\u00e9\u2019nin nas\u0131l y\u0131ld\u0131z bir golc\u00fcye d\u00f6n\u00fc\u015ft\u00fc\u011f\u00fcn\u00fcn hik\u00e2yesi sizi futbol dolu bir d\u00fcnyaya davet ediyor!<\/p>\n","protected":false},"excerpt":{"rendered":"<p>2023 y\u0131l\u0131 g\u00fcncel bilgileriyle!Paris\u2019in futbolla b\u00fct\u00fcnle\u015fen mahallesi Bondy\u2019de g\u00f6zlerini a\u00e7m\u0131\u015ft\u0131 Kylian. Daha k\u00fc\u00e7\u00fcc\u00fck bir \u00e7ocukken bile en b\u00fcy\u00fckhayali D\u00fcnya Kupas\u0131\u2019n\u0131 kazanmakt\u0131 ve bu hayalini ger\u00e7ekle\u015ftirdi\u011finde hen\u00fcz<span class=\"excerpt-hellip\"> [\u2026]<\/span><\/p>\n","protected":false},"featured_media":0,"template":"","meta":{"_monsterinsights_skip_tracking":false,"_monsterinsights_sitenote_active":false,"_monsterinsights_sitenote_note":"","_monsterinsights_sitenote_category":0},"product_brand":[],"product_cat":[14009,12291],"product_tag":[],"class_list":{"0":"post-770106","1":"product","2":"type-product","3":"status-publish","5":"product_cat-biyografi-otobiyografi-edebiyat","6":"product_cat-edebiyat","7":"pa_cilt-ciltsiz","8":"pa_tur-kitap","9":"pa_yayinevi-parodi-yayinlari","10":"pa_yazar-harry-coninx","12":"first","13":"instock","14":"sale","15":"shipping-taxable","16":"purchasable","17":"product-type-simple"},"_links":{"self":[{"href":"https:\/\/roveyayinevi.com.tr\/index.php\/wp-json\/wp\/v2\/product\/770106","targetHints":{"allow":["GET"]}}],"collection":[{"href":"https:\/\/roveyayinevi.com.tr\/index.php\/wp-json\/wp\/v2\/product"}],"about":[{"href":"https:\/\/roveyayinevi.com.tr\/index.php\/wp-json\/wp\/v2\/types\/product"}],"wp:attachment":[{"href":"https:\/\/roveyayinevi.com.tr\/index.php\/wp-json\/wp\/v2\/media?parent=770106"}],"wp:term":[{"taxonomy":"product_brand","embeddable":true,"href":"https:\/\/roveyayinevi.com.tr\/index.php\/wp-json\/wp\/v2\/product_brand?post=770106"},{"taxonomy":"product_cat","embeddable":true,"href":"https:\/\/roveyayinevi.com.tr\/index.php\/wp-json\/wp\/v2\/product_cat?post=770106"},{"taxonomy":"product_tag","embeddable":true,"href":"https:\/\/roveyayinevi.com.tr\/index.php\/wp-json\/wp\/v2\/product_tag?post=770106"}],"curies":[{"name":"wp","href":"https:\/\/api.w.org\/{rel}","templated":true}]}}