{"id":770105,"date":"2025-08-28T14:18:19","date_gmt":"2025-08-28T11:18:19","guid":{"rendered":"https:\/\/roveyayinevi.com.tr\/index.php\/urun\/messi-sahanin-yildizlari\/"},"modified":"2026-04-15T03:36:32","modified_gmt":"2026-04-15T00:36:32","slug":"messi-sahanin-yildizlari","status":"publish","type":"product","link":"https:\/\/roveyayinevi.com.tr\/index.php\/urun\/messi-sahanin-yildizlari\/","title":{"rendered":"Messi &#8211; Sahan\u0131n Y\u0131ld\u0131zlar\u0131"},"content":{"rendered":"<p>2023 y\u0131l\u0131 g\u00fcncel bilgileriyle!Ye\u015fil sahalara ad\u0131m\u0131n\u0131 ilk att\u0131\u011f\u0131nda hen\u00fcz be\u015f ya\u015f\u0131ndayd\u0131 Lionel. Y\u00fcr\u00fcmeyi \u00f6\u011frenir \u00f6\u011frenmez topu aya\u011f\u0131nda bulmu\u015fve futbol oynamak i\u00e7in do\u011fdu\u011funu anlam\u0131\u015ft\u0131. \u00c7elimsiz v\u00fccuduna, k\u0131r\u0131lgan fizi\u011fine ve t\u00fcm sa\u011fl\u0131k problemlerinera\u011fmen tek bir hayali vard\u0131: D\u00fcnyan\u0131n en iyi futbolcusu olmak&#8230;Bu u\u011furda y\u0131lmadan \u00e7al\u0131\u015ft\u0131, hedeflerinden hi\u00e7 vazge\u00e7medi, on \u00fc\u00e7 ya\u015f\u0131nda futbol camias\u0131n\u0131n en \u00fcnl\u00fc kul\u00fcplerindenbiri olan Barcelona\u2019ya transfer oldu. \u0130\u015fte b\u00f6yle ba\u015flad\u0131 Lionel\u2019in \u2018Messi\u2019 olma \u00f6yk\u00fcs\u00fc.Att\u0131\u011f\u0131 gollerle milyonlar\u0131 sevince bo\u011fan, ak\u0131l almaz \u00e7al\u0131mlar\u0131yla taraftarlara \u00e2deta bir futbol \u015f\u00f6leni ya\u015fatan,k\u0131r\u0131lmad\u0131k rekor b\u0131rakmayan Messi\u2019nin D\u00fcnya Kupas\u0131 \u015eampiyonlu\u011fu\u2019na uzanan hik\u00e2yesi t\u00fcm d\u00fcnyay\u0131 oldu\u011fu gibisizi de b\u00fcy\u00fcleyecek!<\/p>\n","protected":false},"excerpt":{"rendered":"<p>2023 y\u0131l\u0131 g\u00fcncel bilgileriyle!Ye\u015fil sahalara ad\u0131m\u0131n\u0131 ilk att\u0131\u011f\u0131nda hen\u00fcz be\u015f ya\u015f\u0131ndayd\u0131 Lionel. Y\u00fcr\u00fcmeyi \u00f6\u011frenir \u00f6\u011frenmez topu aya\u011f\u0131nda bulmu\u015fve futbol oynamak i\u00e7in do\u011fdu\u011funu anlam\u0131\u015ft\u0131. \u00c7elimsiz v\u00fccuduna, k\u0131r\u0131lgan<span class=\"excerpt-hellip\"> [\u2026]<\/span><\/p>\n","protected":false},"featured_media":0,"template":"","meta":{"_monsterinsights_skip_tracking":false,"_monsterinsights_sitenote_active":false,"_monsterinsights_sitenote_note":"","_monsterinsights_sitenote_category":0},"product_brand":[],"product_cat":[14009,12291],"product_tag":[],"class_list":{"0":"post-770105","1":"product","2":"type-product","3":"status-publish","5":"product_cat-biyografi-otobiyografi-edebiyat","6":"product_cat-edebiyat","7":"pa_cilt-ciltsiz","8":"pa_tur-kitap","9":"pa_yayinevi-parodi-yayinlari","10":"pa_yazar-harry-coninx","12":"first","13":"instock","14":"sale","15":"shipping-taxable","16":"purchasable","17":"product-type-simple"},"_links":{"self":[{"href":"https:\/\/roveyayinevi.com.tr\/index.php\/wp-json\/wp\/v2\/product\/770105","targetHints":{"allow":["GET"]}}],"collection":[{"href":"https:\/\/roveyayinevi.com.tr\/index.php\/wp-json\/wp\/v2\/product"}],"about":[{"href":"https:\/\/roveyayinevi.com.tr\/index.php\/wp-json\/wp\/v2\/types\/product"}],"wp:attachment":[{"href":"https:\/\/roveyayinevi.com.tr\/index.php\/wp-json\/wp\/v2\/media?parent=770105"}],"wp:term":[{"taxonomy":"product_brand","embeddable":true,"href":"https:\/\/roveyayinevi.com.tr\/index.php\/wp-json\/wp\/v2\/product_brand?post=770105"},{"taxonomy":"product_cat","embeddable":true,"href":"https:\/\/roveyayinevi.com.tr\/index.php\/wp-json\/wp\/v2\/product_cat?post=770105"},{"taxonomy":"product_tag","embeddable":true,"href":"https:\/\/roveyayinevi.com.tr\/index.php\/wp-json\/wp\/v2\/product_tag?post=770105"}],"curies":[{"name":"wp","href":"https:\/\/api.w.org\/{rel}","templated":true}]}}