{"id":770103,"date":"2025-08-28T14:18:15","date_gmt":"2025-08-28T11:18:15","guid":{"rendered":"https:\/\/roveyayinevi.com.tr\/index.php\/urun\/alacakaranlik-butun-eserleri-7\/"},"modified":"2026-04-15T03:36:32","modified_gmt":"2026-04-15T00:36:32","slug":"alacakaranlik-butun-eserleri-7","status":"publish","type":"product","link":"https:\/\/roveyayinevi.com.tr\/index.php\/urun\/alacakaranlik-butun-eserleri-7\/","title":{"rendered":"Alacakaranl\u0131k &#8211; B\u00fct\u00fcn Eserleri 7"},"content":{"rendered":"<p>Sad\u0131k Hidayet, Alacakaranl\u0131k\u2019ta tekinsiz kurmaca atmosferini s\u00fcrd\u00fcr\u00fcyor. Ancak bu kez melankoli ve bireyin yaln\u0131zl\u0131\u011f\u0131n\u0131n \u00f6tesinde mistisizm, mitoloji ve bilimin s\u0131n\u0131rlar\u0131n\u0131 zorlayan bir d\u00fcnya kuruyor. Alacakaranl\u0131k, Budizm \u00f6\u011fretilerinden \u0130ran uygarl\u0131\u011f\u0131n\u0131n kadim efsanelerine, bilimkurgu \u00f6ng\u00f6r\u00fclerinden insan ruhunun karanl\u0131k labirentlerine uzanan bir \u00f6yk\u00fc evreni kuruyor. Hayal ile ger\u00e7ek, ya\u015fam ile \u00f6l\u00fcm aras\u0131ndaki o belirsiz s\u0131n\u0131rda bir perde aralan\u0131yor. Bilin\u00e7 ve ger\u00e7eklik kavramlar\u0131 sorgulan\u0131yor, kader ve yeniden do\u011fu\u015fun gizemi ke\u015ffediliyor, distopik bir gelecek tasavvuru sunuluyor. Sad\u0131k Hidayet\u2019in g\u00f6zlemdeki ustal\u0131\u011f\u0131yla parlayan kalemi, ge\u00e7mi\u015fin g\u00f6lgeleri ve gelece\u011fin bilinmezli\u011fini ayn\u0131 c\u00fcmlede bulu\u015fturuyor. Metafizik ve rasyonel d\u00fcnya aras\u0131ndaki \u00e7izgi giderek silikle\u015firken okur, bir kez daha insan ruhunun en derin korkular\u0131yla y\u00fczle\u015fmeye \u00e7a\u011fr\u0131l\u0131yor. <\/p>\n","protected":false},"excerpt":{"rendered":"<p>Sad\u0131k Hidayet, Alacakaranl\u0131k\u2019ta tekinsiz kurmaca atmosferini s\u00fcrd\u00fcr\u00fcyor. Ancak bu kez melankoli ve bireyin yaln\u0131zl\u0131\u011f\u0131n\u0131n \u00f6tesinde mistisizm, mitoloji ve bilimin s\u0131n\u0131rlar\u0131n\u0131 zorlayan bir d\u00fcnya kuruyor. Alacakaranl\u0131k, Budizm<span class=\"excerpt-hellip\"> [\u2026]<\/span><\/p>\n","protected":false},"featured_media":0,"template":"","meta":{"_monsterinsights_skip_tracking":false,"_monsterinsights_sitenote_active":false,"_monsterinsights_sitenote_note":"","_monsterinsights_sitenote_category":0},"product_brand":[],"product_cat":[12291,18202],"product_tag":[],"class_list":{"0":"post-770103","1":"product","2":"type-product","3":"status-publish","5":"product_cat-edebiyat","6":"product_cat-hikaye","7":"pa_cilt-ciltsiz","8":"pa_tur-kitap","9":"pa_yayinevi-alfa-yayinlari","10":"pa_yazar-sadik-hidayet","12":"first","13":"instock","14":"sale","15":"shipping-taxable","16":"purchasable","17":"product-type-simple"},"_links":{"self":[{"href":"https:\/\/roveyayinevi.com.tr\/index.php\/wp-json\/wp\/v2\/product\/770103","targetHints":{"allow":["GET"]}}],"collection":[{"href":"https:\/\/roveyayinevi.com.tr\/index.php\/wp-json\/wp\/v2\/product"}],"about":[{"href":"https:\/\/roveyayinevi.com.tr\/index.php\/wp-json\/wp\/v2\/types\/product"}],"wp:attachment":[{"href":"https:\/\/roveyayinevi.com.tr\/index.php\/wp-json\/wp\/v2\/media?parent=770103"}],"wp:term":[{"taxonomy":"product_brand","embeddable":true,"href":"https:\/\/roveyayinevi.com.tr\/index.php\/wp-json\/wp\/v2\/product_brand?post=770103"},{"taxonomy":"product_cat","embeddable":true,"href":"https:\/\/roveyayinevi.com.tr\/index.php\/wp-json\/wp\/v2\/product_cat?post=770103"},{"taxonomy":"product_tag","embeddable":true,"href":"https:\/\/roveyayinevi.com.tr\/index.php\/wp-json\/wp\/v2\/product_tag?post=770103"}],"curies":[{"name":"wp","href":"https:\/\/api.w.org\/{rel}","templated":true}]}}