{"id":770099,"date":"2025-08-28T14:18:06","date_gmt":"2025-08-28T11:18:06","guid":{"rendered":"https:\/\/roveyayinevi.com.tr\/index.php\/urun\/merlin-8-olumcul-buyu\/"},"modified":"2026-04-15T03:36:32","modified_gmt":"2026-04-15T00:36:32","slug":"merlin-8-olumcul-buyu","status":"publish","type":"product","link":"https:\/\/roveyayinevi.com.tr\/index.php\/urun\/merlin-8-olumcul-buyu\/","title":{"rendered":"Merlin 8 \u2013 \u00d6l\u00fcmc\u00fcl B\u00fcy\u00fc"},"content":{"rendered":"<p>\u00d6yle bir karanl\u0131k \u00e7\u00f6km\u00fc\u015ft\u00fc ki Avalon\u2019un \u00fczerine, g\u00fcn bir daha hi\u00e7 u\u011framayacak gibiydi bu diyarlara. G\u00f6kten alevler ya\u011f\u0131yor, her yerden umulmad\u0131k d\u00fc\u015fmanlar peydah oluyor; k\u00f6t\u00fcl\u00fck de bu heng\u00e2menin tad\u0131n\u0131 \u00e7\u0131kartarak gitgide b\u00fcy\u00fcyordu. Koca ejderha Basilgarrad bile etraf\u0131n\u0131 saran bu k\u00f6t\u00fcl\u00fckle nas\u0131l ba\u015fa \u00e7\u0131kaca\u011f\u0131n\u0131 bilmiyordu. Yaln\u0131z hissediyordu kendini. Yapayaln\u0131z\u2026 Lakin zaman birlik zaman\u0131yd\u0131; darg\u0131nl\u0131klar sona erip yepyeni ba\u011flar kurulurken diyar\u0131n d\u00f6rt bir yan\u0131nda tehlike \u00e7anlar\u0131 \u00e7almaya devam ediyordu. Yoksa Avalon karanl\u0131\u011fa esir mi d\u00fc\u015fecekti? Daha da \u00f6tesi Basilgarrad ve Merlin\u2019in kadim dostlu\u011fu tek ba\u015f\u0131na yetebilecek miydi bu sava\u015f\u0131 bitirmeye?<\/p>\n","protected":false},"excerpt":{"rendered":"<p>\u00d6yle bir karanl\u0131k \u00e7\u00f6km\u00fc\u015ft\u00fc ki Avalon\u2019un \u00fczerine, g\u00fcn bir daha hi\u00e7 u\u011framayacak gibiydi bu diyarlara. G\u00f6kten alevler ya\u011f\u0131yor, her yerden umulmad\u0131k d\u00fc\u015fmanlar peydah oluyor; k\u00f6t\u00fcl\u00fck de<span class=\"excerpt-hellip\"> [\u2026]<\/span><\/p>\n","protected":false},"featured_media":0,"template":"","meta":{"_monsterinsights_skip_tracking":false,"_monsterinsights_sitenote_active":false,"_monsterinsights_sitenote_note":"","_monsterinsights_sitenote_category":0},"product_brand":[],"product_cat":[12291,14777],"product_tag":[],"class_list":{"0":"post-770099","1":"product","2":"type-product","3":"status-publish","5":"product_cat-edebiyat","6":"product_cat-fantastik","7":"pa_cilt-ciltsiz","8":"pa_tur-kitap","9":"pa_yayinevi-parodi-yayinlari","10":"pa_yazar-t-a-barron","12":"first","13":"instock","14":"sale","15":"shipping-taxable","16":"purchasable","17":"product-type-simple"},"_links":{"self":[{"href":"https:\/\/roveyayinevi.com.tr\/index.php\/wp-json\/wp\/v2\/product\/770099","targetHints":{"allow":["GET"]}}],"collection":[{"href":"https:\/\/roveyayinevi.com.tr\/index.php\/wp-json\/wp\/v2\/product"}],"about":[{"href":"https:\/\/roveyayinevi.com.tr\/index.php\/wp-json\/wp\/v2\/types\/product"}],"wp:attachment":[{"href":"https:\/\/roveyayinevi.com.tr\/index.php\/wp-json\/wp\/v2\/media?parent=770099"}],"wp:term":[{"taxonomy":"product_brand","embeddable":true,"href":"https:\/\/roveyayinevi.com.tr\/index.php\/wp-json\/wp\/v2\/product_brand?post=770099"},{"taxonomy":"product_cat","embeddable":true,"href":"https:\/\/roveyayinevi.com.tr\/index.php\/wp-json\/wp\/v2\/product_cat?post=770099"},{"taxonomy":"product_tag","embeddable":true,"href":"https:\/\/roveyayinevi.com.tr\/index.php\/wp-json\/wp\/v2\/product_tag?post=770099"}],"curies":[{"name":"wp","href":"https:\/\/api.w.org\/{rel}","templated":true}]}}