{"id":770094,"date":"2025-08-28T14:17:52","date_gmt":"2025-08-28T11:17:52","guid":{"rendered":"https:\/\/roveyayinevi.com.tr\/index.php\/urun\/ay-isigi-sokagi-5\/"},"modified":"2026-04-15T03:36:31","modified_gmt":"2026-04-15T00:36:31","slug":"ay-isigi-sokagi-5","status":"publish","type":"product","link":"https:\/\/roveyayinevi.com.tr\/index.php\/urun\/ay-isigi-sokagi-5\/","title":{"rendered":"Ay I\u015f\u0131\u011f\u0131 Soka\u011f\u0131"},"content":{"rendered":"<p>Her pencerenin ard\u0131nda bir yazg\u0131 vard\u0131; her kap\u0131 ba\u015fka bir maceraya a\u00e7\u0131l\u0131r, her ev farkl\u0131 bir hik\u00e2ye anlat\u0131rd\u0131. Her ruh bir \u00f6tekinden ayr\u0131 sanc\u0131r, her y\u00fcrek ayr\u0131 \u00e7arpard\u0131. Hatas\u0131z insan yoktu; herkes arada dibe vurur, pi\u015fman olaca\u011f\u0131 \u015feyler yapard\u0131. Baz\u0131lar\u0131 yola devam eder, baz\u0131lar\u0131 da d\u00fc\u015ft\u00fc\u011f\u00fc yerde \u00f6ylece tak\u0131l\u0131p kal\u0131rd\u0131. Orada o kadar uzun zaman dururdu ki sonunda hatalar\u0131na d\u00f6n\u00fc\u015f\u00fcrd\u00fc; ya\u015famdan tat alamaz, tutunacak bir dal bulamazd\u0131. Hayat bazen \u00e7ok ac\u0131mas\u0131zd\u0131. Bir olan iki g\u00f6nl\u00fc al\u0131r en ufak par\u00e7alar\u0131na ay\u0131r\u0131rd\u0131. Birbirinden uzak d\u00fc\u015fm\u00fc\u015f, k\u0131rg\u0131n iki y\u00fcre\u011fin hik\u00e2yesidir bu i\u015fte. Parampar\u00e7a iki g\u00f6n\u00fcl var diye anlat\u0131l\u0131r, oysa birlerdi \u00e7ok vakit \u00f6nce. Stefan Zweig kendi k\u0131rg\u0131n kalbini yazd\u0131klar\u0131na s\u0131\u011fd\u0131rd\u0131 ve her kap\u0131n\u0131n ard\u0131na ba\u015fka ba\u015fka hik\u00e2yeler b\u0131rakt\u0131. \u0130nsana insan\u0131 ve hayat\u0131 anlatt\u0131. Okurlar\u0131na da \u00f6yk\u00fcleri arac\u0131l\u0131\u011f\u0131yla bu kap\u0131lardan ge\u00e7ip hepsi de birbirinden farkl\u0131 d\u00fcnyalarda bazen kaybolmak fakat \u00e7o\u011funlukla kendini bulmak kald\u0131.<\/p>\n","protected":false},"excerpt":{"rendered":"<p>Her pencerenin ard\u0131nda bir yazg\u0131 vard\u0131; her kap\u0131 ba\u015fka bir maceraya a\u00e7\u0131l\u0131r, her ev farkl\u0131 bir hik\u00e2ye anlat\u0131rd\u0131. Her ruh bir \u00f6tekinden ayr\u0131 sanc\u0131r, her y\u00fcrek<span class=\"excerpt-hellip\"> [\u2026]<\/span><\/p>\n","protected":false},"featured_media":0,"template":"","meta":{"_monsterinsights_skip_tracking":false,"_monsterinsights_sitenote_active":false,"_monsterinsights_sitenote_note":"","_monsterinsights_sitenote_category":0},"product_brand":[],"product_cat":[12291,12711],"product_tag":[],"class_list":{"0":"post-770094","1":"product","2":"type-product","3":"status-publish","5":"product_cat-edebiyat","6":"product_cat-roman-oyku","7":"pa_cilt-ciltsiz","8":"pa_tur-kitap","9":"pa_yayinevi-parodi-yayinlari","10":"pa_yazar-stefan-zweig","12":"first","13":"instock","14":"sale","15":"shipping-taxable","16":"purchasable","17":"product-type-simple"},"_links":{"self":[{"href":"https:\/\/roveyayinevi.com.tr\/index.php\/wp-json\/wp\/v2\/product\/770094","targetHints":{"allow":["GET"]}}],"collection":[{"href":"https:\/\/roveyayinevi.com.tr\/index.php\/wp-json\/wp\/v2\/product"}],"about":[{"href":"https:\/\/roveyayinevi.com.tr\/index.php\/wp-json\/wp\/v2\/types\/product"}],"wp:attachment":[{"href":"https:\/\/roveyayinevi.com.tr\/index.php\/wp-json\/wp\/v2\/media?parent=770094"}],"wp:term":[{"taxonomy":"product_brand","embeddable":true,"href":"https:\/\/roveyayinevi.com.tr\/index.php\/wp-json\/wp\/v2\/product_brand?post=770094"},{"taxonomy":"product_cat","embeddable":true,"href":"https:\/\/roveyayinevi.com.tr\/index.php\/wp-json\/wp\/v2\/product_cat?post=770094"},{"taxonomy":"product_tag","embeddable":true,"href":"https:\/\/roveyayinevi.com.tr\/index.php\/wp-json\/wp\/v2\/product_tag?post=770094"}],"curies":[{"name":"wp","href":"https:\/\/api.w.org\/{rel}","templated":true}]}}