{"id":770093,"date":"2025-08-28T14:17:50","date_gmt":"2025-08-28T11:17:50","guid":{"rendered":"https:\/\/roveyayinevi.com.tr\/index.php\/urun\/babaya-mektup-14\/"},"modified":"2026-04-15T03:36:31","modified_gmt":"2026-04-15T00:36:31","slug":"babaya-mektup-14","status":"publish","type":"product","link":"https:\/\/roveyayinevi.com.tr\/index.php\/urun\/babaya-mektup-14\/","title":{"rendered":"Babaya Mektup"},"content":{"rendered":"<p>Ac\u0131lar\u0131n zamanla dindi\u011fini s\u00f6yleyenler hakl\u0131 m\u0131d\u0131r yoksa hep orada kal\u0131rlar da insanlar onlar\u0131 g\u00f6rmezden gelmeyi mi \u00f6\u011frenir? Peki ya bunu \u00f6\u011frenemeyenler? Yetemeyenler, ba\u015faramayanlar, sevemeyen ve sevilemeyenler? Ac\u0131lar\u0131n\u0131 m\u0131 \u00f6rterler yaralar\u0131n\u0131n \u00fcst\u00fcne? Yaln\u0131z onlara yeter, yaln\u0131z onlar\u0131 m\u0131 severler? Ya\u015famay\u0131 ba\u015faramad\u0131k\u00e7a \u00e7aresiz hisseden, \u00e7aresiz hissettik\u00e7e beceremedi\u011fi ne varsa tek tek pe\u015fine d\u00fc\u015fen bir adam\u0131n babas\u0131na yazd\u0131\u011f\u0131 uzun mu uzun, keder y\u00fckl\u00fc hat\u0131ralarla ku\u015fat\u0131lm\u0131\u015f bir mektuptur bu. \u201cSen d\u00fcnyada nerede de\u011filsen, nereye ula\u015famazsan ben orada nefes alabilirmi\u015fim gibi geliyor,\u201d der babas\u0131na mektubunda ama bunu bile beceremez \u00e7\u00fcnk\u00fc ondan ayr\u0131 bir hayat d\u00fc\u015f\u00fcnemez. Edebiyat\u0131n usta kalemlerinden Kafka, babas\u0131ndan nas\u0131l etkilendi\u011fini, nas\u0131l bu h\u00e2le geldi\u011fini anlat\u0131r sat\u0131r sat\u0131r ve ya\u015fam\u0131ndan kap\u0131lar aralay\u0131p an\u0131lar\u0131n\u0131 okuyanlar\u0131n \u00f6n\u00fcne y\u0131\u011far. Bize d\u00fc\u015fense bari \u015fimdi birileri onu anlas\u0131n diye diri tutmakt\u0131r anlatt\u0131klar\u0131n\u0131. Sahi t\u00fcm ya\u015fam\u0131n\u0131 asla y\u0131kamad\u0131\u011f\u0131 bir g\u00fcc\u00fcn g\u00f6lgesinde, onun a\u011f\u0131rl\u0131\u011f\u0131n\u0131n alt\u0131nda ezilerek ge\u00e7irmi\u015f bir adam\u0131n m\u00fcmk\u00fcn m\u00fcd\u00fcr hayata tutunmas\u0131?<\/p>\n","protected":false},"excerpt":{"rendered":"<p>Ac\u0131lar\u0131n zamanla dindi\u011fini s\u00f6yleyenler hakl\u0131 m\u0131d\u0131r yoksa hep orada kal\u0131rlar da insanlar onlar\u0131 g\u00f6rmezden gelmeyi mi \u00f6\u011frenir? Peki ya bunu \u00f6\u011frenemeyenler? Yetemeyenler, ba\u015faramayanlar, sevemeyen ve sevilemeyenler?<span class=\"excerpt-hellip\"> [\u2026]<\/span><\/p>\n","protected":false},"featured_media":0,"template":"","meta":{"_monsterinsights_skip_tracking":false,"_monsterinsights_sitenote_active":false,"_monsterinsights_sitenote_note":"","_monsterinsights_sitenote_category":0},"product_brand":[],"product_cat":[12291,13872],"product_tag":[],"class_list":{"0":"post-770093","1":"product","2":"type-product","3":"status-publish","5":"product_cat-edebiyat","6":"product_cat-klasikler","7":"pa_cilt-ciltsiz","8":"pa_tur-kitap","9":"pa_yayinevi-parodi-yayinlari","10":"pa_yazar-franz-kafka","12":"first","13":"instock","14":"sale","15":"shipping-taxable","16":"purchasable","17":"product-type-simple"},"_links":{"self":[{"href":"https:\/\/roveyayinevi.com.tr\/index.php\/wp-json\/wp\/v2\/product\/770093","targetHints":{"allow":["GET"]}}],"collection":[{"href":"https:\/\/roveyayinevi.com.tr\/index.php\/wp-json\/wp\/v2\/product"}],"about":[{"href":"https:\/\/roveyayinevi.com.tr\/index.php\/wp-json\/wp\/v2\/types\/product"}],"wp:attachment":[{"href":"https:\/\/roveyayinevi.com.tr\/index.php\/wp-json\/wp\/v2\/media?parent=770093"}],"wp:term":[{"taxonomy":"product_brand","embeddable":true,"href":"https:\/\/roveyayinevi.com.tr\/index.php\/wp-json\/wp\/v2\/product_brand?post=770093"},{"taxonomy":"product_cat","embeddable":true,"href":"https:\/\/roveyayinevi.com.tr\/index.php\/wp-json\/wp\/v2\/product_cat?post=770093"},{"taxonomy":"product_tag","embeddable":true,"href":"https:\/\/roveyayinevi.com.tr\/index.php\/wp-json\/wp\/v2\/product_tag?post=770093"}],"curies":[{"name":"wp","href":"https:\/\/api.w.org\/{rel}","templated":true}]}}