{"id":770089,"date":"2025-08-28T14:17:41","date_gmt":"2025-08-28T11:17:41","guid":{"rendered":"https:\/\/roveyayinevi.com.tr\/index.php\/urun\/rafa-silva-sahanin-yildizlari\/"},"modified":"2026-04-15T03:36:31","modified_gmt":"2026-04-15T00:36:31","slug":"rafa-silva-sahanin-yildizlari","status":"publish","type":"product","link":"https:\/\/roveyayinevi.com.tr\/index.php\/urun\/rafa-silva-sahanin-yildizlari\/","title":{"rendered":"Rafa Silva &#8211; Sahan\u0131n Y\u0131ld\u0131zlar\u0131"},"content":{"rendered":"<p>Rafa Silva, \u00e7ocuklu\u011fundan beri ne zaman yaln\u0131z kalmak istese kendini evinin duvar\u0131n\u0131n dibinde top oynarken bulurdu. \u0130lk kez orada, babas\u0131n\u0131n hediye etti\u011fi k\u00fc\u00e7\u00fck topla \u00f6zg\u00fcrce oynama f\u0131rsat\u0131 bulmu\u015f, i\u00e7indeki futbol sevgisini ke\u015ffetmi\u015fti \u00e7\u00fcnk\u00fc.Durmadan \u00e7al\u0131\u015ft\u0131; her f\u0131rsatta topun pe\u015finden ko\u015ftu, tekniklerini geli\u015ftirdi. K\u00fc\u00e7\u00fck ya\u015f\u0131na ra\u011fmen azmi sayesinde top kontrol\u00fcnde ustala\u015ft\u0131, h\u0131z\u0131yla \u00e7evresindekileri kendisine hayran b\u0131rakt\u0131. Hayat bir g\u00fcn onu memleketinden \u00e7ok uzaklara savursa da o, ailesinin sevgisini ve arkada\u015flar\u0131n\u0131n deste\u011fini her zaman y\u00fcre\u011finde ta\u015f\u0131d\u0131.Ola\u011fan\u00fcst\u00fc h\u0131z\u0131 ve \u00fcst\u00fcn oyun zek\u00e2s\u0131 sayesinde Benfica\u2019da sadece bir oyuncu de\u011fil, ayn\u0131 zamanda bir lider h\u00e2line geldi. \u015eimdi, Be\u015fikta\u015f ile yeni bir maceraya at\u0131lan Rafa\u2019n\u0131n hik\u00e2yesi, kararl\u0131l\u0131k ve inanc\u0131n her t\u00fcrl\u00fc engelin \u00fcstesinden gelebilece\u011fini bir kez daha g\u00f6steriyor.<\/p>\n","protected":false},"excerpt":{"rendered":"<p>Rafa Silva, \u00e7ocuklu\u011fundan beri ne zaman yaln\u0131z kalmak istese kendini evinin duvar\u0131n\u0131n dibinde top oynarken bulurdu. \u0130lk kez orada, babas\u0131n\u0131n hediye etti\u011fi k\u00fc\u00e7\u00fck topla \u00f6zg\u00fcrce oynama<span class=\"excerpt-hellip\"> [\u2026]<\/span><\/p>\n","protected":false},"featured_media":0,"template":"","meta":{"_monsterinsights_skip_tracking":false,"_monsterinsights_sitenote_active":false,"_monsterinsights_sitenote_note":"","_monsterinsights_sitenote_category":0},"product_brand":[],"product_cat":[14009,12291],"product_tag":[],"class_list":{"0":"post-770089","1":"product","2":"type-product","3":"status-publish","5":"product_cat-biyografi-otobiyografi-edebiyat","6":"product_cat-edebiyat","7":"pa_cilt-ciltsiz","8":"pa_tur-kitap","9":"pa_yayinevi-parodi-yayinlari","10":"pa_yazar-omer-fikret-sen","12":"first","13":"instock","14":"sale","15":"shipping-taxable","16":"purchasable","17":"product-type-simple"},"_links":{"self":[{"href":"https:\/\/roveyayinevi.com.tr\/index.php\/wp-json\/wp\/v2\/product\/770089","targetHints":{"allow":["GET"]}}],"collection":[{"href":"https:\/\/roveyayinevi.com.tr\/index.php\/wp-json\/wp\/v2\/product"}],"about":[{"href":"https:\/\/roveyayinevi.com.tr\/index.php\/wp-json\/wp\/v2\/types\/product"}],"wp:attachment":[{"href":"https:\/\/roveyayinevi.com.tr\/index.php\/wp-json\/wp\/v2\/media?parent=770089"}],"wp:term":[{"taxonomy":"product_brand","embeddable":true,"href":"https:\/\/roveyayinevi.com.tr\/index.php\/wp-json\/wp\/v2\/product_brand?post=770089"},{"taxonomy":"product_cat","embeddable":true,"href":"https:\/\/roveyayinevi.com.tr\/index.php\/wp-json\/wp\/v2\/product_cat?post=770089"},{"taxonomy":"product_tag","embeddable":true,"href":"https:\/\/roveyayinevi.com.tr\/index.php\/wp-json\/wp\/v2\/product_tag?post=770089"}],"curies":[{"name":"wp","href":"https:\/\/api.w.org\/{rel}","templated":true}]}}