{"id":770088,"date":"2025-08-28T14:17:39","date_gmt":"2025-08-28T11:17:39","guid":{"rendered":"https:\/\/roveyayinevi.com.tr\/index.php\/urun\/blackpink-jisoo-k-pop-yildizlari\/"},"modified":"2026-04-15T03:36:31","modified_gmt":"2026-04-15T00:36:31","slug":"blackpink-jisoo-k-pop-yildizlari","status":"publish","type":"product","link":"https:\/\/roveyayinevi.com.tr\/index.php\/urun\/blackpink-jisoo-k-pop-yildizlari\/","title":{"rendered":"Blackpink Jisoo &#8211; K-Pop Y\u0131ld\u0131zlar\u0131"},"content":{"rendered":"<p>D\u00fcnyaca \u00fcnl\u00fc BLACKPINK\u2019in duru sesi Jisoo, zorluklar\u0131n \u00fcstesinden gelmeye k\u00fc\u00e7\u00fck ya\u015flarda ba\u015flar ve her se\u00e7mede izleyenleri kendisine hayran b\u0131rakarak ola\u011fan\u00fcst\u00fc bir yetene\u011fe d\u00f6n\u00fc\u015f\u00fcr. Bu inan\u0131lmaz yolculukta hayallerin ger\u00e7ekle\u015fmek i\u00e7in var oldu\u011funu herkese kan\u0131tlar. Ne var ki sadece yetenekli olmak yeterli de\u011fildir; \u015f\u00f6hretin getirdi\u011fi zorluklar da ba\u015fka bir s\u0131navd\u0131r. BLACKPINK\u2019in d\u00fcnya \u00e7ap\u0131nda milyonlar\u0131 pe\u015finden s\u00fcr\u00fckleyen turlar\u0131 s\u0131ras\u0131nda sahnenin ihti\u015fam\u0131 kadar a\u011f\u0131r sorumlulu\u011fuyla da y\u00fczle\u015fir. Fakat o Jisoo\u2019dur. Bir kez olsun vazge\u00e7mez, pes etmeden \u00e7al\u0131\u015f\u0131r ve bir idol olman\u0131n \u00e7ok \u00f6tesine ge\u00e7er.Jisoo\u2019nun m\u00fczikle ve kendisiyle kurdu\u011fu bu derin ba\u011f\u0131 okurken zorluklar\u0131n insan\u0131 nas\u0131l g\u00fc\u00e7lendirdi\u011fini g\u00f6recek ve onun att\u0131\u011f\u0131 her ad\u0131mda kendi yolculu\u011funuz i\u00e7in ilham bulacaks\u0131n\u0131z.\u0130\u015fte \u015fimdi! Sahne Jisoo\u2019nun&#8230;<\/p>\n","protected":false},"excerpt":{"rendered":"<p>D\u00fcnyaca \u00fcnl\u00fc BLACKPINK\u2019in duru sesi Jisoo, zorluklar\u0131n \u00fcstesinden gelmeye k\u00fc\u00e7\u00fck ya\u015flarda ba\u015flar ve her se\u00e7mede izleyenleri kendisine hayran b\u0131rakarak ola\u011fan\u00fcst\u00fc bir yetene\u011fe d\u00f6n\u00fc\u015f\u00fcr. Bu inan\u0131lmaz yolculukta<span class=\"excerpt-hellip\"> [\u2026]<\/span><\/p>\n","protected":false},"featured_media":0,"template":"","meta":{"_monsterinsights_skip_tracking":false,"_monsterinsights_sitenote_active":false,"_monsterinsights_sitenote_note":"","_monsterinsights_sitenote_category":0},"product_brand":[],"product_cat":[12274,12631],"product_tag":[],"class_list":{"0":"post-770088","1":"product","2":"type-product","3":"status-publish","5":"product_cat-cocuk-ve-genclik-kitaplari","6":"product_cat-diger-cocuk-ve-genclik-kitaplari","7":"pa_cilt-ciltsiz","8":"pa_tur-kitap","9":"pa_yayinevi-parodi-yayinlari","10":"pa_yazar-cihan-ozata","12":"first","13":"instock","14":"sale","15":"shipping-taxable","16":"purchasable","17":"product-type-simple"},"_links":{"self":[{"href":"https:\/\/roveyayinevi.com.tr\/index.php\/wp-json\/wp\/v2\/product\/770088","targetHints":{"allow":["GET"]}}],"collection":[{"href":"https:\/\/roveyayinevi.com.tr\/index.php\/wp-json\/wp\/v2\/product"}],"about":[{"href":"https:\/\/roveyayinevi.com.tr\/index.php\/wp-json\/wp\/v2\/types\/product"}],"wp:attachment":[{"href":"https:\/\/roveyayinevi.com.tr\/index.php\/wp-json\/wp\/v2\/media?parent=770088"}],"wp:term":[{"taxonomy":"product_brand","embeddable":true,"href":"https:\/\/roveyayinevi.com.tr\/index.php\/wp-json\/wp\/v2\/product_brand?post=770088"},{"taxonomy":"product_cat","embeddable":true,"href":"https:\/\/roveyayinevi.com.tr\/index.php\/wp-json\/wp\/v2\/product_cat?post=770088"},{"taxonomy":"product_tag","embeddable":true,"href":"https:\/\/roveyayinevi.com.tr\/index.php\/wp-json\/wp\/v2\/product_tag?post=770088"}],"curies":[{"name":"wp","href":"https:\/\/api.w.org\/{rel}","templated":true}]}}