{"id":770086,"date":"2025-08-28T14:17:34","date_gmt":"2025-08-28T11:17:34","guid":{"rendered":"https:\/\/roveyayinevi.com.tr\/index.php\/urun\/blackpink-jennie-k-pop-yildizlari\/"},"modified":"2026-04-15T03:36:31","modified_gmt":"2026-04-15T00:36:31","slug":"blackpink-jennie-k-pop-yildizlari","status":"publish","type":"product","link":"https:\/\/roveyayinevi.com.tr\/index.php\/urun\/blackpink-jennie-k-pop-yildizlari\/","title":{"rendered":"Blackpink Jennie &#8211; K-Pop Y\u0131ld\u0131zlar\u0131"},"content":{"rendered":"<p>G\u00fcney Kore\u2019den Yeni Zelanda\u2019ya uzanan yaln\u0131z bir \u00e7ocukluk, zorluklarla dolu stajyerlik y\u0131llar\u0131 ve ard\u0131ndan t\u00fcm d\u00fcnyay\u0131 ele ge\u00e7iren ola\u011fan\u00fcst\u00fc bir ba\u015far\u0131 hik\u00e2yesi.Zirveye ula\u015fmak i\u00e7in risk almas\u0131 gerekti\u011fini iyi bilen Jennie, her \u015feye ra\u011fmen tutkusunun pe\u015finden gitti ve d\u00fcnya \u00e7ap\u0131nda fenomene d\u00f6n\u00fc\u015fecek olan BLACKPINK\u2019e ad\u0131n\u0131 yazd\u0131ran ilk \u00fcye oldu. Ancak as\u0131l macera \u015fimdi ba\u015fl\u0131yordu. Sahne arkas\u0131ndaki zorluklar, dev konserlerin nefes kesen haz\u0131rl\u0131klar\u0131 ve beklenmedik kararlar bu yolda onu bekliyordu.Hayat\u0131n\u0131 m\u00fczik ve dansa adayan Jennie\u2019nin kendi kaderini nas\u0131l yazd\u0131\u011f\u0131na \u015fahit olacak ve verdi\u011fi b\u00fcy\u00fck m\u00fccadeleye hayran kalacaks\u0131n\u0131z.Haz\u0131r m\u0131s\u0131n\u0131z? Sahne \u015fimdi Jennie\u2019nin!<\/p>\n","protected":false},"excerpt":{"rendered":"<p>G\u00fcney Kore\u2019den Yeni Zelanda\u2019ya uzanan yaln\u0131z bir \u00e7ocukluk, zorluklarla dolu stajyerlik y\u0131llar\u0131 ve ard\u0131ndan t\u00fcm d\u00fcnyay\u0131 ele ge\u00e7iren ola\u011fan\u00fcst\u00fc bir ba\u015far\u0131 hik\u00e2yesi.Zirveye ula\u015fmak i\u00e7in risk almas\u0131<span class=\"excerpt-hellip\"> [\u2026]<\/span><\/p>\n","protected":false},"featured_media":0,"template":"","meta":{"_monsterinsights_skip_tracking":false,"_monsterinsights_sitenote_active":false,"_monsterinsights_sitenote_note":"","_monsterinsights_sitenote_category":0},"product_brand":[],"product_cat":[12274,12631],"product_tag":[],"class_list":{"0":"post-770086","1":"product","2":"type-product","3":"status-publish","5":"product_cat-cocuk-ve-genclik-kitaplari","6":"product_cat-diger-cocuk-ve-genclik-kitaplari","7":"pa_cilt-ciltsiz","8":"pa_tur-kitap","9":"pa_yayinevi-parodi-yayinlari","10":"pa_yazar-cihan-ozata","12":"first","13":"instock","14":"sale","15":"shipping-taxable","16":"purchasable","17":"product-type-simple"},"_links":{"self":[{"href":"https:\/\/roveyayinevi.com.tr\/index.php\/wp-json\/wp\/v2\/product\/770086","targetHints":{"allow":["GET"]}}],"collection":[{"href":"https:\/\/roveyayinevi.com.tr\/index.php\/wp-json\/wp\/v2\/product"}],"about":[{"href":"https:\/\/roveyayinevi.com.tr\/index.php\/wp-json\/wp\/v2\/types\/product"}],"wp:attachment":[{"href":"https:\/\/roveyayinevi.com.tr\/index.php\/wp-json\/wp\/v2\/media?parent=770086"}],"wp:term":[{"taxonomy":"product_brand","embeddable":true,"href":"https:\/\/roveyayinevi.com.tr\/index.php\/wp-json\/wp\/v2\/product_brand?post=770086"},{"taxonomy":"product_cat","embeddable":true,"href":"https:\/\/roveyayinevi.com.tr\/index.php\/wp-json\/wp\/v2\/product_cat?post=770086"},{"taxonomy":"product_tag","embeddable":true,"href":"https:\/\/roveyayinevi.com.tr\/index.php\/wp-json\/wp\/v2\/product_tag?post=770086"}],"curies":[{"name":"wp","href":"https:\/\/api.w.org\/{rel}","templated":true}]}}