{"id":770085,"date":"2025-08-28T14:17:32","date_gmt":"2025-08-28T11:17:32","guid":{"rendered":"https:\/\/roveyayinevi.com.tr\/index.php\/urun\/blackpink-lisa-k-pop-yildizlari\/"},"modified":"2026-04-15T03:36:31","modified_gmt":"2026-04-15T00:36:31","slug":"blackpink-lisa-k-pop-yildizlari","status":"publish","type":"product","link":"https:\/\/roveyayinevi.com.tr\/index.php\/urun\/blackpink-lisa-k-pop-yildizlari\/","title":{"rendered":"Blackpink Lisa &#8211; K-Pop Y\u0131ld\u0131zlar\u0131"},"content":{"rendered":"<p>Tayland\u2019dan yola \u00e7\u0131kan k\u00fc\u00e7\u00fck Lisa \u00e7ok \u00e7al\u0131\u015ft\u0131, \u00e7ok yoruldu ama bir an olsun pes etmedi. Y\u0131llar s\u00fcren \u00e7abalar\u0131n\u0131n sonucuysa belki de hayallerinin \u00e7ok \u00f6tesindeydi.BLACKPINK\u2019le ba\u015flayan kariyeri onu milyonlar\u0131n sevgilisi yaparken \u015fark\u0131lar\u0131 d\u00fcnya \u00e7ap\u0131nda milyonlarca kez dinlendi, hayran kitlesi d\u00f6rt bir yana yay\u0131ld\u0131. M\u00fczik d\u00fcnyas\u0131nda iz b\u0131rakan bu ser\u00fcven onu yaln\u0131zca bir idol de\u011fil, k\u00fcresel bir ikon h\u00e2line getirdi.Zorluklarla dolu bu yolculukta, cesareti ve kararl\u0131l\u0131\u011f\u0131yla hayallerine do\u011fru hi\u00e7 durmadan y\u00fcr\u00fcd\u00fc. Her ad\u0131m\u0131nda s\u0131n\u0131rlar\u0131 zorlayan Lisa, azmi ve tutkusu sayesinde zirveye ula\u015ft\u0131. K-Pop d\u00fcnyas\u0131nda ad\u0131n\u0131 unutulmazlar aras\u0131na yazd\u0131rarak BLACKPINK\u2019in en parlak y\u0131ld\u0131zlar\u0131ndan biri oldu.Ve i\u015fte o an! Sahne Lisa\u2019n\u0131n.<\/p>\n","protected":false},"excerpt":{"rendered":"<p>Tayland\u2019dan yola \u00e7\u0131kan k\u00fc\u00e7\u00fck Lisa \u00e7ok \u00e7al\u0131\u015ft\u0131, \u00e7ok yoruldu ama bir an olsun pes etmedi. Y\u0131llar s\u00fcren \u00e7abalar\u0131n\u0131n sonucuysa belki de hayallerinin \u00e7ok \u00f6tesindeydi.BLACKPINK\u2019le ba\u015flayan kariyeri<span class=\"excerpt-hellip\"> [\u2026]<\/span><\/p>\n","protected":false},"featured_media":0,"template":"","meta":{"_monsterinsights_skip_tracking":false,"_monsterinsights_sitenote_active":false,"_monsterinsights_sitenote_note":"","_monsterinsights_sitenote_category":0},"product_brand":[],"product_cat":[12274,12631],"product_tag":[],"class_list":{"0":"post-770085","1":"product","2":"type-product","3":"status-publish","5":"product_cat-cocuk-ve-genclik-kitaplari","6":"product_cat-diger-cocuk-ve-genclik-kitaplari","7":"pa_cilt-ciltsiz","8":"pa_tur-kitap","9":"pa_yayinevi-parodi-yayinlari","10":"pa_yazar-cihan-ozata","12":"first","13":"instock","14":"sale","15":"shipping-taxable","16":"purchasable","17":"product-type-simple"},"_links":{"self":[{"href":"https:\/\/roveyayinevi.com.tr\/index.php\/wp-json\/wp\/v2\/product\/770085","targetHints":{"allow":["GET"]}}],"collection":[{"href":"https:\/\/roveyayinevi.com.tr\/index.php\/wp-json\/wp\/v2\/product"}],"about":[{"href":"https:\/\/roveyayinevi.com.tr\/index.php\/wp-json\/wp\/v2\/types\/product"}],"wp:attachment":[{"href":"https:\/\/roveyayinevi.com.tr\/index.php\/wp-json\/wp\/v2\/media?parent=770085"}],"wp:term":[{"taxonomy":"product_brand","embeddable":true,"href":"https:\/\/roveyayinevi.com.tr\/index.php\/wp-json\/wp\/v2\/product_brand?post=770085"},{"taxonomy":"product_cat","embeddable":true,"href":"https:\/\/roveyayinevi.com.tr\/index.php\/wp-json\/wp\/v2\/product_cat?post=770085"},{"taxonomy":"product_tag","embeddable":true,"href":"https:\/\/roveyayinevi.com.tr\/index.php\/wp-json\/wp\/v2\/product_tag?post=770085"}],"curies":[{"name":"wp","href":"https:\/\/api.w.org\/{rel}","templated":true}]}}