{"id":770080,"date":"2025-08-28T14:17:20","date_gmt":"2025-08-28T11:17:20","guid":{"rendered":"https:\/\/roveyayinevi.com.tr\/index.php\/urun\/ibrahimovic-sahanin-yildizlari\/"},"modified":"2026-04-15T03:36:31","modified_gmt":"2026-04-15T00:36:31","slug":"ibrahimovic-sahanin-yildizlari","status":"publish","type":"product","link":"https:\/\/roveyayinevi.com.tr\/index.php\/urun\/ibrahimovic-sahanin-yildizlari\/","title":{"rendered":"Ibrahimovic &#8211; Sahan\u0131n Y\u0131ld\u0131zlar\u0131"},"content":{"rendered":"<p>Zlatan Ibrahimovi\u0107 k\u00fc\u00e7\u00fck bir \u00e7ocukken tekvandoyla tan\u0131\u015ft\u0131, ard\u0131ndan jimnasti\u011fe ad\u0131m att\u0131. \u00c7elimsiz bedeni, disiplinli antrenmanlarla g\u00fc\u00e7lenip esnekle\u015fti. Futbola heveslendi\u011findeyse kimsenin hayal dahi edemedi\u011fi hareketlerle topa h\u00fckmediyordu. Sokaklarda topla \u00e2deta dans eden bu k\u00fc\u00e7\u00fck \u00e7ocuk ileride futbolun efsane isimlerinden biri olacakt\u0131.Futbol maceras\u0131, cesareti ve kararl\u0131l\u0131\u011f\u0131 sayesinde giderek b\u00fcy\u00fcd\u00fc. Kendisine \u00f6zg\u00fc karakteri, keskin dili ve hayat\u0131n\u0131n her d\u00f6neminde kar\u015f\u0131la\u015ft\u0131\u011f\u0131 zorluklara ra\u011fmen d\u00fcnya sahnesinin parlayan y\u0131ld\u0131z\u0131na d\u00f6n\u00fc\u015ft\u00fc. Her defas\u0131nda daha \u00e7ok \u00e7al\u0131\u015ft\u0131, daha \u00e7ok istedi ve sonunda zirveye ula\u015fmay\u0131 ba\u015fard\u0131.Bu kitap, Zlatan\u2019\u0131n \u00e7ocukluk hayallerinden profesyonel kariyerine uzanan destans\u0131 yolculu\u011funu, ya\u015fad\u0131\u011f\u0131 zaferleri ve kar\u015f\u0131la\u015ft\u0131\u011f\u0131 zorluklar\u0131 b\u00fcy\u00fcleyici bir dille anlat\u0131yor. Her sayfas\u0131nda okura, kendi hayallerinin pe\u015finden gitmeleri i\u00e7in gereken ilham ve cesareti sunuyor<\/p>\n","protected":false},"excerpt":{"rendered":"<p>Zlatan Ibrahimovi\u0107 k\u00fc\u00e7\u00fck bir \u00e7ocukken tekvandoyla tan\u0131\u015ft\u0131, ard\u0131ndan jimnasti\u011fe ad\u0131m att\u0131. \u00c7elimsiz bedeni, disiplinli antrenmanlarla g\u00fc\u00e7lenip esnekle\u015fti. Futbola heveslendi\u011findeyse kimsenin hayal dahi edemedi\u011fi hareketlerle topa h\u00fckmediyordu.<span class=\"excerpt-hellip\"> [\u2026]<\/span><\/p>\n","protected":false},"featured_media":0,"template":"","meta":{"_monsterinsights_skip_tracking":false,"_monsterinsights_sitenote_active":false,"_monsterinsights_sitenote_note":"","_monsterinsights_sitenote_category":0},"product_brand":[],"product_cat":[14009,12291],"product_tag":[],"class_list":{"0":"post-770080","1":"product","2":"type-product","3":"status-publish","5":"product_cat-biyografi-otobiyografi-edebiyat","6":"product_cat-edebiyat","7":"pa_cilt-ciltsiz","8":"pa_tur-kitap","9":"pa_yayinevi-parodi-yayinlari","10":"pa_yazar-omer-fikret-sen","12":"first","13":"instock","14":"sale","15":"shipping-taxable","16":"purchasable","17":"product-type-simple"},"_links":{"self":[{"href":"https:\/\/roveyayinevi.com.tr\/index.php\/wp-json\/wp\/v2\/product\/770080","targetHints":{"allow":["GET"]}}],"collection":[{"href":"https:\/\/roveyayinevi.com.tr\/index.php\/wp-json\/wp\/v2\/product"}],"about":[{"href":"https:\/\/roveyayinevi.com.tr\/index.php\/wp-json\/wp\/v2\/types\/product"}],"wp:attachment":[{"href":"https:\/\/roveyayinevi.com.tr\/index.php\/wp-json\/wp\/v2\/media?parent=770080"}],"wp:term":[{"taxonomy":"product_brand","embeddable":true,"href":"https:\/\/roveyayinevi.com.tr\/index.php\/wp-json\/wp\/v2\/product_brand?post=770080"},{"taxonomy":"product_cat","embeddable":true,"href":"https:\/\/roveyayinevi.com.tr\/index.php\/wp-json\/wp\/v2\/product_cat?post=770080"},{"taxonomy":"product_tag","embeddable":true,"href":"https:\/\/roveyayinevi.com.tr\/index.php\/wp-json\/wp\/v2\/product_tag?post=770080"}],"curies":[{"name":"wp","href":"https:\/\/api.w.org\/{rel}","templated":true}]}}